{"id":13333,"date":"2024-11-27T20:06:42","date_gmt":"2024-11-27T19:06:42","guid":{"rendered":"https:\/\/dev-www.clinsearch.eu\/?page_id=13333"},"modified":"2025-09-22T15:05:19","modified_gmt":"2025-09-22T13:05:19","slug":"clinsearch-clinical-research-company","status":"publish","type":"page","link":"https:\/\/www.clinsearch.net\/fr\/clinsearch-clinical-research-company\/","title":{"rendered":"Histoire et valeurs"},"content":{"rendered":"<div data-elementor-type=\"wp-page\" data-elementor-id=\"13333\" class=\"elementor elementor-13333\">\n\t\t\t\t<div class=\"elementor-element elementor-element-3334147 e-con-full e-flex e-con e-parent\" data-id=\"3334147\" data-element_type=\"container\">\n\t\t<div class=\"elementor-element elementor-element-5232b02 e-con-full e-flex e-con e-child\" data-id=\"5232b02\" data-element_type=\"container\">\n\t\t<div class=\"elementor-element elementor-element-55032fa e-con-full e-flex e-con e-child\" data-id=\"55032fa\" data-element_type=\"container\">\n\t\t<div class=\"elementor-element elementor-element-89fd591 e-con-full e-flex e-con e-child\" data-id=\"89fd591\" data-element_type=\"container\">\n\t\t\t\t<div class=\"elementor-element elementor-element-e41c887 elementor-widget elementor-widget-text-editor\" data-id=\"e41c887\" data-element_type=\"widget\" data-widget_type=\"text-editor.default\">\n\t\t\t\t<div class=\"elementor-widget-container\">\n\t\t\t\t\t\t\t\t\t<p><span style=\"background: linear-gradient(#d9d9d9, #d9d9d9) 0 90% \/ 100% 8px no-repeat;\"><span style=\"text-align: var(--text-align); letter-spacing: var( --e-global-typography-primary-letter-spacing );\">\u00c0 propos\u00a0<\/span><span style=\"font-family: 'garamond'; font-style: italic; font-size: 120%;\">\u200bnous<\/span><\/span><\/p>\t\t\t\t\t\t\t\t<\/div>\n\t\t\t\t<\/div>\n\t\t<div class=\"elementor-element elementor-element-4b234a4 e-flex e-con-boxed e-con e-child\" data-id=\"4b234a4\" data-element_type=\"container\">\n\t\t\t\t\t<div class=\"e-con-inner\">\n\t\t\t\t<div class=\"elementor-element elementor-element-43042dd elementor-widget__width-initial elementor-widget elementor-widget-heading\" data-id=\"43042dd\" data-element_type=\"widget\" data-widget_type=\"heading.default\">\n\t\t\t\t<div class=\"elementor-widget-container\">\n\t\t\t\t\t<h1 class=\"elementor-heading-title elementor-size-default\">Histoire &amp; valeurs<\/h1>\t\t\t\t<\/div>\n\t\t\t\t<\/div>\n\t\t<div class=\"elementor-element elementor-element-952ebf0 e-con-full e-flex e-con e-child\" data-id=\"952ebf0\" data-element_type=\"container\">\n\t\t\t\t<div class=\"elementor-element elementor-element-d00ef45 elementor-widget__width-inherit elementor-widget elementor-widget-heading\" data-id=\"d00ef45\" data-element_type=\"widget\" data-widget_type=\"heading.default\">\n\t\t\t\t<div class=\"elementor-widget-container\">\n\t\t\t\t\t<p class=\"elementor-heading-title elementor-size-default\">ClinSearch, fond\u00e9e en 1999 par J\u00e9r\u00f4me Seymour, PhD, et Fabrice Ruiz, PhD, est une entreprise de recherche en sant\u00e9 \u00e0 vocation internationale, rest\u00e9e ind\u00e9pendante jusqu\u2019\u00e0 aujourd\u2019hui. D\u00e8s ses d\u00e9buts, ClinSearch a fait preuve d\u2019un  fort engagement envers les r\u00e9sultats et d'une <b>grande disponibilit\u00e9<\/b> aupr\u00e8s de ses clients. Cette politique d\u2019engagement constant a permis de nouer de v\u00e9ritables partenariats, certains s\u2019inscrivant dans la dur\u00e9e depuis plusieurs d\u00e9cennies. Disperser notre expertise \u2013 au risque de la perdre \u2013 va \u00e0 l\u2019encontre de l\u2019essence m\u00eame de notre entreprise. C\u2019est pourquoi nous restons \u00e0 taille humaine et concentr\u00e9s exclusivement sur notre domaine d\u2019expertise. Cette approche nous permet d\u2019offrir non seulement des solutions sur mesure, mais \u00e9galement des services complets et int\u00e9gr\u00e9s.<br><br>Au fil des ann\u00e9es, ClinSearch s\u2019est d\u00e9velopp\u00e9e de mani\u00e8re organique pour proposer la gamme compl\u00e8te de services que nous offrons aujourd\u2019hui. Nous employons actuellement <b>70 collaborateurs<\/b>, dont la majorit\u00e9 sont titulaires de dipl\u00f4mes avanc\u00e9s (Master, PhD, MD, PharmD) et parlent au moins le fran\u00e7ais et l\u2019anglais \u2013 certains ma\u00eetrisant jusqu\u2019\u00e0 cinq langues europ\u00e9ennes. La formation continue de notre \u00e9quipe garantit une mise \u00e0 jour permanente des connaissances r\u00e9glementaires et technologiques, afin de vous assurer un service de la plus haute qualit\u00e9.<br><br>ClinSearch a toujours \u00e9t\u00e9 <b>bas\u00e9e \u00e0 Malakoff<\/b>, au sud-ouest de Paris.<\/p>\t\t\t\t<\/div>\n\t\t\t\t<\/div>\n\t\t<div class=\"elementor-element elementor-element-6649d21 e-con-full hide e-flex e-con e-child\" data-id=\"6649d21\" data-element_type=\"container\">\n\t\t\t\t<div class=\"elementor-element elementor-element-2ab4871 elementor-view-default elementor-widget elementor-widget-icon\" data-id=\"2ab4871\" data-element_type=\"widget\" data-widget_type=\"icon.default\">\n\t\t\t\t<div class=\"elementor-widget-container\">\n\t\t\t\t\t\t\t<div class=\"elementor-icon-wrapper\">\n\t\t\t<div class=\"elementor-icon\">\n\t\t\t<svg aria-hidden=\"true\" class=\"e-font-icon-svg e-far-file-pdf\" viewbox=\"0 0 384 512\" xmlns=\"http:\/\/www.w3.org\/2000\/svg\"><path d=\"M369.9 97.9L286 14C277 5 264.8-.1 252.1-.1H48C21.5 0 0 21.5 0 48v416c0 26.5 21.5 48 48 48h288c26.5 0 48-21.5 48-48V131.9c0-12.7-5.1-25-14.1-34zM332.1 128H256V51.9l76.1 76.1zM48 464V48h160v104c0 13.3 10.7 24 24 24h104v288H48zm250.2-143.7c-12.2-12-47-8.7-64.4-6.5-17.2-10.5-28.7-25-36.8-46.3 3.9-16.1 10.1-40.6 5.4-56-4.2-26.2-37.8-23.6-42.6-5.9-4.4 16.1-.4 38.5 7 67.1-10 23.9-24.9 56-35.4 74.4-20 10.3-47 26.2-51 46.2-3.3 15.8 26 55.2 76.1-31.2 22.4-7.4 46.8-16.5 68.4-20.1 18.9 10.2 41 17 55.8 17 25.5 0 28-28.2 17.5-38.7zm-198.1 77.8c5.1-13.7 24.5-29.5 30.4-35-19 30.3-30.4 35.7-30.4 35zm81.6-190.6c7.4 0 6.7 32.1 1.8 40.8-4.4-13.9-4.3-40.8-1.8-40.8zm-24.4 136.6c9.7-16.9 18-37 24.7-54.7 8.3 15.1 18.9 27.2 30.1 35.5-20.8 4.3-38.9 13.1-54.8 19.2zm131.6-5s-5 6-37.3-7.8c35.1-2.6 40.9 5.4 37.3 7.8z\"><\/path><\/svg>\t\t\t<\/div>\n\t\t<\/div>\n\t\t\t\t\t\t<\/div>\n\t\t\t\t<\/div>\n\t\t\t\t<div class=\"elementor-element elementor-element-1f5340b elementor-widget elementor-widget-heading\" data-id=\"1f5340b\" data-element_type=\"widget\" data-widget_type=\"heading.default\">\n\t\t\t\t<div class=\"elementor-widget-container\">\n\t\t\t\t\t<h6 class=\"elementor-heading-title elementor-size-default\"><a href=\"\/wp-content\/uploads\/2025\/04\/ClinSearch_Introduction_2025.pdf\" target=\"_blank\">Pour en savoir plus sur notre soci\u00e9t\u00e9, vous pouvez t\u00e9l\u00e9charger notre plaquette de pr\u00e9sentation en PDF ici.<\/a><\/h6>\t\t\t\t<\/div>\n\t\t\t\t<\/div>\n\t\t\t\t<\/div>\n\t\t\t\t<\/div>\n\t\t\t\t\t<\/div>\n\t\t\t\t<\/div>\n\t\t\t\t<\/div>\n\t\t\t\t<\/div>\n\t\t<div class=\"elementor-element elementor-element-d9862a4 e-con-full e-flex e-con e-child\" data-id=\"d9862a4\" data-element_type=\"container\">\n\t\t<div class=\"elementor-element elementor-element-d98574e e-con-full e-flex e-con e-child\" data-id=\"d98574e\" data-element_type=\"container\">\n\t\t\t\t<div class=\"elementor-element elementor-element-2beb085 elementor-widget elementor-widget-text-editor\" data-id=\"2beb085\" data-element_type=\"widget\" data-widget_type=\"text-editor.default\">\n\t\t\t\t<div class=\"elementor-widget-container\">\n\t\t\t\t\t\t\t\t\t<p><span style=\"background: linear-gradient(#d9d9d9, #d9d9d9) 0 90% \/ 100% 8px no-repeat;\"><span style=\"text-align: var(--text-align); letter-spacing: var( --e-global-typography-primary-letter-spacing );\"><span style=\"font-family: 'garamond'; font-style: italic; font-size: 120%;\">Nos <\/span>objectifs<\/span><\/span><\/p>\t\t\t\t\t\t\t\t<\/div>\n\t\t\t\t<\/div>\n\t\t<div class=\"elementor-element elementor-element-019d65e e-con-full e-flex e-con e-child\" data-id=\"019d65e\" data-element_type=\"container\">\n\t\t\t\t<div class=\"elementor-element elementor-element-168aa03 elementor-widget__width-inherit elementor-widget elementor-widget-heading\" data-id=\"168aa03\" data-element_type=\"widget\" data-widget_type=\"heading.default\">\n\t\t\t\t<div class=\"elementor-widget-container\">\n\t\t\t\t\t<p class=\"elementor-heading-title elementor-size-default\">Chez ClinSearch, nous mettons tout en \u0153uvre pour que notre \u00e9quipe de sp\u00e9cialistes hautement qualifi\u00e9s en sciences de la sant\u00e9, fournisse des r\u00e9sultats de qualit\u00e9 sup\u00e9rieure et reste disponible \u00e0 tout moment afin de r\u00e9pondre aux besoins de nos clients, voire de les d\u00e9passer. Notre objectif est de vous aider \u00e0 promouvoir vos innovations sur le march\u00e9 europ\u00e9en en pleine expansion, tout en tenant compte du contexte mondial, de l'\u00e9volution des r\u00e9glementations et des modalit\u00e9s de remboursement.  <br><br>Nous y parvenons en\u00a0:<br \/><br \/>\n<ul>\n<li>\u00c9tablissant des partenariats \u00e0 long terme afin de d\u00e9velopper de nouvelles approches dans la conduite d'essais cliniques et d'\u00e9tudes \u00e9pid\u00e9miologiques ;<\/li><br \/>\n<li>Promouvant des solutions rentables dans un large \u00e9ventail de services de recherche en mati\u00e8re de sant\u00e9 ;<\/li><br \/>\n<li>Fournissant des r\u00e9ponses pour la prise de d\u00e9cision ;<\/li><br \/>\n<li>Mobilisant le personnel et les leaders d'opinion reconnus pour leurs connaissances, leurs techniques de recherche innovantes, leurs analyses pertinentes et leurs recommandations ;<\/li><br \/>\n<li>Assurant la mobilisation rapide des r\u00e9seaux d'experts ;<\/li><br \/>\n<li>Nous tenant au courant des \u00e9volutions l\u00e9gislatives et technologiques pertinentes.<\/li>\n<\/ul><\/p>\t\t\t\t<\/div>\n\t\t\t\t<\/div>\n\t\t<div class=\"elementor-element elementor-element-167bb2c e-con-full e-flex e-con e-child\" data-id=\"167bb2c\" data-element_type=\"container\">\n\t\t\t\t<\/div>\n\t\t\t\t<\/div>\n\t\t\t\t<\/div>\n\t\t\t\t<\/div>\n\t\t\t\t<\/div>\n\t\t\t\t<\/div>\n\t\t\t\t<\/div>","protected":false},"excerpt":{"rendered":"<p>About\u00a0us History &amp; values Privately owned until today, ClinSearch was founded in 1999 by J\u00e9r\u00f4me Seymour, PhD, and Fabrice Ruiz, PhD, as a global health research company. From the very beginning, ClinSearch has demonstrated great commitment to results and a high level of availability to our customers. Our stedfast commitment policy has forged genuine partnerships, [&hellip;]<\/p>","protected":false},"author":3,"featured_media":0,"parent":0,"menu_order":0,"comment_status":"closed","ping_status":"closed","template":"full-width.php","meta":{"_acf_changed":false,"footnotes":""},"class_list":["post-13333","page","type-page","status-publish","hentry"],"acf":[],"yoast_head":"<!-- This site is optimized with the Yoast SEO plugin v26.2 - https:\/\/yoast.com\/wordpress\/plugins\/seo\/ -->\n<title>ClinSearch Clinical Research Company | About us | Based in Paris<\/title>\n<meta name=\"description\" content=\"Discover ClinSearch, a Paris-based clinical research company with strong values, scientific excellence, and long-term partnerships across Europe.\" \/>\n<meta name=\"robots\" content=\"index, follow, max-snippet:-1, max-image-preview:large, max-video-preview:-1\" \/>\n<link rel=\"canonical\" href=\"https:\/\/www.clinsearch.net\/fr\/clinsearch-clinical-research-company\/\" \/>\n<meta property=\"og:locale\" content=\"fr_FR\" \/>\n<meta property=\"og:type\" content=\"article\" \/>\n<meta property=\"og:title\" content=\"ClinSearch Clinical Research Company | About us | Based in Paris\" \/>\n<meta property=\"og:description\" content=\"Discover ClinSearch, a Paris-based clinical research company with strong values, scientific excellence, and long-term partnerships across Europe.\" \/>\n<meta property=\"og:url\" content=\"https:\/\/www.clinsearch.net\/fr\/clinsearch-clinical-research-company\/\" \/>\n<meta property=\"og:site_name\" content=\"ClinSearch\" \/>\n<meta property=\"article:modified_time\" content=\"2025-09-22T13:05:19+00:00\" \/>\n<meta name=\"twitter:card\" content=\"summary_large_image\" \/>\n<meta name=\"twitter:label1\" content=\"Dur\u00e9e de lecture estim\u00e9e\" \/>\n\t<meta name=\"twitter:data1\" content=\"2 minutes\" \/>\n<script type=\"application\/ld+json\" class=\"yoast-schema-graph\">{\"@context\":\"https:\/\/schema.org\",\"@graph\":[{\"@type\":\"WebPage\",\"@id\":\"https:\/\/www.clinsearch.net\/clinsearch-clinical-research-company\/\",\"url\":\"https:\/\/www.clinsearch.net\/clinsearch-clinical-research-company\/\",\"name\":\"ClinSearch Clinical Research Company | About us | Based in Paris\",\"isPartOf\":{\"@id\":\"https:\/\/dev-www.clinsearch.eu\/#website\"},\"datePublished\":\"2024-11-27T19:06:42+00:00\",\"dateModified\":\"2025-09-22T13:05:19+00:00\",\"description\":\"Discover ClinSearch, a Paris-based clinical research company with strong values, scientific excellence, and long-term partnerships across Europe.\",\"breadcrumb\":{\"@id\":\"https:\/\/www.clinsearch.net\/clinsearch-clinical-research-company\/#breadcrumb\"},\"inLanguage\":\"fr-FR\",\"potentialAction\":[{\"@type\":\"ReadAction\",\"target\":[\"https:\/\/www.clinsearch.net\/clinsearch-clinical-research-company\/\"]}]},{\"@type\":\"BreadcrumbList\",\"@id\":\"https:\/\/www.clinsearch.net\/clinsearch-clinical-research-company\/#breadcrumb\",\"itemListElement\":[{\"@type\":\"ListItem\",\"position\":1,\"name\":\"Home\",\"item\":\"https:\/\/www.clinsearch.net\/\"},{\"@type\":\"ListItem\",\"position\":2,\"name\":\"History &amp; values\"}]},{\"@type\":\"WebSite\",\"@id\":\"https:\/\/dev-www.clinsearch.eu\/#website\",\"url\":\"https:\/\/dev-www.clinsearch.eu\/\",\"name\":\"ClinSearch\",\"description\":\"\",\"potentialAction\":[{\"@type\":\"SearchAction\",\"target\":{\"@type\":\"EntryPoint\",\"urlTemplate\":\"https:\/\/dev-www.clinsearch.eu\/?s={search_term_string}\"},\"query-input\":{\"@type\":\"PropertyValueSpecification\",\"valueRequired\":true,\"valueName\":\"search_term_string\"}}],\"inLanguage\":\"fr-FR\"}]}<\/script>\n<!-- \/ Yoast SEO plugin. -->","yoast_head_json":{"title":"ClinSearch Clinical Research Company | About us | Based in Paris","description":"Discover ClinSearch, a Paris-based clinical research company with strong values, scientific excellence, and long-term partnerships across Europe.","robots":{"index":"index","follow":"follow","max-snippet":"max-snippet:-1","max-image-preview":"max-image-preview:large","max-video-preview":"max-video-preview:-1"},"canonical":"https:\/\/www.clinsearch.net\/fr\/clinsearch-clinical-research-company\/","og_locale":"fr_FR","og_type":"article","og_title":"ClinSearch Clinical Research Company | About us | Based in Paris","og_description":"Discover ClinSearch, a Paris-based clinical research company with strong values, scientific excellence, and long-term partnerships across Europe.","og_url":"https:\/\/www.clinsearch.net\/fr\/clinsearch-clinical-research-company\/","og_site_name":"ClinSearch","article_modified_time":"2025-09-22T13:05:19+00:00","twitter_card":"summary_large_image","twitter_misc":{"Dur\u00e9e de lecture estim\u00e9e":"2 minutes"},"schema":{"@context":"https:\/\/schema.org","@graph":[{"@type":"WebPage","@id":"https:\/\/www.clinsearch.net\/clinsearch-clinical-research-company\/","url":"https:\/\/www.clinsearch.net\/clinsearch-clinical-research-company\/","name":"ClinSearch Clinical Research Company | About us | Based in Paris","isPartOf":{"@id":"https:\/\/dev-www.clinsearch.eu\/#website"},"datePublished":"2024-11-27T19:06:42+00:00","dateModified":"2025-09-22T13:05:19+00:00","description":"Discover ClinSearch, a Paris-based clinical research company with strong values, scientific excellence, and long-term partnerships across Europe.","breadcrumb":{"@id":"https:\/\/www.clinsearch.net\/clinsearch-clinical-research-company\/#breadcrumb"},"inLanguage":"fr-FR","potentialAction":[{"@type":"ReadAction","target":["https:\/\/www.clinsearch.net\/clinsearch-clinical-research-company\/"]}]},{"@type":"BreadcrumbList","@id":"https:\/\/www.clinsearch.net\/clinsearch-clinical-research-company\/#breadcrumb","itemListElement":[{"@type":"ListItem","position":1,"name":"Home","item":"https:\/\/www.clinsearch.net\/"},{"@type":"ListItem","position":2,"name":"History &amp; values"}]},{"@type":"WebSite","@id":"https:\/\/dev-www.clinsearch.eu\/#website","url":"https:\/\/dev-www.clinsearch.eu\/","name":"ClinSearch","description":"","potentialAction":[{"@type":"SearchAction","target":{"@type":"EntryPoint","urlTemplate":"https:\/\/dev-www.clinsearch.eu\/?s={search_term_string}"},"query-input":{"@type":"PropertyValueSpecification","valueRequired":true,"valueName":"search_term_string"}}],"inLanguage":"fr-FR"}]}},"_links":{"self":[{"href":"https:\/\/www.clinsearch.net\/fr\/wp-json\/wp\/v2\/pages\/13333","targetHints":{"allow":["GET"]}}],"collection":[{"href":"https:\/\/www.clinsearch.net\/fr\/wp-json\/wp\/v2\/pages"}],"about":[{"href":"https:\/\/www.clinsearch.net\/fr\/wp-json\/wp\/v2\/types\/page"}],"author":[{"embeddable":true,"href":"https:\/\/www.clinsearch.net\/fr\/wp-json\/wp\/v2\/users\/3"}],"replies":[{"embeddable":true,"href":"https:\/\/www.clinsearch.net\/fr\/wp-json\/wp\/v2\/comments?post=13333"}],"version-history":[{"count":128,"href":"https:\/\/www.clinsearch.net\/fr\/wp-json\/wp\/v2\/pages\/13333\/revisions"}],"predecessor-version":[{"id":15522,"href":"https:\/\/www.clinsearch.net\/fr\/wp-json\/wp\/v2\/pages\/13333\/revisions\/15522"}],"wp:attachment":[{"href":"https:\/\/www.clinsearch.net\/fr\/wp-json\/wp\/v2\/media?parent=13333"}],"curies":[{"name":"wp","href":"https:\/\/api.w.org\/{rel}","templated":true}]}}