{"id":2473,"date":"2024-06-28T10:54:22","date_gmt":"2024-06-28T08:54:22","guid":{"rendered":"http:\/\/localhost\/wordpress\/?page_id=2473"},"modified":"2025-12-09T14:01:04","modified_gmt":"2025-12-09T13:01:04","slug":"early-access-programs-france","status":"publish","type":"page","link":"https:\/\/www.clinsearch.net\/fr\/early-access-programs-france\/","title":{"rendered":"Programmes d'acc\u00e8s d\u00e9rogatoire"},"content":{"rendered":"<div data-elementor-type=\"wp-page\" data-elementor-id=\"2473\" class=\"elementor elementor-2473\">\n\t\t\t\t<div class=\"elementor-element elementor-element-388fb1c3 e-con-full e-flex e-con e-parent\" data-id=\"388fb1c3\" data-element_type=\"container\">\n\t\t<div class=\"elementor-element elementor-element-26d69c19 e-con-full e-flex e-con e-child\" data-id=\"26d69c19\" data-element_type=\"container\">\n\t\t<div class=\"elementor-element elementor-element-57205d9c e-con-full e-flex e-con e-child\" data-id=\"57205d9c\" data-element_type=\"container\">\n\t\t<div class=\"elementor-element elementor-element-6e1ecdf6 e-con-full e-flex e-con e-child\" data-id=\"6e1ecdf6\" data-element_type=\"container\">\n\t\t\t\t<div class=\"elementor-element elementor-element-50da516a elementor-widget elementor-widget-text-editor\" data-id=\"50da516a\" data-element_type=\"widget\" data-widget_type=\"text-editor.default\">\n\t\t\t\t<div class=\"elementor-widget-container translation-block\"><span><span style=\"text-align: var(--text-align);letter-spacing: var( --e-global-typography-primary-letter-spacing )\"><span style=\"font-family: 'garamond';font-style: italic;font-size: 120%\">Nos <\/span>solutions &amp;\u00a0services<\/span><\/span><\/div>\n\t\t\t\t<\/div>\n\t\t\t\t<div class=\"elementor-element elementor-element-04ef68c raven-nav-menu-align-center raven-nav-menu-stretch raven-mobile-nav-menu-align-left elementor-widget elementor-widget-raven-nav-menu\" data-id=\"04ef68c\" data-element_type=\"widget\" data-settings=\"{&quot;submenu_icon&quot;:&quot;&lt;svg 0=\\&quot;fas fa-chevron-down\\&quot; class=\\&quot;e-font-icon-svg e-fas-chevron-down\\&quot;&gt;\\n\\t\\t\\t\\t\\t&lt;use xlink:href=\\&quot;#fas-chevron-down\\&quot;&gt;\\n\\t\\t\\t\\t\\t\\t&lt;symbol id=\\&quot;fas-chevron-down\\&quot; viewBox=\\&quot;0 0 448 512\\&quot;&gt;\\n\\t\\t\\t\\t\\t\\t\\t&lt;path d=\\&quot;M207.029 381.476L12.686 187.132c-9.373-9.373-9.373-24.569 0-33.941l22.667-22.667c9.357-9.357 24.522-9.375 33.901-.04L224 284.505l154.745-154.021c9.379-9.335 24.544-9.317 33.901.04l22.667 22.667c9.373 9.373 9.373 24.569 0 33.941L240.971 381.476c-9.373 9.372-24.569 9.372-33.942 0z\\&quot;&gt;&lt;\\\/path&gt;\\n\\t\\t\\t\\t\\t\\t&lt;\\\/symbol&gt;\\n\\t\\t\\t\\t\\t&lt;\\\/use&gt;\\n\\t\\t\\t\\t&lt;\\\/svg&gt;&quot;,&quot;full_width&quot;:&quot;stretch&quot;,&quot;mobile_layout&quot;:&quot;dropdown&quot;,&quot;submenu_space_between&quot;:{&quot;unit&quot;:&quot;px&quot;,&quot;size&quot;:&quot;&quot;,&quot;sizes&quot;:[]},&quot;submenu_opening_position&quot;:&quot;bottom&quot;}\" data-widget_type=\"raven-nav-menu.default\">\n\t\t\t\t<div class=\"elementor-widget-container\">\n\t\t\t\t\t\t\t<nav class=\"raven-nav-menu-main raven-nav-menu-horizontal raven-nav-menu-tablet- raven-nav-menu-mobile- raven-nav-icons-hidden-desktop raven-nav-icons-hidden-tablet raven-nav-icons-hidden-mobile\">\n\t\t\t<ul id=\"menu-04ef68c\" class=\"raven-nav-menu\"><li class=\"menu-item menu-item-type-post_type menu-item-object-page menu-item-13819\"><a href=\"https:\/\/www.clinsearch.net\/fr\/early-access-programs-france\/\" class=\"raven-menu-item raven-link-item\">Programmes d'acc\u00e8s d\u00e9rogatoire<\/a><\/li>\n<li class=\"menu-item menu-item-type-post_type menu-item-object-page menu-item-13821\"><a href=\"https:\/\/www.clinsearch.net\/fr\/cro-services\/\" class=\"raven-menu-item raven-link-item\">Services CRO<\/a><\/li>\n<li class=\"menu-item menu-item-type-post_type menu-item-object-page menu-item-13820\"><a href=\"https:\/\/www.clinsearch.net\/fr\/electronic-data-capture-clinical-trials\/\" class=\"raven-menu-item raven-link-item\">Collecte de donn\u00e9es<\/a><\/li>\n<li class=\"menu-item menu-item-type-post_type menu-item-object-page menu-item-13818\"><a href=\"https:\/\/www.clinsearch.net\/fr\/independent-committees-clinical-trials\/\" class=\"raven-menu-item raven-link-item\">Comit\u00e9s ind\u00e9pendants<\/a><\/li>\n<li class=\"menu-item menu-item-type-post_type menu-item-object-page menu-item-13817\"><a href=\"https:\/\/www.clinsearch.net\/fr\/market-access-services\/\" class=\"raven-menu-item raven-link-item\">Acc\u00e8s au march\u00e9 &amp; HEOR<\/a><\/li>\n<li class=\"menu-item menu-item-type-post_type menu-item-object-page menu-item-13816\"><a href=\"https:\/\/www.clinsearch.net\/fr\/medicine-acceptability\/\" class=\"raven-menu-item raven-link-item\">Acceptabilit\u00e9 des m\u00e9dicaments<\/a><\/li>\n<li class=\"menu-item menu-item-type-post_type menu-item-object-page menu-item-13815\"><a href=\"https:\/\/www.clinsearch.net\/fr\/clinical-trial-quality-assurance\/\" class=\"raven-menu-item raven-link-item\">Assurance qualit\u00e9<\/a><\/li>\n<li class=\"menu-item menu-item-type-post_type menu-item-object-page menu-item-13814\"><a href=\"https:\/\/www.clinsearch.net\/fr\/clinical-trial-safety-reporting\/\" class=\"raven-menu-item raven-link-item\">Vigilance<\/a><\/li>\n<li class=\"menu-item menu-item-type-post_type menu-item-object-page menu-item-13822\"><a href=\"https:\/\/www.clinsearch.net\/fr\/clinical-trial-statistics-medical-writing\/\" class=\"raven-menu-item raven-link-item\">R\u00e9daction m\u00e9dicale &amp; valorisation des donn\u00e9es<\/a><\/li>\n<li class=\"menu-item menu-item-type-post_type menu-item-object-page menu-item-14359\"><a href=\"https:\/\/www.clinsearch.net\/fr\/medtech-certification-support\/\" class=\"raven-menu-item raven-link-item\">MedTech certification support<\/a><\/li>\n<\/ul>\t\t<\/nav>\n\n\t\t<div class=\"raven-nav-menu-toggle\">\n\n\t\t\t\t\t\t<div class=\"raven-nav-menu-toggle-button\">\n\t\t\t\t\t\t\t\t<span class=\"fa fa-bars\"><\/span>\n\t\t\t\t\t\t\t\t<\/div>\n\n\t\t<\/div>\n\t\t<nav class=\"raven-nav-icons-hidden-desktop raven-nav-icons-hidden-tablet raven-nav-icons-hidden-mobile raven-nav-menu-mobile raven-nav-menu-dropdown\">\n\t\t\t\t\t\t\t\t\t<div class=\"raven-container\">\n\t\t\t\t<ul id=\"menu-mobile-04ef68c\" class=\"raven-nav-menu\"><li class=\"menu-item menu-item-type-post_type menu-item-object-page menu-item-13819\"><a href=\"https:\/\/www.clinsearch.net\/fr\/early-access-programs-france\/\" class=\"raven-menu-item raven-link-item\">Programmes d'acc\u00e8s d\u00e9rogatoire<\/a><\/li>\n<li class=\"menu-item menu-item-type-post_type menu-item-object-page menu-item-13821\"><a href=\"https:\/\/www.clinsearch.net\/fr\/cro-services\/\" class=\"raven-menu-item raven-link-item\">Services CRO<\/a><\/li>\n<li class=\"menu-item menu-item-type-post_type menu-item-object-page menu-item-13820\"><a href=\"https:\/\/www.clinsearch.net\/fr\/electronic-data-capture-clinical-trials\/\" class=\"raven-menu-item raven-link-item\">Collecte de donn\u00e9es<\/a><\/li>\n<li class=\"menu-item menu-item-type-post_type menu-item-object-page menu-item-13818\"><a href=\"https:\/\/www.clinsearch.net\/fr\/independent-committees-clinical-trials\/\" class=\"raven-menu-item raven-link-item\">Comit\u00e9s ind\u00e9pendants<\/a><\/li>\n<li class=\"menu-item menu-item-type-post_type menu-item-object-page menu-item-13817\"><a href=\"https:\/\/www.clinsearch.net\/fr\/market-access-services\/\" class=\"raven-menu-item raven-link-item\">Acc\u00e8s au march\u00e9 &amp; HEOR<\/a><\/li>\n<li class=\"menu-item menu-item-type-post_type menu-item-object-page menu-item-13816\"><a href=\"https:\/\/www.clinsearch.net\/fr\/medicine-acceptability\/\" class=\"raven-menu-item raven-link-item\">Acceptabilit\u00e9 des m\u00e9dicaments<\/a><\/li>\n<li class=\"menu-item menu-item-type-post_type menu-item-object-page menu-item-13815\"><a href=\"https:\/\/www.clinsearch.net\/fr\/clinical-trial-quality-assurance\/\" class=\"raven-menu-item raven-link-item\">Assurance qualit\u00e9<\/a><\/li>\n<li class=\"menu-item menu-item-type-post_type menu-item-object-page menu-item-13814\"><a href=\"https:\/\/www.clinsearch.net\/fr\/clinical-trial-safety-reporting\/\" class=\"raven-menu-item raven-link-item\">Vigilance<\/a><\/li>\n<li class=\"menu-item menu-item-type-post_type menu-item-object-page menu-item-13822\"><a href=\"https:\/\/www.clinsearch.net\/fr\/clinical-trial-statistics-medical-writing\/\" class=\"raven-menu-item raven-link-item\">R\u00e9daction m\u00e9dicale &amp; valorisation des donn\u00e9es<\/a><\/li>\n<li class=\"menu-item menu-item-type-post_type menu-item-object-page menu-item-14359\"><a href=\"https:\/\/www.clinsearch.net\/fr\/medtech-certification-support\/\" class=\"raven-menu-item raven-link-item\">MedTech certification support<\/a><\/li>\n<\/ul>\t\t\t<\/div>\n\t\t<\/nav>\n\t\t\t\t\t\t<\/div>\n\t\t\t\t<\/div>\n\t\t<div class=\"elementor-element elementor-element-584c1f4 e-con-full e-flex e-con e-child\" data-id=\"584c1f4\" data-element_type=\"container\">\n\t\t\t\t<div class=\"elementor-element elementor-element-4b6da97 elementor-widget__width-initial elementor-widget elementor-widget-heading\" data-id=\"4b6da97\" data-element_type=\"widget\" data-widget_type=\"heading.default\">\n\t\t\t\t<div class=\"elementor-widget-container\">\n\t\t\t\t\t<h1 class=\"elementor-heading-title elementor-size-default\">Programmes d'acc\u00e8s d\u00e9rogatoire<\/h1>\t\t\t\t<\/div>\n\t\t\t\t<\/div>\n\t\t<div class=\"elementor-element elementor-element-dfd62b9 e-con-full e-flex e-con e-child\" data-id=\"dfd62b9\" data-element_type=\"container\">\n\t\t\t\t<div class=\"elementor-element elementor-element-e64070e elementor-widget__width-inherit elementor-widget elementor-widget-heading\" data-id=\"e64070e\" data-element_type=\"widget\" data-widget_type=\"heading.default\">\n\t\t\t\t<div class=\"elementor-widget-container\">\n\t\t\t\t\t<p class=\"elementor-heading-title elementor-size-default\">ClinSearch accompagne l'industrie pharmaceutique depuis plus de 10 ans dans la mise en \u0153uvre et le suivi des <a href=\"https:\/\/www.ema.europa.eu\/en\/human-regulatory-overview\/research-development\/compassionate-use\" style=\"color:#0077c8\"><b>programmes d'acc\u00e8s compassionnel<\/b><\/a> et d'acc\u00e8s pr\u00e9coce. Depuis la r\u00e9forme du 1er juillet 2021 en France, nous mettons en place, pour le compte de nos clients, des acc\u00e8s compassionnel (AAC), des acc\u00e8s pr\u00e9coces pr\u00e9-AMM (AP1) et post-AMM (AP2), permettant \u00e0 des milliers de participants d'acc\u00e9der \u00e0 des traitements via nos plateformes.\nNous avons eu le plaisir de collaborer avec des agences gouvernementales fran\u00e7aises sur des programmes pilotes li\u00e9s aux programmes d'acc\u00e8s pr\u00e9coce. Nos solutions sont largement reconnues par les professionnels de sant\u00e9 en France pour leur excellence.<br><br>En plus de nos certifications <b>ISO 9001:2015, ISO 27001, et ISO 27701<\/b>, ClinSearch est fi\u00e8re d\u2019\u00eatre certifi\u00e9e <b>H\u00e9bergeur de donn\u00e9es de Sant\u00e9 (HDS)<\/b>*. Nous travaillons exclusivement avec des h\u00e9bergeurs certifi\u00e9s HDS situ\u00e9s en France. Notre propre certification HDS, associ\u00e9e \u00e0 ces partenariats, garantit que notre programme d\u2019acc\u00e8s pr\u00e9coce est pleinement conforme aux r\u00e9glementations fran\u00e7aises, en particulier aux r\u00e9f\u00e9rentiels CNIL RS\u2013003 et RS\u2013004.<br><br>Notre \u00e9quipe multidisciplinaire poss\u00e8de une exp\u00e9rience exceptionnelle dans la gestion de ces programmes et, \u00e0 ce titre, est capable de travailler dans des d\u00e9lais serr\u00e9s. Compte tenu de notre exp\u00e9rience et du d\u00e9veloppement interne des plateformes du programme d\u2019acc\u00e8s, sans compter sur des fournisseurs tiers pour les construire ou les personnaliser, nous soutenons, par exemple, les programmes qui passent d\u2019un usage compassionnel \u00e0 un acc\u00e8s anticip\u00e9 (avant AAM ou AP1) \u00e0 un post-AMM ou AP2, de mani\u00e8re transparente. Nous offrons la souplesse n\u00e9cessaire pour adapter le programme au besoin, que ce soit \u00e0 la demande d\u2019un client ou en r\u00e9ponse \u00e0 l\u2019\u00e9volution constante du paysage r\u00e9glementaire.<br><br>\n* Aucun transfert de donn\u00e9es de sant\u00e9 \u00e0 caract\u00e8re personnel vers un pays tiers \u00e0 l'Espace \u00e9conomique europ\u00e9en.<\/p>\t\t\t\t<\/div>\n\t\t\t\t<\/div>\n\t\t\t\t<div class=\"elementor-element elementor-element-a42c572 elementor-widget__width-inherit elementor-widget elementor-widget-heading\" data-id=\"a42c572\" data-element_type=\"widget\" data-widget_type=\"heading.default\">\n\t\t\t\t<div class=\"elementor-widget-container\">\n\t\t\t\t\t<p class=\"elementor-heading-title elementor-size-default\"><div style=\"margin-top: 1.2em;padding: 1em;background-color: #f0f8ff;border-left: 4px solid #0077c8;line-height: 1.4\">\n  <b>Besoin d'aide d'expert pour vos acc\u00e8s d\u00e9rogatoires ?<\/b><br>\n \n  <a href=\"https:\/\/www.clinsearch.net\/fr\/contact\/\" style=\"color:#0077c8;font-weight:bold\">Contactez nous,<\/a> nous sommes l\u00e0 pour vous aider \u00e0 g\u00e9rer efficacement vos programmes et optimiser leurs acc\u00e8s.\n<\/div><\/p>\t\t\t\t<\/div>\n\t\t\t\t<\/div>\n\t\t\t\t<\/div>\n\t\t\t\t<\/div>\n\t\t\t\t<\/div>\n\t\t\t\t<\/div>\n\t\t<div class=\"elementor-element elementor-element-7459ba71 e-con-full e-flex e-con e-child\" data-id=\"7459ba71\" data-element_type=\"container\">\n\t\t<div class=\"elementor-element elementor-element-1e73fa6d e-con-full e-flex e-con e-child\" data-id=\"1e73fa6d\" data-element_type=\"container\">\n\t\t<div class=\"elementor-element elementor-element-1ad22c5d e-flex e-con-boxed e-con e-child\" data-id=\"1ad22c5d\" data-element_type=\"container\">\n\t\t\t\t\t<div class=\"e-con-inner\">\n\t\t<div class=\"elementor-element elementor-element-af9fad0 e-con-full e-flex e-con e-child\" data-id=\"af9fad0\" data-element_type=\"container\">\n\t\t\t\t<div class=\"elementor-element elementor-element-3c25f459 elementor-widget__width-inherit elementor-widget elementor-widget-heading\" data-id=\"3c25f459\" data-element_type=\"widget\" data-widget_type=\"heading.default\">\n\t\t\t\t<div class=\"elementor-widget-container\">\n\t\t\t\t\t<h4 class=\"elementor-heading-title elementor-size-default\">Nos solutions<\/h4>\t\t\t\t<\/div>\n\t\t\t\t<\/div>\n\t\t\t\t<div class=\"elementor-element elementor-element-0410e0d elementor-widget__width-inherit elementor-widget elementor-widget-heading\" data-id=\"0410e0d\" data-element_type=\"widget\" data-widget_type=\"heading.default\">\n\t\t\t\t<div class=\"elementor-widget-container\">\n\t\t\t\t\t<p class=\"elementor-heading-title elementor-size-default\">D\u00e9veloppement PUT<br>\nR\u00e9daction du document d'\u00e9tude<br>\nD\u00e9veloppement de programmes d'acc\u00e8s et d'outils associ\u00e9s<br>\nGestion enti\u00e8rement automatis\u00e9e des demandes d'acc\u00e8s<br>\nConclure des contrats avec des sites<br>\nFacturation et paiement du site, applications d\u00e9di\u00e9es avec rapports sur un tableau de bord<br>\nD\u00e9veloppement du SAP, programmation statistique<br>\nActivit\u00e9s de pharmacovigilance<br>\nAnalyse des donn\u00e9es et rapports destin\u00e9s aux autorit\u00e9s<br><\/p>\t\t\t\t<\/div>\n\t\t\t\t<\/div>\n\t\t\t\t<\/div>\n\t\t<div class=\"elementor-element elementor-element-5cffa90 e-con-full e-flex e-con e-child\" data-id=\"5cffa90\" data-element_type=\"container\">\n\t\t\t\t<div class=\"elementor-element elementor-element-2804d86 elementor-widget__width-inherit elementor-widget elementor-widget-heading\" data-id=\"2804d86\" data-element_type=\"widget\" data-widget_type=\"heading.default\">\n\t\t\t\t<div class=\"elementor-widget-container\">\n\t\t\t\t\t<h4 class=\"elementor-heading-title elementor-size-default\">Ressources<\/h4>\t\t\t\t<\/div>\n\t\t\t\t<\/div>\n\t\t\t\t<div class=\"elementor-element elementor-element-f781ed0 elementor-widget__width-inherit elementor-widget elementor-widget-heading\" data-id=\"f781ed0\" data-element_type=\"widget\" data-widget_type=\"heading.default\">\n\t\t\t\t<div class=\"elementor-widget-container\">\n\t\t\t\t\t<p class=\"elementor-heading-title elementor-size-default\">Directrice senior des op\u00e9rations cliniques<br>Directeur adjoint des op\u00e9rations globales<br>Chefs de projet<br>Chefs de projet adjoints<br>Attach\u00e9s de recherche<br>Responsables de la s\u00e9curit\u00e9 clinique<br>D\u00e9veloppeurs IT<br>Data managers<br>Conseillers scientifiques et m\u00e9dicaux<br>Statisticiens<br>R\u00e9dacteurs m\u00e9dicaux<br>Assistants Helpdesk<\/p>\t\t\t\t<\/div>\n\t\t\t\t<\/div>\n\t\t\t\t<\/div>\n\t\t<div class=\"elementor-element elementor-element-c6a39f0 e-con-full e-flex e-con e-child\" data-id=\"c6a39f0\" data-element_type=\"container\">\n\t\t\t\t<div class=\"elementor-element elementor-element-e3e62f2 elementor-widget__width-inherit elementor-widget elementor-widget-heading\" data-id=\"e3e62f2\" data-element_type=\"widget\" data-widget_type=\"heading.default\">\n\t\t\t\t<div class=\"elementor-widget-container\">\n\t\t\t\t\t<h4 class=\"elementor-heading-title elementor-size-default\">Activit\u00e9s<\/h4>\t\t\t\t<\/div>\n\t\t\t\t<\/div>\n\t\t\t\t<div class=\"elementor-element elementor-element-c971fbd elementor-widget__width-inherit elementor-widget elementor-widget-heading\" data-id=\"c971fbd\" data-element_type=\"widget\" data-widget_type=\"heading.default\">\n\t\t\t\t<div class=\"elementor-widget-container\">\n\t\t\t\t\t<p class=\"elementor-heading-title elementor-size-default\">Gestion de projet<br>Acc\u00e8s au traitement<br>Assistance t\u00e9l\u00e9phonique<br>Monitoring \u00e0 distance<br>Rapports<\/p>\t\t\t\t<\/div>\n\t\t\t\t<\/div>\n\t\t\t\t<\/div>\n\t\t\t\t\t<\/div>\n\t\t\t\t<\/div>\n\t\t\t\t<\/div>\n\t\t\t\t<\/div>\n\t\t\t\t<\/div>\n\t\t\t\t<\/div>\n\t\t\t\t<\/div>","protected":false},"excerpt":{"rendered":"<p>Our brands &#038;\u00a0services Early Access Programs CRO Services Data Collection Independent Committees Market Access &#038; HEOR Medicine Acceptability Quality Assurance Safety Reporting Medical Writing &amp; Data Valorization MedTech Certification Support Early Access Programs CRO Services Data Collection Independent Committees Market Access &#038; HEOR Medicine Acceptability Quality Assurance Safety Reporting Medical Writing &amp; Data Valorization MedTech [&hellip;]<\/p>","protected":false},"author":3,"featured_media":0,"parent":0,"menu_order":0,"comment_status":"closed","ping_status":"closed","template":"full-width.php","meta":{"_acf_changed":false,"footnotes":""},"class_list":["post-2473","page","type-page","status-publish","hentry"],"acf":[],"yoast_head":"<!-- This site is optimized with the Yoast SEO plugin v26.2 - https:\/\/yoast.com\/wordpress\/plugins\/seo\/ -->\n<title>Early Access Programs France<\/title>\n<meta name=\"description\" content=\"ClinSearch supports pharmaceutical companies in France with compassionate use and early access programs (AAC, AP1, AP2). Certified HDS, ISO-compliant, and trusted by healthcare professionals.\" \/>\n<meta name=\"robots\" content=\"index, follow, max-snippet:-1, max-image-preview:large, max-video-preview:-1\" \/>\n<link rel=\"canonical\" href=\"https:\/\/www.clinsearch.net\/fr\/early-access-programs-france\/\" \/>\n<meta property=\"og:locale\" content=\"fr_FR\" \/>\n<meta property=\"og:type\" content=\"article\" \/>\n<meta property=\"og:title\" content=\"Early Access Programs France\" \/>\n<meta property=\"og:description\" content=\"ClinSearch supports pharmaceutical companies in France with compassionate use and early access programs (AAC, AP1, AP2). Certified HDS, ISO-compliant, and trusted by healthcare professionals.\" \/>\n<meta property=\"og:url\" content=\"https:\/\/www.clinsearch.net\/fr\/early-access-programs-france\/\" \/>\n<meta property=\"og:site_name\" content=\"ClinSearch\" \/>\n<meta property=\"article:modified_time\" content=\"2025-12-09T13:01:04+00:00\" \/>\n<meta name=\"twitter:card\" content=\"summary_large_image\" \/>\n<meta name=\"twitter:label1\" content=\"Dur\u00e9e de lecture estim\u00e9e\" \/>\n\t<meta name=\"twitter:data1\" content=\"2 minutes\" \/>\n<script type=\"application\/ld+json\" class=\"yoast-schema-graph\">{\"@context\":\"https:\/\/schema.org\",\"@graph\":[{\"@type\":\"WebPage\",\"@id\":\"https:\/\/www.clinsearch.net\/early-access-programs-france\/\",\"url\":\"https:\/\/www.clinsearch.net\/early-access-programs-france\/\",\"name\":\"Early Access Programs France\",\"isPartOf\":{\"@id\":\"https:\/\/dev-www.clinsearch.eu\/#website\"},\"datePublished\":\"2024-06-28T08:54:22+00:00\",\"dateModified\":\"2025-12-09T13:01:04+00:00\",\"description\":\"ClinSearch supports pharmaceutical companies in France with compassionate use and early access programs (AAC, AP1, AP2). Certified HDS, ISO-compliant, and trusted by healthcare professionals.\",\"breadcrumb\":{\"@id\":\"https:\/\/www.clinsearch.net\/early-access-programs-france\/#breadcrumb\"},\"inLanguage\":\"fr-FR\",\"potentialAction\":[{\"@type\":\"ReadAction\",\"target\":[\"https:\/\/www.clinsearch.net\/early-access-programs-france\/\"]}]},{\"@type\":\"BreadcrumbList\",\"@id\":\"https:\/\/www.clinsearch.net\/early-access-programs-france\/#breadcrumb\",\"itemListElement\":[{\"@type\":\"ListItem\",\"position\":1,\"name\":\"Home\",\"item\":\"https:\/\/www.clinsearch.net\/\"},{\"@type\":\"ListItem\",\"position\":2,\"name\":\"Early Access Programs\"}]},{\"@type\":\"WebSite\",\"@id\":\"https:\/\/dev-www.clinsearch.eu\/#website\",\"url\":\"https:\/\/dev-www.clinsearch.eu\/\",\"name\":\"ClinSearch\",\"description\":\"\",\"potentialAction\":[{\"@type\":\"SearchAction\",\"target\":{\"@type\":\"EntryPoint\",\"urlTemplate\":\"https:\/\/dev-www.clinsearch.eu\/?s={search_term_string}\"},\"query-input\":{\"@type\":\"PropertyValueSpecification\",\"valueRequired\":true,\"valueName\":\"search_term_string\"}}],\"inLanguage\":\"fr-FR\"}]}<\/script>\n<!-- \/ Yoast SEO plugin. -->","yoast_head_json":{"title":"Early Access Programs France","description":"ClinSearch supports pharmaceutical companies in France with compassionate use and early access programs (AAC, AP1, AP2). Certified HDS, ISO-compliant, and trusted by healthcare professionals.","robots":{"index":"index","follow":"follow","max-snippet":"max-snippet:-1","max-image-preview":"max-image-preview:large","max-video-preview":"max-video-preview:-1"},"canonical":"https:\/\/www.clinsearch.net\/fr\/early-access-programs-france\/","og_locale":"fr_FR","og_type":"article","og_title":"Early Access Programs France","og_description":"ClinSearch supports pharmaceutical companies in France with compassionate use and early access programs (AAC, AP1, AP2). Certified HDS, ISO-compliant, and trusted by healthcare professionals.","og_url":"https:\/\/www.clinsearch.net\/fr\/early-access-programs-france\/","og_site_name":"ClinSearch","article_modified_time":"2025-12-09T13:01:04+00:00","twitter_card":"summary_large_image","twitter_misc":{"Dur\u00e9e de lecture estim\u00e9e":"2 minutes"},"schema":{"@context":"https:\/\/schema.org","@graph":[{"@type":"WebPage","@id":"https:\/\/www.clinsearch.net\/early-access-programs-france\/","url":"https:\/\/www.clinsearch.net\/early-access-programs-france\/","name":"Early Access Programs France","isPartOf":{"@id":"https:\/\/dev-www.clinsearch.eu\/#website"},"datePublished":"2024-06-28T08:54:22+00:00","dateModified":"2025-12-09T13:01:04+00:00","description":"ClinSearch supports pharmaceutical companies in France with compassionate use and early access programs (AAC, AP1, AP2). Certified HDS, ISO-compliant, and trusted by healthcare professionals.","breadcrumb":{"@id":"https:\/\/www.clinsearch.net\/early-access-programs-france\/#breadcrumb"},"inLanguage":"fr-FR","potentialAction":[{"@type":"ReadAction","target":["https:\/\/www.clinsearch.net\/early-access-programs-france\/"]}]},{"@type":"BreadcrumbList","@id":"https:\/\/www.clinsearch.net\/early-access-programs-france\/#breadcrumb","itemListElement":[{"@type":"ListItem","position":1,"name":"Home","item":"https:\/\/www.clinsearch.net\/"},{"@type":"ListItem","position":2,"name":"Early Access Programs"}]},{"@type":"WebSite","@id":"https:\/\/dev-www.clinsearch.eu\/#website","url":"https:\/\/dev-www.clinsearch.eu\/","name":"ClinSearch","description":"","potentialAction":[{"@type":"SearchAction","target":{"@type":"EntryPoint","urlTemplate":"https:\/\/dev-www.clinsearch.eu\/?s={search_term_string}"},"query-input":{"@type":"PropertyValueSpecification","valueRequired":true,"valueName":"search_term_string"}}],"inLanguage":"fr-FR"}]}},"_links":{"self":[{"href":"https:\/\/www.clinsearch.net\/fr\/wp-json\/wp\/v2\/pages\/2473","targetHints":{"allow":["GET"]}}],"collection":[{"href":"https:\/\/www.clinsearch.net\/fr\/wp-json\/wp\/v2\/pages"}],"about":[{"href":"https:\/\/www.clinsearch.net\/fr\/wp-json\/wp\/v2\/types\/page"}],"author":[{"embeddable":true,"href":"https:\/\/www.clinsearch.net\/fr\/wp-json\/wp\/v2\/users\/3"}],"replies":[{"embeddable":true,"href":"https:\/\/www.clinsearch.net\/fr\/wp-json\/wp\/v2\/comments?post=2473"}],"version-history":[{"count":676,"href":"https:\/\/www.clinsearch.net\/fr\/wp-json\/wp\/v2\/pages\/2473\/revisions"}],"predecessor-version":[{"id":15787,"href":"https:\/\/www.clinsearch.net\/fr\/wp-json\/wp\/v2\/pages\/2473\/revisions\/15787"}],"wp:attachment":[{"href":"https:\/\/www.clinsearch.net\/fr\/wp-json\/wp\/v2\/media?parent=2473"}],"curies":[{"name":"wp","href":"https:\/\/api.w.org\/{rel}","templated":true}]}}