{"id":2477,"date":"2024-06-28T10:55:38","date_gmt":"2024-06-28T08:55:38","guid":{"rendered":"http:\/\/localhost\/wordpress\/?page_id=2477"},"modified":"2025-12-09T14:02:51","modified_gmt":"2025-12-09T13:02:51","slug":"electronic-data-capture-clinical-trials","status":"publish","type":"page","link":"https:\/\/www.clinsearch.net\/fr\/electronic-data-capture-clinical-trials\/","title":{"rendered":"Collecte de donn\u00e9es"},"content":{"rendered":"<div data-elementor-type=\"wp-page\" data-elementor-id=\"2477\" class=\"elementor elementor-2477\">\n\t\t\t\t<div class=\"elementor-element elementor-element-31adee1e e-con-full e-flex e-con e-parent\" data-id=\"31adee1e\" data-element_type=\"container\">\n\t\t<div class=\"elementor-element elementor-element-7eb61b0b e-con-full e-flex e-con e-child\" data-id=\"7eb61b0b\" data-element_type=\"container\">\n\t\t<div class=\"elementor-element elementor-element-46d75ef1 e-con-full e-flex e-con e-child\" data-id=\"46d75ef1\" data-element_type=\"container\">\n\t\t<div class=\"elementor-element elementor-element-1ca4f9b9 e-con-full e-flex e-con e-child\" data-id=\"1ca4f9b9\" data-element_type=\"container\">\n\t\t\t\t<div class=\"elementor-element elementor-element-5c51d5e2 elementor-widget elementor-widget-text-editor\" data-id=\"5c51d5e2\" data-element_type=\"widget\" data-widget_type=\"text-editor.default\">\n\t\t\t\t<div class=\"elementor-widget-container translation-block\"><span><span style=\"text-align: var(--text-align);letter-spacing: var( --e-global-typography-primary-letter-spacing )\"><span style=\"font-family: 'garamond';font-style: italic;font-size: 120%\">Nos <\/span>solutions &amp;\u00a0services<\/span><\/span><\/div>\n\t\t\t\t<\/div>\n\t\t\t\t<div class=\"elementor-element elementor-element-96e24eb raven-nav-menu-align-center raven-nav-menu-stretch raven-mobile-nav-menu-align-left elementor-widget elementor-widget-raven-nav-menu\" data-id=\"96e24eb\" data-element_type=\"widget\" data-settings=\"{&quot;submenu_icon&quot;:&quot;&lt;svg 0=\\&quot;fas fa-chevron-down\\&quot; class=\\&quot;e-font-icon-svg e-fas-chevron-down\\&quot;&gt;\\n\\t\\t\\t\\t\\t&lt;use xlink:href=\\&quot;#fas-chevron-down\\&quot;&gt;\\n\\t\\t\\t\\t\\t\\t&lt;symbol id=\\&quot;fas-chevron-down\\&quot; viewBox=\\&quot;0 0 448 512\\&quot;&gt;\\n\\t\\t\\t\\t\\t\\t\\t&lt;path d=\\&quot;M207.029 381.476L12.686 187.132c-9.373-9.373-9.373-24.569 0-33.941l22.667-22.667c9.357-9.357 24.522-9.375 33.901-.04L224 284.505l154.745-154.021c9.379-9.335 24.544-9.317 33.901.04l22.667 22.667c9.373 9.373 9.373 24.569 0 33.941L240.971 381.476c-9.373 9.372-24.569 9.372-33.942 0z\\&quot;&gt;&lt;\\\/path&gt;\\n\\t\\t\\t\\t\\t\\t&lt;\\\/symbol&gt;\\n\\t\\t\\t\\t\\t&lt;\\\/use&gt;\\n\\t\\t\\t\\t&lt;\\\/svg&gt;&quot;,&quot;full_width&quot;:&quot;stretch&quot;,&quot;mobile_layout&quot;:&quot;dropdown&quot;,&quot;submenu_space_between&quot;:{&quot;unit&quot;:&quot;px&quot;,&quot;size&quot;:&quot;&quot;,&quot;sizes&quot;:[]},&quot;submenu_opening_position&quot;:&quot;bottom&quot;}\" data-widget_type=\"raven-nav-menu.default\">\n\t\t\t\t<div class=\"elementor-widget-container\">\n\t\t\t\t\t\t\t<nav class=\"raven-nav-menu-main raven-nav-menu-horizontal raven-nav-menu-tablet- raven-nav-menu-mobile- raven-nav-icons-hidden-tablet raven-nav-icons-hidden-mobile\">\n\t\t\t<ul id=\"menu-96e24eb\" class=\"raven-nav-menu\"><li class=\"menu-item menu-item-type-post_type menu-item-object-page menu-item-13819\"><a href=\"https:\/\/www.clinsearch.net\/fr\/early-access-programs-france\/\" class=\"raven-menu-item raven-link-item\">Programmes d'acc\u00e8s d\u00e9rogatoire<\/a><\/li>\n<li class=\"menu-item menu-item-type-post_type menu-item-object-page menu-item-13821\"><a href=\"https:\/\/www.clinsearch.net\/fr\/cro-services\/\" class=\"raven-menu-item raven-link-item\">Services CRO<\/a><\/li>\n<li class=\"menu-item menu-item-type-post_type menu-item-object-page menu-item-13820\"><a href=\"https:\/\/www.clinsearch.net\/fr\/electronic-data-capture-clinical-trials\/\" class=\"raven-menu-item raven-link-item\">Collecte de donn\u00e9es<\/a><\/li>\n<li class=\"menu-item menu-item-type-post_type menu-item-object-page menu-item-13818\"><a href=\"https:\/\/www.clinsearch.net\/fr\/independent-committees-clinical-trials\/\" class=\"raven-menu-item raven-link-item\">Comit\u00e9s ind\u00e9pendants<\/a><\/li>\n<li class=\"menu-item menu-item-type-post_type menu-item-object-page menu-item-13817\"><a href=\"https:\/\/www.clinsearch.net\/fr\/market-access-services\/\" class=\"raven-menu-item raven-link-item\">Acc\u00e8s au march\u00e9 &amp; HEOR<\/a><\/li>\n<li class=\"menu-item menu-item-type-post_type menu-item-object-page menu-item-13816\"><a href=\"https:\/\/www.clinsearch.net\/fr\/medicine-acceptability\/\" class=\"raven-menu-item raven-link-item\">Acceptabilit\u00e9 des m\u00e9dicaments<\/a><\/li>\n<li class=\"menu-item menu-item-type-post_type menu-item-object-page menu-item-13815\"><a href=\"https:\/\/www.clinsearch.net\/fr\/clinical-trial-quality-assurance\/\" class=\"raven-menu-item raven-link-item\">Assurance qualit\u00e9<\/a><\/li>\n<li class=\"menu-item menu-item-type-post_type menu-item-object-page menu-item-13814\"><a href=\"https:\/\/www.clinsearch.net\/fr\/clinical-trial-safety-reporting\/\" class=\"raven-menu-item raven-link-item\">Vigilance<\/a><\/li>\n<li class=\"menu-item menu-item-type-post_type menu-item-object-page menu-item-13822\"><a href=\"https:\/\/www.clinsearch.net\/fr\/clinical-trial-statistics-medical-writing\/\" class=\"raven-menu-item raven-link-item\">R\u00e9daction m\u00e9dicale &amp; valorisation des donn\u00e9es<\/a><\/li>\n<li class=\"menu-item menu-item-type-post_type menu-item-object-page menu-item-14359\"><a href=\"https:\/\/www.clinsearch.net\/fr\/medtech-certification-support\/\" class=\"raven-menu-item raven-link-item\">MedTech certification support<\/a><\/li>\n<\/ul>\t\t<\/nav>\n\n\t\t<div class=\"raven-nav-menu-toggle\">\n\n\t\t\t\t\t\t<div class=\"raven-nav-menu-toggle-button\">\n\t\t\t\t\t\t\t\t<span class=\"fa fa-bars\"><\/span>\n\t\t\t\t\t\t\t\t<\/div>\n\n\t\t<\/div>\n\t\t<nav class=\"raven-nav-icons-hidden-tablet raven-nav-icons-hidden-mobile raven-nav-menu-mobile raven-nav-menu-dropdown\">\n\t\t\t\t\t\t\t\t\t<div class=\"raven-container\">\n\t\t\t\t<ul id=\"menu-mobile-96e24eb\" class=\"raven-nav-menu\"><li class=\"menu-item menu-item-type-post_type menu-item-object-page menu-item-13819\"><a href=\"https:\/\/www.clinsearch.net\/fr\/early-access-programs-france\/\" class=\"raven-menu-item raven-link-item\">Programmes d'acc\u00e8s d\u00e9rogatoire<\/a><\/li>\n<li class=\"menu-item menu-item-type-post_type menu-item-object-page menu-item-13821\"><a href=\"https:\/\/www.clinsearch.net\/fr\/cro-services\/\" class=\"raven-menu-item raven-link-item\">Services CRO<\/a><\/li>\n<li class=\"menu-item menu-item-type-post_type menu-item-object-page menu-item-13820\"><a href=\"https:\/\/www.clinsearch.net\/fr\/electronic-data-capture-clinical-trials\/\" class=\"raven-menu-item raven-link-item\">Collecte de donn\u00e9es<\/a><\/li>\n<li class=\"menu-item menu-item-type-post_type menu-item-object-page menu-item-13818\"><a href=\"https:\/\/www.clinsearch.net\/fr\/independent-committees-clinical-trials\/\" class=\"raven-menu-item raven-link-item\">Comit\u00e9s ind\u00e9pendants<\/a><\/li>\n<li class=\"menu-item menu-item-type-post_type menu-item-object-page menu-item-13817\"><a href=\"https:\/\/www.clinsearch.net\/fr\/market-access-services\/\" class=\"raven-menu-item raven-link-item\">Acc\u00e8s au march\u00e9 &amp; HEOR<\/a><\/li>\n<li class=\"menu-item menu-item-type-post_type menu-item-object-page menu-item-13816\"><a href=\"https:\/\/www.clinsearch.net\/fr\/medicine-acceptability\/\" class=\"raven-menu-item raven-link-item\">Acceptabilit\u00e9 des m\u00e9dicaments<\/a><\/li>\n<li class=\"menu-item menu-item-type-post_type menu-item-object-page menu-item-13815\"><a href=\"https:\/\/www.clinsearch.net\/fr\/clinical-trial-quality-assurance\/\" class=\"raven-menu-item raven-link-item\">Assurance qualit\u00e9<\/a><\/li>\n<li class=\"menu-item menu-item-type-post_type menu-item-object-page menu-item-13814\"><a href=\"https:\/\/www.clinsearch.net\/fr\/clinical-trial-safety-reporting\/\" class=\"raven-menu-item raven-link-item\">Vigilance<\/a><\/li>\n<li class=\"menu-item menu-item-type-post_type menu-item-object-page menu-item-13822\"><a href=\"https:\/\/www.clinsearch.net\/fr\/clinical-trial-statistics-medical-writing\/\" class=\"raven-menu-item raven-link-item\">R\u00e9daction m\u00e9dicale &amp; valorisation des donn\u00e9es<\/a><\/li>\n<li class=\"menu-item menu-item-type-post_type menu-item-object-page menu-item-14359\"><a href=\"https:\/\/www.clinsearch.net\/fr\/medtech-certification-support\/\" class=\"raven-menu-item raven-link-item\">MedTech certification support<\/a><\/li>\n<\/ul>\t\t\t<\/div>\n\t\t<\/nav>\n\t\t\t\t\t\t<\/div>\n\t\t\t\t<\/div>\n\t\t<div class=\"elementor-element elementor-element-33a3b0ef e-con-full e-flex e-con e-child\" data-id=\"33a3b0ef\" data-element_type=\"container\">\n\t\t\t\t<div class=\"elementor-element elementor-element-54d57fbd elementor-widget__width-initial elementor-widget elementor-widget-heading\" data-id=\"54d57fbd\" data-element_type=\"widget\" data-widget_type=\"heading.default\">\n\t\t\t\t<div class=\"elementor-widget-container\">\n\t\t\t\t\t<h1 class=\"elementor-heading-title elementor-size-default\">EDClin &amp; gestion des donn\u00e9es<\/h1>\t\t\t\t<\/div>\n\t\t\t\t<\/div>\n\t\t<div class=\"elementor-element elementor-element-6df0db2f e-con-full e-flex e-con e-child\" data-id=\"6df0db2f\" data-element_type=\"container\">\n\t\t\t\t<div class=\"elementor-element elementor-element-4c15e6a8 elementor-widget__width-inherit elementor-widget elementor-widget-heading\" data-id=\"4c15e6a8\" data-element_type=\"widget\" data-widget_type=\"heading.default\">\n\t\t\t\t<div class=\"elementor-widget-container\">\n\t\t\t\t\t<p class=\"elementor-heading-title elementor-size-default\"><a href=\"http:\/\/edclin.com\/\" style=\"color:#0077c8\"><b>EDClin<sup>TM<\/sup><\/b><\/a>, une marque de ClinSearch, est une plateforme de capture des donn\u00e9es (Electronic Data Capture, EDC) qui se d\u00e9marque par son intuitivit\u00e9 et sa capacit\u00e9 \u00e0 s'adapter aux exigences sp\u00e9cifiques de chaque \u00e9tude et de chaque sponsor. D\u00e9velopp\u00e9e sur la base des commentaires utilisateurs, EDClin<sup>TM<\/sup> offre une interface et un syst\u00e8me de gestion des requ\u00eates simples \u00e0 utiliser, une vari\u00e9t\u00e9 d'options personnalisables pour l'acc\u00e8s aux donn\u00e9es, les rapports et le stockage, ainsi que des donn\u00e9es propres et sans erreur, imm\u00e9diatement disponibles pour analyse. L'EDC est personnalis\u00e9 au d\u00e9but de chaque \u00e9tude et g\u00e9r\u00e9 en interne par nos experts en informatique et en gestion des donn\u00e9es, dans le respect le plus strict des proc\u00e9dures op\u00e9rationnelles standard (SOP) et des <a href=\"https:\/\/www.clinsearch.net\/fr\/clinical-trial-quality-assurance\/\" style=\"color:#0077c8\"><b>standards de qualit\u00e9<\/b><\/a>.<br><br>Afin de garantir une compatibilit\u00e9 optimale avec les diff\u00e9rents syst\u00e8mes d'exploitation, EDClin<sup>TM<\/sup> est une solution <b>bas\u00e9e sur HTML5<\/b> qui ne n\u00e9cessite aucune installation d'application sur poste. Notre EDC dispose d'une option int\u00e9gr\u00e9e permettant de t\u00e9l\u00e9verser des fichiers d'imagerie\/DICOM et d'autres documents. D'autres options personnalis\u00e9es peuvent \u00eatre ajout\u00e9es, telles que <b>l'int\u00e9gration d'un module Core Lab, d'un module CEC, de dictionnaires EI\/Traitement, de notifications par e-mail\/SMS, d'applications de d\u00e9personnalisation DICOM<\/b>, etc.<br><br>Nous avons \u00e9galement de l\u2019exp\u00e9rience dans le d\u00e9veloppement d\u2019applications pour la collecte facilit\u00e9e de donn\u00e9es sur les r\u00e9sultats d\u00e9clar\u00e9s par les patients (OPR).<\/p>\t\t\t\t<\/div>\n\t\t\t\t<\/div>\n\t\t\t\t<div class=\"elementor-element elementor-element-559e654 elementor-widget__width-inherit elementor-widget elementor-widget-heading\" data-id=\"559e654\" data-element_type=\"widget\" data-widget_type=\"heading.default\">\n\t\t\t\t<div class=\"elementor-widget-container\">\n\t\t\t\t\t<p class=\"elementor-heading-title elementor-size-default\"><div style=\"margin-top: 1.2em;padding: 1em;background-color: #f0f8ff;border-left: 4px solid #0077c8;line-height: 1.4\">\n  <b>B\u00e9n\u00e9ficiez d'une collecte de donn\u00e9es transparente et intuitive avec EDClin\u2122<\/b><br>\n    <a href=\"https:\/\/www.clinsearch.net\/fr\/contact\/\" style=\"color:#0077c8;font-weight:bold\">Contactez nous,<\/a> pour planifier une d\u00e9monstration avec nos \u00e9quipes et d\u00e9couvrir comment EDClin\u2122 peut vous accompagner dans vos \u00e9tudes.\n<\/div>\n<\/p>\t\t\t\t<\/div>\n\t\t\t\t<\/div>\n\t\t\t\t<\/div>\n\t\t\t\t<\/div>\n\t\t\t\t<\/div>\n\t\t\t\t<\/div>\n\t\t<div class=\"elementor-element elementor-element-629cc3d e-con-full e-flex e-con e-child\" data-id=\"629cc3d\" data-element_type=\"container\">\n\t\t<div class=\"elementor-element elementor-element-1e1fa546 e-con-full e-flex e-con e-child\" data-id=\"1e1fa546\" data-element_type=\"container\">\n\t\t<div class=\"elementor-element elementor-element-e677bf1 e-flex e-con-boxed e-con e-child\" data-id=\"e677bf1\" data-element_type=\"container\">\n\t\t\t\t\t<div class=\"e-con-inner\">\n\t\t<div class=\"elementor-element elementor-element-3094538e e-con-full e-flex e-con e-child\" data-id=\"3094538e\" data-element_type=\"container\">\n\t\t\t\t<div class=\"elementor-element elementor-element-3f673197 elementor-widget__width-inherit elementor-widget elementor-widget-heading\" data-id=\"3f673197\" data-element_type=\"widget\" data-widget_type=\"heading.default\">\n\t\t\t\t<div class=\"elementor-widget-container\">\n\t\t\t\t\t<h4 class=\"elementor-heading-title elementor-size-default\">Nos solutions<\/h4>\t\t\t\t<\/div>\n\t\t\t\t<\/div>\n\t\t\t\t<div class=\"elementor-element elementor-element-73f8b9c elementor-widget__width-inherit elementor-widget elementor-widget-heading\" data-id=\"73f8b9c\" data-element_type=\"widget\" data-widget_type=\"heading.default\">\n\t\t\t\t<div class=\"elementor-widget-container\">\n\t\t\t\t\t<p class=\"elementor-heading-title elementor-size-default\">Mod\u00e9lisation de bases de donn\u00e9es<br>\nApplications de saisie de donn\u00e9es<br>\nPseudonymisation DICOM<br>\nPlan de validation des donn\u00e9es<br>\nApplications mobiles pour patients<\/p>\t\t\t\t<\/div>\n\t\t\t\t<\/div>\n\t\t\t\t<\/div>\n\t\t<div class=\"elementor-element elementor-element-2c44ae7a e-con-full e-flex e-con e-child\" data-id=\"2c44ae7a\" data-element_type=\"container\">\n\t\t\t\t<div class=\"elementor-element elementor-element-789a2cc6 elementor-widget__width-inherit elementor-widget elementor-widget-heading\" data-id=\"789a2cc6\" data-element_type=\"widget\" data-widget_type=\"heading.default\">\n\t\t\t\t<div class=\"elementor-widget-container\">\n\t\t\t\t\t<h4 class=\"elementor-heading-title elementor-size-default\">Ressources<\/h4>\t\t\t\t<\/div>\n\t\t\t\t<\/div>\n\t\t\t\t<div class=\"elementor-element elementor-element-37bad1cf elementor-widget__width-inherit elementor-widget elementor-widget-heading\" data-id=\"37bad1cf\" data-element_type=\"widget\" data-widget_type=\"heading.default\">\n\t\t\t\t<div class=\"elementor-widget-container\">\n\t\t\t\t\t<p class=\"elementor-heading-title elementor-size-default\">Directeur principal des syst\u00e8mes d'information<br>Ing\u00e9nieurs des syst\u00e8mes d'information<br>Data Manager<\/p>\t\t\t\t<\/div>\n\t\t\t\t<\/div>\n\t\t\t\t<\/div>\n\t\t<div class=\"elementor-element elementor-element-5ec4cb3f e-con-full e-flex e-con e-child\" data-id=\"5ec4cb3f\" data-element_type=\"container\">\n\t\t\t\t<div class=\"elementor-element elementor-element-5fda0dff elementor-widget__width-inherit elementor-widget elementor-widget-heading\" data-id=\"5fda0dff\" data-element_type=\"widget\" data-widget_type=\"heading.default\">\n\t\t\t\t<div class=\"elementor-widget-container\">\n\t\t\t\t\t<h4 class=\"elementor-heading-title elementor-size-default\">Technologies<\/h4>\t\t\t\t<\/div>\n\t\t\t\t<\/div>\n\t\t\t\t<div class=\"elementor-element elementor-element-ee17be7 elementor-widget__width-inherit elementor-widget elementor-widget-heading\" data-id=\"ee17be7\" data-element_type=\"widget\" data-widget_type=\"heading.default\">\n\t\t\t\t<div class=\"elementor-widget-container\">\n\t\t\t\t\t<p class=\"elementor-heading-title elementor-size-default\">Jakarta EE<br>Enterprise Beans<br>JavaMail<br>JavaServer Faces (JSF)<br>HTML5, CSS, JavaScript<br>Services web<br>Oracle Database<br>PostgreSQL<\/p>\t\t\t\t<\/div>\n\t\t\t\t<\/div>\n\t\t\t\t<\/div>\n\t\t<div class=\"elementor-element elementor-element-3832a45 e-con-full e-flex e-con e-child\" data-id=\"3832a45\" data-element_type=\"container\">\n\t\t\t\t<div class=\"elementor-element elementor-element-699c3ed9 elementor-widget__width-inherit elementor-widget elementor-widget-heading\" data-id=\"699c3ed9\" data-element_type=\"widget\" data-widget_type=\"heading.default\">\n\t\t\t\t<div class=\"elementor-widget-container\">\n\t\t\t\t\t<h4 class=\"elementor-heading-title elementor-size-default\">Standards<\/h4>\t\t\t\t<\/div>\n\t\t\t\t<\/div>\n\t\t\t\t<div class=\"elementor-element elementor-element-3d8ace5f elementor-widget__width-inherit elementor-widget elementor-widget-heading\" data-id=\"3d8ace5f\" data-element_type=\"widget\" data-widget_type=\"heading.default\">\n\t\t\t\t<div class=\"elementor-widget-container\">\n\t\t\t\t\t<p class=\"elementor-heading-title elementor-size-default translation-block\"><a class=\"hvr-sweep-to bottom blue\" href=\"https:\/\/www.fda.gov\/RegulatoryInformation\/Guidances\/ucm125067.htm\" target=\"_blank\" rel=\"noopener\">FDA CFR 21 part 11<\/a><br><a class=\"hvr-sweep-to-bottom blue\" href=\"https:\/\/ispe.org\/publications\/guidance-documents\/gamp-5\" target=\"_blank\" rel=\"noopener\">GAMP 5<\/a><br><a class=\"hvr-sweep-to-bottom blue\" href=\"https:\/\/www.scdm.org\/publications\/gcdmp\/\" target=\"_blank\" rel=\"noopener\">GCDMP<\/a><br><a class=\"hvr-sweep-to-bottom blue\" href=\"https:\/\/www.iso.org\/isoiec-27001-information-security.html\" target=\"_blank\" rel=\"noopener\">H\u00e9bergement\u00a0: ISO 27001<\/a><\/p>\t\t\t\t<\/div>\n\t\t\t\t<\/div>\n\t\t\t\t<\/div>\n\t\t\t\t\t<\/div>\n\t\t\t\t<\/div>\n\t\t<div class=\"elementor-element elementor-element-16a5e632 e-con-full e-flex e-con e-child\" data-id=\"16a5e632\" data-element_type=\"container\">\n\t\t\t\t<\/div>\n\t\t\t\t<\/div>\n\t\t\t\t<\/div>\n\t\t\t\t<\/div>\n\t\t\t\t<\/div>\n\t\t\t\t<\/div>","protected":false},"excerpt":{"rendered":"<p>Our brands &#038;\u00a0services Early Access Programs CRO Services Data Collection Independent Committees Market Access &#038; HEOR Medicine Acceptability Quality Assurance Safety Reporting Medical Writing &amp; Data Valorization MedTech Certification Support Early Access Programs CRO Services Data Collection Independent Committees Market Access &#038; HEOR Medicine Acceptability Quality Assurance Safety Reporting Medical Writing &amp; Data Valorization MedTech [&hellip;]<\/p>","protected":false},"author":3,"featured_media":0,"parent":0,"menu_order":0,"comment_status":"closed","ping_status":"closed","template":"full-width.php","meta":{"_acf_changed":false,"footnotes":""},"class_list":["post-2477","page","type-page","status-publish","hentry"],"acf":[],"yoast_head":"<!-- This site is optimized with the Yoast SEO plugin v26.2 - https:\/\/yoast.com\/wordpress\/plugins\/seo\/ -->\n<title>Electronic Data Capture Clinical Trials | EDClin by ClinSearch<\/title>\n<meta name=\"description\" content=\"EDClin\u2122 is an electronic data capture system for clinical trials, offering secure, customizable, and compliant data collection. Request a free demo.\" \/>\n<meta name=\"robots\" content=\"index, follow, max-snippet:-1, max-image-preview:large, max-video-preview:-1\" \/>\n<link rel=\"canonical\" href=\"https:\/\/www.clinsearch.net\/fr\/electronic-data-capture-clinical-trials\/\" \/>\n<meta property=\"og:locale\" content=\"fr_FR\" \/>\n<meta property=\"og:type\" content=\"article\" \/>\n<meta property=\"og:title\" content=\"Electronic Data Capture Clinical Trials | EDClin by ClinSearch\" \/>\n<meta property=\"og:description\" content=\"EDClin\u2122 is an electronic data capture system for clinical trials, offering secure, customizable, and compliant data collection. Request a free demo.\" \/>\n<meta property=\"og:url\" content=\"https:\/\/www.clinsearch.net\/fr\/electronic-data-capture-clinical-trials\/\" \/>\n<meta property=\"og:site_name\" content=\"ClinSearch\" \/>\n<meta property=\"article:modified_time\" content=\"2025-12-09T13:02:51+00:00\" \/>\n<meta name=\"twitter:card\" content=\"summary_large_image\" \/>\n<meta name=\"twitter:label1\" content=\"Dur\u00e9e de lecture estim\u00e9e\" \/>\n\t<meta name=\"twitter:data1\" content=\"2 minutes\" \/>\n<script type=\"application\/ld+json\" class=\"yoast-schema-graph\">{\"@context\":\"https:\/\/schema.org\",\"@graph\":[{\"@type\":\"WebPage\",\"@id\":\"https:\/\/www.clinsearch.net\/electronic-data-capture-clinical-trials\/\",\"url\":\"https:\/\/www.clinsearch.net\/electronic-data-capture-clinical-trials\/\",\"name\":\"Electronic Data Capture Clinical Trials | EDClin by ClinSearch\",\"isPartOf\":{\"@id\":\"https:\/\/dev-www.clinsearch.eu\/#website\"},\"datePublished\":\"2024-06-28T08:55:38+00:00\",\"dateModified\":\"2025-12-09T13:02:51+00:00\",\"description\":\"EDClin\u2122 is an electronic data capture system for clinical trials, offering secure, customizable, and compliant data collection. Request a free demo.\",\"breadcrumb\":{\"@id\":\"https:\/\/www.clinsearch.net\/electronic-data-capture-clinical-trials\/#breadcrumb\"},\"inLanguage\":\"fr-FR\",\"potentialAction\":[{\"@type\":\"ReadAction\",\"target\":[\"https:\/\/www.clinsearch.net\/electronic-data-capture-clinical-trials\/\"]}]},{\"@type\":\"BreadcrumbList\",\"@id\":\"https:\/\/www.clinsearch.net\/electronic-data-capture-clinical-trials\/#breadcrumb\",\"itemListElement\":[{\"@type\":\"ListItem\",\"position\":1,\"name\":\"Home\",\"item\":\"https:\/\/www.clinsearch.net\/\"},{\"@type\":\"ListItem\",\"position\":2,\"name\":\"Data Collection\"}]},{\"@type\":\"WebSite\",\"@id\":\"https:\/\/dev-www.clinsearch.eu\/#website\",\"url\":\"https:\/\/dev-www.clinsearch.eu\/\",\"name\":\"ClinSearch\",\"description\":\"\",\"potentialAction\":[{\"@type\":\"SearchAction\",\"target\":{\"@type\":\"EntryPoint\",\"urlTemplate\":\"https:\/\/dev-www.clinsearch.eu\/?s={search_term_string}\"},\"query-input\":{\"@type\":\"PropertyValueSpecification\",\"valueRequired\":true,\"valueName\":\"search_term_string\"}}],\"inLanguage\":\"fr-FR\"}]}<\/script>\n<!-- \/ Yoast SEO plugin. -->","yoast_head_json":{"title":"Electronic Data Capture Clinical Trials | EDClin by ClinSearch","description":"EDClin\u2122 is an electronic data capture system for clinical trials, offering secure, customizable, and compliant data collection. Request a free demo.","robots":{"index":"index","follow":"follow","max-snippet":"max-snippet:-1","max-image-preview":"max-image-preview:large","max-video-preview":"max-video-preview:-1"},"canonical":"https:\/\/www.clinsearch.net\/fr\/electronic-data-capture-clinical-trials\/","og_locale":"fr_FR","og_type":"article","og_title":"Electronic Data Capture Clinical Trials | EDClin by ClinSearch","og_description":"EDClin\u2122 is an electronic data capture system for clinical trials, offering secure, customizable, and compliant data collection. Request a free demo.","og_url":"https:\/\/www.clinsearch.net\/fr\/electronic-data-capture-clinical-trials\/","og_site_name":"ClinSearch","article_modified_time":"2025-12-09T13:02:51+00:00","twitter_card":"summary_large_image","twitter_misc":{"Dur\u00e9e de lecture estim\u00e9e":"2 minutes"},"schema":{"@context":"https:\/\/schema.org","@graph":[{"@type":"WebPage","@id":"https:\/\/www.clinsearch.net\/electronic-data-capture-clinical-trials\/","url":"https:\/\/www.clinsearch.net\/electronic-data-capture-clinical-trials\/","name":"Electronic Data Capture Clinical Trials | EDClin by ClinSearch","isPartOf":{"@id":"https:\/\/dev-www.clinsearch.eu\/#website"},"datePublished":"2024-06-28T08:55:38+00:00","dateModified":"2025-12-09T13:02:51+00:00","description":"EDClin\u2122 is an electronic data capture system for clinical trials, offering secure, customizable, and compliant data collection. Request a free demo.","breadcrumb":{"@id":"https:\/\/www.clinsearch.net\/electronic-data-capture-clinical-trials\/#breadcrumb"},"inLanguage":"fr-FR","potentialAction":[{"@type":"ReadAction","target":["https:\/\/www.clinsearch.net\/electronic-data-capture-clinical-trials\/"]}]},{"@type":"BreadcrumbList","@id":"https:\/\/www.clinsearch.net\/electronic-data-capture-clinical-trials\/#breadcrumb","itemListElement":[{"@type":"ListItem","position":1,"name":"Home","item":"https:\/\/www.clinsearch.net\/"},{"@type":"ListItem","position":2,"name":"Data Collection"}]},{"@type":"WebSite","@id":"https:\/\/dev-www.clinsearch.eu\/#website","url":"https:\/\/dev-www.clinsearch.eu\/","name":"ClinSearch","description":"","potentialAction":[{"@type":"SearchAction","target":{"@type":"EntryPoint","urlTemplate":"https:\/\/dev-www.clinsearch.eu\/?s={search_term_string}"},"query-input":{"@type":"PropertyValueSpecification","valueRequired":true,"valueName":"search_term_string"}}],"inLanguage":"fr-FR"}]}},"_links":{"self":[{"href":"https:\/\/www.clinsearch.net\/fr\/wp-json\/wp\/v2\/pages\/2477","targetHints":{"allow":["GET"]}}],"collection":[{"href":"https:\/\/www.clinsearch.net\/fr\/wp-json\/wp\/v2\/pages"}],"about":[{"href":"https:\/\/www.clinsearch.net\/fr\/wp-json\/wp\/v2\/types\/page"}],"author":[{"embeddable":true,"href":"https:\/\/www.clinsearch.net\/fr\/wp-json\/wp\/v2\/users\/3"}],"replies":[{"embeddable":true,"href":"https:\/\/www.clinsearch.net\/fr\/wp-json\/wp\/v2\/comments?post=2477"}],"version-history":[{"count":280,"href":"https:\/\/www.clinsearch.net\/fr\/wp-json\/wp\/v2\/pages\/2477\/revisions"}],"predecessor-version":[{"id":15790,"href":"https:\/\/www.clinsearch.net\/fr\/wp-json\/wp\/v2\/pages\/2477\/revisions\/15790"}],"wp:attachment":[{"href":"https:\/\/www.clinsearch.net\/fr\/wp-json\/wp\/v2\/media?parent=2477"}],"curies":[{"name":"wp","href":"https:\/\/api.w.org\/{rel}","templated":true}]}}