{"id":2479,"date":"2024-06-28T10:56:45","date_gmt":"2024-06-28T08:56:45","guid":{"rendered":"http:\/\/localhost\/wordpress\/?page_id=2479"},"modified":"2025-12-09T14:04:47","modified_gmt":"2025-12-09T13:04:47","slug":"independent-committees-clinical-trials","status":"publish","type":"page","link":"https:\/\/www.clinsearch.net\/fr\/independent-committees-clinical-trials\/","title":{"rendered":"Comit\u00e9s ind\u00e9pendants"},"content":{"rendered":"<div data-elementor-type=\"wp-page\" data-elementor-id=\"2479\" class=\"elementor elementor-2479\">\n\t\t\t\t<div class=\"elementor-element elementor-element-3ec680b5 e-con-full e-flex e-con e-parent\" data-id=\"3ec680b5\" data-element_type=\"container\">\n\t\t<div class=\"elementor-element elementor-element-5542a84c e-con-full e-flex e-con e-child\" data-id=\"5542a84c\" data-element_type=\"container\">\n\t\t<div class=\"elementor-element elementor-element-750d06cc e-con-full e-flex e-con e-child\" data-id=\"750d06cc\" data-element_type=\"container\">\n\t\t<div class=\"elementor-element elementor-element-314c03e e-con-full e-flex e-con e-child\" data-id=\"314c03e\" data-element_type=\"container\">\n\t\t\t\t<div class=\"elementor-element elementor-element-2971b79d elementor-widget elementor-widget-text-editor\" data-id=\"2971b79d\" data-element_type=\"widget\" data-widget_type=\"text-editor.default\">\n\t\t\t\t<div class=\"elementor-widget-container translation-block\"><span><span style=\"text-align: var(--text-align);letter-spacing: var( --e-global-typography-primary-letter-spacing )\"><span style=\"font-family: 'garamond';font-style: italic;font-size: 120%\">Nos <\/span>solutions &amp;\u00a0services<\/span><\/span><\/div>\n\t\t\t\t<\/div>\n\t\t\t\t<div class=\"elementor-element elementor-element-c51a8aa raven-nav-menu-align-center raven-nav-menu-stretch raven-mobile-nav-menu-align-left elementor-widget elementor-widget-raven-nav-menu\" data-id=\"c51a8aa\" data-element_type=\"widget\" data-settings=\"{&quot;submenu_icon&quot;:&quot;&lt;svg 0=\\&quot;fas fa-chevron-down\\&quot; class=\\&quot;e-font-icon-svg e-fas-chevron-down\\&quot;&gt;\\n\\t\\t\\t\\t\\t&lt;use xlink:href=\\&quot;#fas-chevron-down\\&quot;&gt;\\n\\t\\t\\t\\t\\t\\t&lt;symbol id=\\&quot;fas-chevron-down\\&quot; viewBox=\\&quot;0 0 448 512\\&quot;&gt;\\n\\t\\t\\t\\t\\t\\t\\t&lt;path d=\\&quot;M207.029 381.476L12.686 187.132c-9.373-9.373-9.373-24.569 0-33.941l22.667-22.667c9.357-9.357 24.522-9.375 33.901-.04L224 284.505l154.745-154.021c9.379-9.335 24.544-9.317 33.901.04l22.667 22.667c9.373 9.373 9.373 24.569 0 33.941L240.971 381.476c-9.373 9.372-24.569 9.372-33.942 0z\\&quot;&gt;&lt;\\\/path&gt;\\n\\t\\t\\t\\t\\t\\t&lt;\\\/symbol&gt;\\n\\t\\t\\t\\t\\t&lt;\\\/use&gt;\\n\\t\\t\\t\\t&lt;\\\/svg&gt;&quot;,&quot;full_width&quot;:&quot;stretch&quot;,&quot;mobile_layout&quot;:&quot;dropdown&quot;,&quot;submenu_space_between&quot;:{&quot;unit&quot;:&quot;px&quot;,&quot;size&quot;:&quot;&quot;,&quot;sizes&quot;:[]},&quot;submenu_opening_position&quot;:&quot;bottom&quot;}\" data-widget_type=\"raven-nav-menu.default\">\n\t\t\t\t<div class=\"elementor-widget-container\">\n\t\t\t\t\t\t\t<nav class=\"raven-nav-menu-main raven-nav-menu-horizontal raven-nav-menu-tablet- raven-nav-menu-mobile- raven-nav-icons-hidden-tablet raven-nav-icons-hidden-mobile\">\n\t\t\t<ul id=\"menu-c51a8aa\" class=\"raven-nav-menu\"><li class=\"menu-item menu-item-type-post_type menu-item-object-page menu-item-13819\"><a href=\"https:\/\/www.clinsearch.net\/fr\/early-access-programs-france\/\" class=\"raven-menu-item raven-link-item\">Programmes d'acc\u00e8s d\u00e9rogatoire<\/a><\/li>\n<li class=\"menu-item menu-item-type-post_type menu-item-object-page menu-item-13821\"><a href=\"https:\/\/www.clinsearch.net\/fr\/cro-services\/\" class=\"raven-menu-item raven-link-item\">Services CRO<\/a><\/li>\n<li class=\"menu-item menu-item-type-post_type menu-item-object-page menu-item-13820\"><a href=\"https:\/\/www.clinsearch.net\/fr\/electronic-data-capture-clinical-trials\/\" class=\"raven-menu-item raven-link-item\">Collecte de donn\u00e9es<\/a><\/li>\n<li class=\"menu-item menu-item-type-post_type menu-item-object-page menu-item-13818\"><a href=\"https:\/\/www.clinsearch.net\/fr\/independent-committees-clinical-trials\/\" class=\"raven-menu-item raven-link-item\">Comit\u00e9s ind\u00e9pendants<\/a><\/li>\n<li class=\"menu-item menu-item-type-post_type menu-item-object-page menu-item-13817\"><a href=\"https:\/\/www.clinsearch.net\/fr\/market-access-services\/\" class=\"raven-menu-item raven-link-item\">Acc\u00e8s au march\u00e9 &amp; HEOR<\/a><\/li>\n<li class=\"menu-item menu-item-type-post_type menu-item-object-page menu-item-13816\"><a href=\"https:\/\/www.clinsearch.net\/fr\/medicine-acceptability\/\" class=\"raven-menu-item raven-link-item\">Acceptabilit\u00e9 des m\u00e9dicaments<\/a><\/li>\n<li class=\"menu-item menu-item-type-post_type menu-item-object-page menu-item-13815\"><a href=\"https:\/\/www.clinsearch.net\/fr\/clinical-trial-quality-assurance\/\" class=\"raven-menu-item raven-link-item\">Assurance qualit\u00e9<\/a><\/li>\n<li class=\"menu-item menu-item-type-post_type menu-item-object-page menu-item-13814\"><a href=\"https:\/\/www.clinsearch.net\/fr\/clinical-trial-safety-reporting\/\" class=\"raven-menu-item raven-link-item\">Vigilance<\/a><\/li>\n<li class=\"menu-item menu-item-type-post_type menu-item-object-page menu-item-13822\"><a href=\"https:\/\/www.clinsearch.net\/fr\/clinical-trial-statistics-medical-writing\/\" class=\"raven-menu-item raven-link-item\">R\u00e9daction m\u00e9dicale &amp; valorisation des donn\u00e9es<\/a><\/li>\n<li class=\"menu-item menu-item-type-post_type menu-item-object-page menu-item-14359\"><a href=\"https:\/\/www.clinsearch.net\/fr\/medtech-certification-support\/\" class=\"raven-menu-item raven-link-item\">MedTech certification support<\/a><\/li>\n<\/ul>\t\t<\/nav>\n\n\t\t<div class=\"raven-nav-menu-toggle\">\n\n\t\t\t\t\t\t<div class=\"raven-nav-menu-toggle-button\">\n\t\t\t\t\t\t\t\t<span class=\"fa fa-bars\"><\/span>\n\t\t\t\t\t\t\t\t<\/div>\n\n\t\t<\/div>\n\t\t<nav class=\"raven-nav-icons-hidden-tablet raven-nav-icons-hidden-mobile raven-nav-menu-mobile raven-nav-menu-dropdown\">\n\t\t\t\t\t\t\t\t\t<div class=\"raven-container\">\n\t\t\t\t<ul id=\"menu-mobile-c51a8aa\" class=\"raven-nav-menu\"><li class=\"menu-item menu-item-type-post_type menu-item-object-page menu-item-13819\"><a href=\"https:\/\/www.clinsearch.net\/fr\/early-access-programs-france\/\" class=\"raven-menu-item raven-link-item\">Programmes d'acc\u00e8s d\u00e9rogatoire<\/a><\/li>\n<li class=\"menu-item menu-item-type-post_type menu-item-object-page menu-item-13821\"><a href=\"https:\/\/www.clinsearch.net\/fr\/cro-services\/\" class=\"raven-menu-item raven-link-item\">Services CRO<\/a><\/li>\n<li class=\"menu-item menu-item-type-post_type menu-item-object-page menu-item-13820\"><a href=\"https:\/\/www.clinsearch.net\/fr\/electronic-data-capture-clinical-trials\/\" class=\"raven-menu-item raven-link-item\">Collecte de donn\u00e9es<\/a><\/li>\n<li class=\"menu-item menu-item-type-post_type menu-item-object-page menu-item-13818\"><a href=\"https:\/\/www.clinsearch.net\/fr\/independent-committees-clinical-trials\/\" class=\"raven-menu-item raven-link-item\">Comit\u00e9s ind\u00e9pendants<\/a><\/li>\n<li class=\"menu-item menu-item-type-post_type menu-item-object-page menu-item-13817\"><a href=\"https:\/\/www.clinsearch.net\/fr\/market-access-services\/\" class=\"raven-menu-item raven-link-item\">Acc\u00e8s au march\u00e9 &amp; HEOR<\/a><\/li>\n<li class=\"menu-item menu-item-type-post_type menu-item-object-page menu-item-13816\"><a href=\"https:\/\/www.clinsearch.net\/fr\/medicine-acceptability\/\" class=\"raven-menu-item raven-link-item\">Acceptabilit\u00e9 des m\u00e9dicaments<\/a><\/li>\n<li class=\"menu-item menu-item-type-post_type menu-item-object-page menu-item-13815\"><a href=\"https:\/\/www.clinsearch.net\/fr\/clinical-trial-quality-assurance\/\" class=\"raven-menu-item raven-link-item\">Assurance qualit\u00e9<\/a><\/li>\n<li class=\"menu-item menu-item-type-post_type menu-item-object-page menu-item-13814\"><a href=\"https:\/\/www.clinsearch.net\/fr\/clinical-trial-safety-reporting\/\" class=\"raven-menu-item raven-link-item\">Vigilance<\/a><\/li>\n<li class=\"menu-item menu-item-type-post_type menu-item-object-page menu-item-13822\"><a href=\"https:\/\/www.clinsearch.net\/fr\/clinical-trial-statistics-medical-writing\/\" class=\"raven-menu-item raven-link-item\">R\u00e9daction m\u00e9dicale &amp; valorisation des donn\u00e9es<\/a><\/li>\n<li class=\"menu-item menu-item-type-post_type menu-item-object-page menu-item-14359\"><a href=\"https:\/\/www.clinsearch.net\/fr\/medtech-certification-support\/\" class=\"raven-menu-item raven-link-item\">MedTech certification support<\/a><\/li>\n<\/ul>\t\t\t<\/div>\n\t\t<\/nav>\n\t\t\t\t\t\t<\/div>\n\t\t\t\t<\/div>\n\t\t<div class=\"elementor-element elementor-element-7d525ee3 e-con-full e-flex e-con e-child\" data-id=\"7d525ee3\" data-element_type=\"container\">\n\t\t\t\t<div class=\"elementor-element elementor-element-47729a33 elementor-widget__width-initial elementor-widget elementor-widget-heading\" data-id=\"47729a33\" data-element_type=\"widget\" data-widget_type=\"heading.default\">\n\t\t\t\t<div class=\"elementor-widget-container\">\n\t\t\t\t\t<h1 class=\"elementor-heading-title elementor-size-default\">Comit\u00e9s ind\u00e9pendants<\/h1>\t\t\t\t<\/div>\n\t\t\t\t<\/div>\n\t\t<div class=\"elementor-element elementor-element-587e22 e-con-full e-flex e-con e-child\" data-id=\"587e22\" data-element_type=\"container\">\n\t\t\t\t<div class=\"elementor-element elementor-element-680e63a elementor-widget__width-inherit elementor-widget elementor-widget-heading\" data-id=\"680e63a\" data-element_type=\"widget\" data-widget_type=\"heading.default\">\n\t\t\t\t<div class=\"elementor-widget-container\">\n\t\t\t\t\t<p class=\"elementor-heading-title elementor-size-default\">Au d\u00e9but de chaque \u00e9tude, notre \u00e9quipe d'experts interfonctionnels peut vous conseiller sur l'opportunit\u00e9 d'inclure un comit\u00e9 CEC ou Core Lab et de l'int\u00e9grer dans le protocole. Conform\u00e9ment aux meilleures pratiques et aux proc\u00e9dures op\u00e9rationnelles standard de l'entreprise, notre personnel peut \u00e9laborer les manuels n\u00e9cessaires et le module de s\u00e9curit\u00e9 correspondant, qui seront inclus dans notre plateforme de gestion des donn\u00e9es, <a href=\"http:\/\/edclin.com\/\" style=\"color:#0077c8\"><b>EDClin<sup>TM<\/sup><\/b><\/a> , pour l'\u00e9valuation des donn\u00e9es de s\u00e9curit\u00e9 en temps r\u00e9el. Cela signifie que vous pouvez collaborer avec des experts ind\u00e9pendants du monde entier. En combinant les donn\u00e9es d'essais cliniques et les avis d'experts, ClinSearch offre une solution de gestion des donn\u00e9es parfaitement int\u00e9gr\u00e9e.<br><br>Nous pouvons pr\u00e9parer et pr\u00e9sider les r\u00e9unions, sur place ou \u00e0 distance, pr\u00e9parer des r\u00e9sum\u00e9s de patients et produire des rapports adapt\u00e9s aux besoins et aux pr\u00e9f\u00e9rences du Promoteur. Ce d\u00e9partement int\u00e9gr\u00e9 g\u00e8re la planification strat\u00e9gique, le traitement des donn\u00e9es et les projets de communication m\u00e9dicale. Nos experts en m\u00e9thodologie <b>combinent leur savoir-faire en <a href=\"https:\/\/www.clinsearch.net\/fr\/clinical-trial-statistics-medical-writing\/\" style=\"color:#0077c8\"><b> m\u00e9thodologie statistique<\/b><\/a> et leur expertise en communication scientifique<\/b> pour fournir des protocoles et des SAP, des documents d'\u00e9tude, des rapports d'\u00e9tude et des publications, des rapports statistiques et des analyses de donn\u00e9es personnalis\u00e9es.<br><br>La fonction principale de ce d\u00e9partement est de concevoir et de g\u00e9rer la meilleure strat\u00e9gie pour votre \u00e9valuation clinique.<\/p>\t\t\t\t<\/div>\n\t\t\t\t<\/div>\n\t\t\t\t<div class=\"elementor-element elementor-element-0361c2d elementor-widget__width-inherit elementor-widget elementor-widget-heading\" data-id=\"0361c2d\" data-element_type=\"widget\" data-widget_type=\"heading.default\">\n\t\t\t\t<div class=\"elementor-widget-container\">\n\t\t\t\t\t<p class=\"elementor-heading-title elementor-size-default\"><div style=\"margin-top: 1.2em;padding: 1em;background-color: #f0f8ff;border-left: 4px solid #0077c8;line-height: 1.4\">\n <b>Coordonnez et g\u00e9rez efficacement vos comit\u00e9s ind\u00e9pendants<\/b><br>\n  <a href=\"https:\/\/www.clinsearch.net\/fr\/contact\/\" style=\"color:#0077c8;font-weight:bold\">Contactez nous,<\/a> nos \u00e9quipes sont l\u00e0 pour vous accompagner dans la gestion de vos \u00e9tudes.\n<\/div>\n<\/p>\t\t\t\t<\/div>\n\t\t\t\t<\/div>\n\t\t\t\t<\/div>\n\t\t\t\t<\/div>\n\t\t\t\t<\/div>\n\t\t\t\t<\/div>\n\t\t<div class=\"elementor-element elementor-element-57f469dc e-con-full e-flex e-con e-child\" data-id=\"57f469dc\" data-element_type=\"container\">\n\t\t<div class=\"elementor-element elementor-element-339c0de1 e-con-full e-flex e-con e-child\" data-id=\"339c0de1\" data-element_type=\"container\">\n\t\t<div class=\"elementor-element elementor-element-4badba90 e-flex e-con-boxed e-con e-child\" data-id=\"4badba90\" data-element_type=\"container\">\n\t\t\t\t\t<div class=\"e-con-inner\">\n\t\t<div class=\"elementor-element elementor-element-60f6c3fa e-con-full e-flex e-con e-child\" data-id=\"60f6c3fa\" data-element_type=\"container\">\n\t\t\t\t<div class=\"elementor-element elementor-element-8bfb923 elementor-widget__width-inherit elementor-widget elementor-widget-heading\" data-id=\"8bfb923\" data-element_type=\"widget\" data-widget_type=\"heading.default\">\n\t\t\t\t<div class=\"elementor-widget-container\">\n\t\t\t\t\t<h4 class=\"elementor-heading-title elementor-size-default\">Nos solutions<\/h4>\t\t\t\t<\/div>\n\t\t\t\t<\/div>\n\t\t\t\t<div class=\"elementor-element elementor-element-4a2b20d4 elementor-widget__width-inherit elementor-widget elementor-widget-heading\" data-id=\"4a2b20d4\" data-element_type=\"widget\" data-widget_type=\"heading.default\">\n\t\t\t\t<div class=\"elementor-widget-container\">\n\t\t\t\t\t<p class=\"elementor-heading-title elementor-size-default\">R\u00e9daction des manuels Core Lab &amp; CEC<br>\nFormation d'experts<br>\nOrganisation des r\u00e9unions Core Lab &amp; CEC<br>\nD\u00e9veloppement du module EDC Core Lab &amp; CEC<br>\nPr\u00e9paration des synth\u00e8ses patients<br>\nAdjudication des \u00e9v\u00e9nements de s\u00e9curit\u00e9 dans EDCLIN<sup>TM<\/sup><\/p>\t\t\t\t<\/div>\n\t\t\t\t<\/div>\n\t\t\t\t<\/div>\n\t\t<div class=\"elementor-element elementor-element-25075f3a e-con-full e-flex e-con e-child\" data-id=\"25075f3a\" data-element_type=\"container\">\n\t\t\t\t<div class=\"elementor-element elementor-element-252fa811 elementor-widget__width-inherit elementor-widget elementor-widget-heading\" data-id=\"252fa811\" data-element_type=\"widget\" data-widget_type=\"heading.default\">\n\t\t\t\t<div class=\"elementor-widget-container\">\n\t\t\t\t\t<h4 class=\"elementor-heading-title elementor-size-default\">Ressources<\/h4>\t\t\t\t<\/div>\n\t\t\t\t<\/div>\n\t\t\t\t<div class=\"elementor-element elementor-element-5405dc24 elementor-widget__width-inherit elementor-widget elementor-widget-heading\" data-id=\"5405dc24\" data-element_type=\"widget\" data-widget_type=\"heading.default\">\n\t\t\t\t<div class=\"elementor-widget-container\">\n\t\t\t\t\t<p class=\"elementor-heading-title elementor-size-default translation-block\">Directeur de la recherche clinique<br>Chefs de projet<br>Conseillers scientifiques<br>Directeur IT\/IS<br>Gestionnaire de donn\u00e9es<br>Experts ind\u00e9pendants<\/p>\t\t\t\t<\/div>\n\t\t\t\t<\/div>\n\t\t\t\t<\/div>\n\t\t<div class=\"elementor-element elementor-element-7ed41ce4 e-con-full e-flex e-con e-child\" data-id=\"7ed41ce4\" data-element_type=\"container\">\n\t\t\t\t<div class=\"elementor-element elementor-element-46c29e2c elementor-widget__width-inherit elementor-widget elementor-widget-heading\" data-id=\"46c29e2c\" data-element_type=\"widget\" data-widget_type=\"heading.default\">\n\t\t\t\t<div class=\"elementor-widget-container\">\n\t\t\t\t\t<h4 class=\"elementor-heading-title elementor-size-default\">Activit\u00e9s<\/h4>\t\t\t\t<\/div>\n\t\t\t\t<\/div>\n\t\t\t\t<div class=\"elementor-element elementor-element-f6d5a9a elementor-widget__width-inherit elementor-widget elementor-widget-heading\" data-id=\"f6d5a9a\" data-element_type=\"widget\" data-widget_type=\"heading.default\">\n\t\t\t\t<div class=\"elementor-widget-container\">\n\t\t\t\t\t<p class=\"elementor-heading-title elementor-size-default\">Chartes des comit\u00e9s<br>Gestion des comit\u00e9s d'experts ind\u00e9pendants<br>Gestion des donn\u00e9es\n<\/p>\t\t\t\t<\/div>\n\t\t\t\t<\/div>\n\t\t\t\t<\/div>\n\t\t<div class=\"elementor-element elementor-element-133ee1b3 e-con-full e-flex e-con e-child\" data-id=\"133ee1b3\" data-element_type=\"container\">\n\t\t\t\t<div class=\"elementor-element elementor-element-3f6cad2d elementor-widget__width-inherit elementor-widget elementor-widget-heading\" data-id=\"3f6cad2d\" data-element_type=\"widget\" data-widget_type=\"heading.default\">\n\t\t\t\t<div class=\"elementor-widget-container\">\n\t\t\t\t\t<h4 class=\"elementor-heading-title elementor-size-default\">Standards<\/h4>\t\t\t\t<\/div>\n\t\t\t\t<\/div>\n\t\t\t\t<div class=\"elementor-element elementor-element-6684fc15 elementor-widget__width-inherit elementor-widget elementor-widget-heading\" data-id=\"6684fc15\" data-element_type=\"widget\" data-widget_type=\"heading.default\">\n\t\t\t\t<div class=\"elementor-widget-container\">\n\t\t\t\t\t<p class=\"elementor-heading-title elementor-size-default\"><a href=\"https:\/\/www.ema.europa.eu\/en\/documents\/scientific-guideline\/guideline-data-monitoring-committees_en.pdf\">Directive de l'EMA sur les comit\u00e9s de contr\u00f4le des donn\u00e9es<\/a><br><a href=\"https:\/\/iris.who.int\/bitstream\/handle\/10665\/69171\/TDR_GEN_Guidelines_05.1_eng.pdf?sequence=1&amp;isAllowed=y\">Directives op\u00e9rationnelles de l'OMS pour la cr\u00e9ation et le fonctionnement des comit\u00e9s de surveillance des donn\u00e9es et de la s\u00e9curit\u00e9<\/a><br><a href=\"https:\/\/www.fda.gov\/media\/75398\/download\">Cr\u00e9ation et fonctionnement des comit\u00e9s de surveillance des donn\u00e9es d'essais cliniques de la FDA - Directives \u00e0 l'intention des promoteurs d'essais cliniques<\/a><br><a href=\"https:\/\/www.fda.gov\/files\/drugs\/published\/Clinical-Trial-Imaging-Endpoint-Process-Standards-Guidance-for-Industry.pdf\">Directives de la FDA sur les normes de traitement des param\u00e8tres d'imagerie des essais cliniques \u00e0 l'intention de l'industrie<\/a>\n<\/p>\t\t\t\t<\/div>\n\t\t\t\t<\/div>\n\t\t\t\t<\/div>\n\t\t\t\t\t<\/div>\n\t\t\t\t<\/div>\n\t\t<div class=\"elementor-element elementor-element-5ab104d5 e-con-full e-flex e-con e-child\" data-id=\"5ab104d5\" data-element_type=\"container\">\n\t\t\t\t<\/div>\n\t\t\t\t<\/div>\n\t\t\t\t<\/div>\n\t\t\t\t<\/div>\n\t\t\t\t<\/div>\n\t\t\t\t<\/div>","protected":false},"excerpt":{"rendered":"<p>Our brands &#038;\u00a0services Early Access Programs CRO Services Data Collection Independent Committees Market Access &#038; HEOR Medicine Acceptability Quality Assurance Safety Reporting Medical Writing &amp; Data Valorization MedTech Certification Support Early Access Programs CRO Services Data Collection Independent Committees Market Access &#038; HEOR Medicine Acceptability Quality Assurance Safety Reporting Medical Writing &amp; Data Valorization MedTech [&hellip;]<\/p>","protected":false},"author":3,"featured_media":0,"parent":0,"menu_order":0,"comment_status":"closed","ping_status":"closed","template":"full-width.php","meta":{"_acf_changed":false,"footnotes":""},"class_list":["post-2479","page","type-page","status-publish","hentry"],"acf":[],"yoast_head":"<!-- This site is optimized with the Yoast SEO plugin v26.2 - https:\/\/yoast.com\/wordpress\/plugins\/seo\/ -->\n<title>Independent Committees Clinical Trials | ClinSearch<\/title>\n<meta name=\"description\" content=\"ClinSearch provides expert support for independent committees in clinical trials, including CECs and DSMBs. Protocol planning, meetings, safety adjudication &amp; reporting.\" \/>\n<meta name=\"robots\" content=\"index, follow, max-snippet:-1, max-image-preview:large, max-video-preview:-1\" \/>\n<link rel=\"canonical\" href=\"https:\/\/www.clinsearch.net\/fr\/independent-committees-clinical-trials\/\" \/>\n<meta property=\"og:locale\" content=\"fr_FR\" \/>\n<meta property=\"og:type\" content=\"article\" \/>\n<meta property=\"og:title\" content=\"Independent Committees Clinical Trials | ClinSearch\" \/>\n<meta property=\"og:description\" content=\"ClinSearch provides expert support for independent committees in clinical trials, including CECs and DSMBs. Protocol planning, meetings, safety adjudication &amp; reporting.\" \/>\n<meta property=\"og:url\" content=\"https:\/\/www.clinsearch.net\/fr\/independent-committees-clinical-trials\/\" \/>\n<meta property=\"og:site_name\" content=\"ClinSearch\" \/>\n<meta property=\"article:modified_time\" content=\"2025-12-09T13:04:47+00:00\" \/>\n<meta name=\"twitter:card\" content=\"summary_large_image\" \/>\n<meta name=\"twitter:label1\" content=\"Dur\u00e9e de lecture estim\u00e9e\" \/>\n\t<meta name=\"twitter:data1\" content=\"2 minutes\" \/>\n<script type=\"application\/ld+json\" class=\"yoast-schema-graph\">{\"@context\":\"https:\/\/schema.org\",\"@graph\":[{\"@type\":\"WebPage\",\"@id\":\"https:\/\/www.clinsearch.net\/independent-committees-clinical-trials\/\",\"url\":\"https:\/\/www.clinsearch.net\/independent-committees-clinical-trials\/\",\"name\":\"Independent Committees Clinical Trials | ClinSearch\",\"isPartOf\":{\"@id\":\"https:\/\/dev-www.clinsearch.eu\/#website\"},\"datePublished\":\"2024-06-28T08:56:45+00:00\",\"dateModified\":\"2025-12-09T13:04:47+00:00\",\"description\":\"ClinSearch provides expert support for independent committees in clinical trials, including CECs and DSMBs. Protocol planning, meetings, safety adjudication & reporting.\",\"breadcrumb\":{\"@id\":\"https:\/\/www.clinsearch.net\/independent-committees-clinical-trials\/#breadcrumb\"},\"inLanguage\":\"fr-FR\",\"potentialAction\":[{\"@type\":\"ReadAction\",\"target\":[\"https:\/\/www.clinsearch.net\/independent-committees-clinical-trials\/\"]}]},{\"@type\":\"BreadcrumbList\",\"@id\":\"https:\/\/www.clinsearch.net\/independent-committees-clinical-trials\/#breadcrumb\",\"itemListElement\":[{\"@type\":\"ListItem\",\"position\":1,\"name\":\"Home\",\"item\":\"https:\/\/www.clinsearch.net\/\"},{\"@type\":\"ListItem\",\"position\":2,\"name\":\"Independant Committees\"}]},{\"@type\":\"WebSite\",\"@id\":\"https:\/\/dev-www.clinsearch.eu\/#website\",\"url\":\"https:\/\/dev-www.clinsearch.eu\/\",\"name\":\"ClinSearch\",\"description\":\"\",\"potentialAction\":[{\"@type\":\"SearchAction\",\"target\":{\"@type\":\"EntryPoint\",\"urlTemplate\":\"https:\/\/dev-www.clinsearch.eu\/?s={search_term_string}\"},\"query-input\":{\"@type\":\"PropertyValueSpecification\",\"valueRequired\":true,\"valueName\":\"search_term_string\"}}],\"inLanguage\":\"fr-FR\"}]}<\/script>\n<!-- \/ Yoast SEO plugin. -->","yoast_head_json":{"title":"Independent Committees Clinical Trials | ClinSearch","description":"ClinSearch provides expert support for independent committees in clinical trials, including CECs and DSMBs. Protocol planning, meetings, safety adjudication & reporting.","robots":{"index":"index","follow":"follow","max-snippet":"max-snippet:-1","max-image-preview":"max-image-preview:large","max-video-preview":"max-video-preview:-1"},"canonical":"https:\/\/www.clinsearch.net\/fr\/independent-committees-clinical-trials\/","og_locale":"fr_FR","og_type":"article","og_title":"Independent Committees Clinical Trials | ClinSearch","og_description":"ClinSearch provides expert support for independent committees in clinical trials, including CECs and DSMBs. Protocol planning, meetings, safety adjudication & reporting.","og_url":"https:\/\/www.clinsearch.net\/fr\/independent-committees-clinical-trials\/","og_site_name":"ClinSearch","article_modified_time":"2025-12-09T13:04:47+00:00","twitter_card":"summary_large_image","twitter_misc":{"Dur\u00e9e de lecture estim\u00e9e":"2 minutes"},"schema":{"@context":"https:\/\/schema.org","@graph":[{"@type":"WebPage","@id":"https:\/\/www.clinsearch.net\/independent-committees-clinical-trials\/","url":"https:\/\/www.clinsearch.net\/independent-committees-clinical-trials\/","name":"Independent Committees Clinical Trials | ClinSearch","isPartOf":{"@id":"https:\/\/dev-www.clinsearch.eu\/#website"},"datePublished":"2024-06-28T08:56:45+00:00","dateModified":"2025-12-09T13:04:47+00:00","description":"ClinSearch provides expert support for independent committees in clinical trials, including CECs and DSMBs. Protocol planning, meetings, safety adjudication & reporting.","breadcrumb":{"@id":"https:\/\/www.clinsearch.net\/independent-committees-clinical-trials\/#breadcrumb"},"inLanguage":"fr-FR","potentialAction":[{"@type":"ReadAction","target":["https:\/\/www.clinsearch.net\/independent-committees-clinical-trials\/"]}]},{"@type":"BreadcrumbList","@id":"https:\/\/www.clinsearch.net\/independent-committees-clinical-trials\/#breadcrumb","itemListElement":[{"@type":"ListItem","position":1,"name":"Home","item":"https:\/\/www.clinsearch.net\/"},{"@type":"ListItem","position":2,"name":"Independant Committees"}]},{"@type":"WebSite","@id":"https:\/\/dev-www.clinsearch.eu\/#website","url":"https:\/\/dev-www.clinsearch.eu\/","name":"ClinSearch","description":"","potentialAction":[{"@type":"SearchAction","target":{"@type":"EntryPoint","urlTemplate":"https:\/\/dev-www.clinsearch.eu\/?s={search_term_string}"},"query-input":{"@type":"PropertyValueSpecification","valueRequired":true,"valueName":"search_term_string"}}],"inLanguage":"fr-FR"}]}},"_links":{"self":[{"href":"https:\/\/www.clinsearch.net\/fr\/wp-json\/wp\/v2\/pages\/2479","targetHints":{"allow":["GET"]}}],"collection":[{"href":"https:\/\/www.clinsearch.net\/fr\/wp-json\/wp\/v2\/pages"}],"about":[{"href":"https:\/\/www.clinsearch.net\/fr\/wp-json\/wp\/v2\/types\/page"}],"author":[{"embeddable":true,"href":"https:\/\/www.clinsearch.net\/fr\/wp-json\/wp\/v2\/users\/3"}],"replies":[{"embeddable":true,"href":"https:\/\/www.clinsearch.net\/fr\/wp-json\/wp\/v2\/comments?post=2479"}],"version-history":[{"count":230,"href":"https:\/\/www.clinsearch.net\/fr\/wp-json\/wp\/v2\/pages\/2479\/revisions"}],"predecessor-version":[{"id":15794,"href":"https:\/\/www.clinsearch.net\/fr\/wp-json\/wp\/v2\/pages\/2479\/revisions\/15794"}],"wp:attachment":[{"href":"https:\/\/www.clinsearch.net\/fr\/wp-json\/wp\/v2\/media?parent=2479"}],"curies":[{"name":"wp","href":"https:\/\/api.w.org\/{rel}","templated":true}]}}