{"id":2481,"date":"2024-06-28T10:57:26","date_gmt":"2024-06-28T08:57:26","guid":{"rendered":"http:\/\/localhost\/wordpress\/?page_id=2481"},"modified":"2025-12-09T14:05:27","modified_gmt":"2025-12-09T13:05:27","slug":"market-access-services","status":"publish","type":"page","link":"https:\/\/www.clinsearch.net\/fr\/market-access-services\/","title":{"rendered":"Acc\u00e8s au march\u00e9 et HEOR"},"content":{"rendered":"<div data-elementor-type=\"wp-page\" data-elementor-id=\"2481\" class=\"elementor elementor-2481\">\n\t\t\t\t<div class=\"elementor-element elementor-element-40a34c5a e-con-full e-flex e-con e-parent\" data-id=\"40a34c5a\" data-element_type=\"container\">\n\t\t<div class=\"elementor-element elementor-element-b491c39 e-con-full e-flex e-con e-child\" data-id=\"b491c39\" data-element_type=\"container\">\n\t\t<div class=\"elementor-element elementor-element-20ef6236 e-con-full e-flex e-con e-child\" data-id=\"20ef6236\" data-element_type=\"container\">\n\t\t<div class=\"elementor-element elementor-element-f815919 e-con-full e-flex e-con e-child\" data-id=\"f815919\" data-element_type=\"container\">\n\t\t\t\t<div class=\"elementor-element elementor-element-567b0898 elementor-widget elementor-widget-text-editor\" data-id=\"567b0898\" data-element_type=\"widget\" data-widget_type=\"text-editor.default\">\n\t\t\t\t<div class=\"elementor-widget-container\">\n\t\t\t\t\t\t\t\t\t<p class=\"translation-block\"><span><span style=\"text-align: var(--text-align);letter-spacing: var( --e-global-typography-primary-letter-spacing )\"><span style=\"font-family: 'garamond';font-style: italic;font-size: 120%\">Nos <\/span>solutions &amp;\u00a0services<\/span><\/span><\/p>\t\t\t\t\t\t\t\t<\/div>\n\t\t\t\t<\/div>\n\t\t\t\t<div class=\"elementor-element elementor-element-a89eff8 raven-nav-menu-align-center raven-nav-menu-stretch raven-mobile-nav-menu-align-left elementor-widget elementor-widget-raven-nav-menu\" data-id=\"a89eff8\" data-element_type=\"widget\" data-settings=\"{&quot;submenu_icon&quot;:&quot;&lt;svg 0=\\&quot;fas fa-chevron-down\\&quot; class=\\&quot;e-font-icon-svg e-fas-chevron-down\\&quot;&gt;\\n\\t\\t\\t\\t\\t&lt;use xlink:href=\\&quot;#fas-chevron-down\\&quot;&gt;\\n\\t\\t\\t\\t\\t\\t&lt;symbol id=\\&quot;fas-chevron-down\\&quot; viewBox=\\&quot;0 0 448 512\\&quot;&gt;\\n\\t\\t\\t\\t\\t\\t\\t&lt;path d=\\&quot;M207.029 381.476L12.686 187.132c-9.373-9.373-9.373-24.569 0-33.941l22.667-22.667c9.357-9.357 24.522-9.375 33.901-.04L224 284.505l154.745-154.021c9.379-9.335 24.544-9.317 33.901.04l22.667 22.667c9.373 9.373 9.373 24.569 0 33.941L240.971 381.476c-9.373 9.372-24.569 9.372-33.942 0z\\&quot;&gt;&lt;\\\/path&gt;\\n\\t\\t\\t\\t\\t\\t&lt;\\\/symbol&gt;\\n\\t\\t\\t\\t\\t&lt;\\\/use&gt;\\n\\t\\t\\t\\t&lt;\\\/svg&gt;&quot;,&quot;full_width&quot;:&quot;stretch&quot;,&quot;mobile_layout&quot;:&quot;dropdown&quot;,&quot;submenu_space_between&quot;:{&quot;unit&quot;:&quot;px&quot;,&quot;size&quot;:&quot;&quot;,&quot;sizes&quot;:[]},&quot;submenu_opening_position&quot;:&quot;bottom&quot;}\" data-widget_type=\"raven-nav-menu.default\">\n\t\t\t\t<div class=\"elementor-widget-container\">\n\t\t\t\t\t\t\t<nav class=\"raven-nav-menu-main raven-nav-menu-horizontal raven-nav-menu-tablet- raven-nav-menu-mobile- raven-nav-icons-hidden-tablet raven-nav-icons-hidden-mobile\">\n\t\t\t<ul id=\"menu-a89eff8\" class=\"raven-nav-menu\"><li class=\"menu-item menu-item-type-post_type menu-item-object-page menu-item-13819\"><a href=\"https:\/\/www.clinsearch.net\/fr\/early-access-programs-france\/\" class=\"raven-menu-item raven-link-item\">Programmes d'acc\u00e8s d\u00e9rogatoire<\/a><\/li>\n<li class=\"menu-item menu-item-type-post_type menu-item-object-page menu-item-13821\"><a href=\"https:\/\/www.clinsearch.net\/fr\/cro-services\/\" class=\"raven-menu-item raven-link-item\">Services CRO<\/a><\/li>\n<li class=\"menu-item menu-item-type-post_type menu-item-object-page menu-item-13820\"><a href=\"https:\/\/www.clinsearch.net\/fr\/electronic-data-capture-clinical-trials\/\" class=\"raven-menu-item raven-link-item\">Collecte de donn\u00e9es<\/a><\/li>\n<li class=\"menu-item menu-item-type-post_type menu-item-object-page menu-item-13818\"><a href=\"https:\/\/www.clinsearch.net\/fr\/independent-committees-clinical-trials\/\" class=\"raven-menu-item raven-link-item\">Comit\u00e9s ind\u00e9pendants<\/a><\/li>\n<li class=\"menu-item menu-item-type-post_type menu-item-object-page menu-item-13817\"><a href=\"https:\/\/www.clinsearch.net\/fr\/market-access-services\/\" class=\"raven-menu-item raven-link-item\">Acc\u00e8s au march\u00e9 &amp; HEOR<\/a><\/li>\n<li class=\"menu-item menu-item-type-post_type menu-item-object-page menu-item-13816\"><a href=\"https:\/\/www.clinsearch.net\/fr\/medicine-acceptability\/\" class=\"raven-menu-item raven-link-item\">Acceptabilit\u00e9 des m\u00e9dicaments<\/a><\/li>\n<li class=\"menu-item menu-item-type-post_type menu-item-object-page menu-item-13815\"><a href=\"https:\/\/www.clinsearch.net\/fr\/clinical-trial-quality-assurance\/\" class=\"raven-menu-item raven-link-item\">Assurance qualit\u00e9<\/a><\/li>\n<li class=\"menu-item menu-item-type-post_type menu-item-object-page menu-item-13814\"><a href=\"https:\/\/www.clinsearch.net\/fr\/clinical-trial-safety-reporting\/\" class=\"raven-menu-item raven-link-item\">Vigilance<\/a><\/li>\n<li class=\"menu-item menu-item-type-post_type menu-item-object-page menu-item-13822\"><a href=\"https:\/\/www.clinsearch.net\/fr\/clinical-trial-statistics-medical-writing\/\" class=\"raven-menu-item raven-link-item\">R\u00e9daction m\u00e9dicale &amp; valorisation des donn\u00e9es<\/a><\/li>\n<li class=\"menu-item menu-item-type-post_type menu-item-object-page menu-item-14359\"><a href=\"https:\/\/www.clinsearch.net\/fr\/medtech-certification-support\/\" class=\"raven-menu-item raven-link-item\">MedTech certification support<\/a><\/li>\n<\/ul>\t\t<\/nav>\n\n\t\t<div class=\"raven-nav-menu-toggle\">\n\n\t\t\t\t\t\t<div class=\"raven-nav-menu-toggle-button\">\n\t\t\t\t\t\t\t\t<span class=\"fa fa-bars\"><\/span>\n\t\t\t\t\t\t\t\t<\/div>\n\n\t\t<\/div>\n\t\t<nav class=\"raven-nav-icons-hidden-tablet raven-nav-icons-hidden-mobile raven-nav-menu-mobile raven-nav-menu-dropdown\">\n\t\t\t\t\t\t\t\t\t<div class=\"raven-container\">\n\t\t\t\t<ul id=\"menu-mobile-a89eff8\" class=\"raven-nav-menu\"><li class=\"menu-item menu-item-type-post_type menu-item-object-page menu-item-13819\"><a href=\"https:\/\/www.clinsearch.net\/fr\/early-access-programs-france\/\" class=\"raven-menu-item raven-link-item\">Programmes d'acc\u00e8s d\u00e9rogatoire<\/a><\/li>\n<li class=\"menu-item menu-item-type-post_type menu-item-object-page menu-item-13821\"><a href=\"https:\/\/www.clinsearch.net\/fr\/cro-services\/\" class=\"raven-menu-item raven-link-item\">Services CRO<\/a><\/li>\n<li class=\"menu-item menu-item-type-post_type menu-item-object-page menu-item-13820\"><a href=\"https:\/\/www.clinsearch.net\/fr\/electronic-data-capture-clinical-trials\/\" class=\"raven-menu-item raven-link-item\">Collecte de donn\u00e9es<\/a><\/li>\n<li class=\"menu-item menu-item-type-post_type menu-item-object-page menu-item-13818\"><a href=\"https:\/\/www.clinsearch.net\/fr\/independent-committees-clinical-trials\/\" class=\"raven-menu-item raven-link-item\">Comit\u00e9s ind\u00e9pendants<\/a><\/li>\n<li class=\"menu-item menu-item-type-post_type menu-item-object-page menu-item-13817\"><a href=\"https:\/\/www.clinsearch.net\/fr\/market-access-services\/\" class=\"raven-menu-item raven-link-item\">Acc\u00e8s au march\u00e9 &amp; HEOR<\/a><\/li>\n<li class=\"menu-item menu-item-type-post_type menu-item-object-page menu-item-13816\"><a href=\"https:\/\/www.clinsearch.net\/fr\/medicine-acceptability\/\" class=\"raven-menu-item raven-link-item\">Acceptabilit\u00e9 des m\u00e9dicaments<\/a><\/li>\n<li class=\"menu-item menu-item-type-post_type menu-item-object-page menu-item-13815\"><a href=\"https:\/\/www.clinsearch.net\/fr\/clinical-trial-quality-assurance\/\" class=\"raven-menu-item raven-link-item\">Assurance qualit\u00e9<\/a><\/li>\n<li class=\"menu-item menu-item-type-post_type menu-item-object-page menu-item-13814\"><a href=\"https:\/\/www.clinsearch.net\/fr\/clinical-trial-safety-reporting\/\" class=\"raven-menu-item raven-link-item\">Vigilance<\/a><\/li>\n<li class=\"menu-item menu-item-type-post_type menu-item-object-page menu-item-13822\"><a href=\"https:\/\/www.clinsearch.net\/fr\/clinical-trial-statistics-medical-writing\/\" class=\"raven-menu-item raven-link-item\">R\u00e9daction m\u00e9dicale &amp; valorisation des donn\u00e9es<\/a><\/li>\n<li class=\"menu-item menu-item-type-post_type menu-item-object-page menu-item-14359\"><a href=\"https:\/\/www.clinsearch.net\/fr\/medtech-certification-support\/\" class=\"raven-menu-item raven-link-item\">MedTech certification support<\/a><\/li>\n<\/ul>\t\t\t<\/div>\n\t\t<\/nav>\n\t\t\t\t\t\t<\/div>\n\t\t\t\t<\/div>\n\t\t<div class=\"elementor-element elementor-element-39938b8e e-con-full e-flex e-con e-child\" data-id=\"39938b8e\" data-element_type=\"container\">\n\t\t\t\t<div class=\"elementor-element elementor-element-61ce2be3 elementor-widget__width-initial elementor-widget elementor-widget-heading\" data-id=\"61ce2be3\" data-element_type=\"widget\" data-widget_type=\"heading.default\">\n\t\t\t\t<div class=\"elementor-widget-container\">\n\t\t\t\t\t<h1 class=\"elementor-heading-title elementor-size-default\">Acc\u00e8s au march\u00e9 &amp; HEOR<\/h1>\t\t\t\t<\/div>\n\t\t\t\t<\/div>\n\t\t<div class=\"elementor-element elementor-element-77f61a9c e-con-full e-flex e-con e-child\" data-id=\"77f61a9c\" data-element_type=\"container\">\n\t\t\t\t<div class=\"elementor-element elementor-element-44694f5b elementor-widget__width-inherit elementor-widget elementor-widget-heading\" data-id=\"44694f5b\" data-element_type=\"widget\" data-widget_type=\"heading.default\">\n\t\t\t\t<div class=\"elementor-widget-container\">\n\t\t\t\t\t<p class=\"elementor-heading-title elementor-size-default\">Nos services d'acc\u00e8s au march\u00e9 et HEOR fournissent des outils d\u00e9cisionnels permettant aux d\u00e9cideurs de choisir les meilleures strat\u00e9gies en mati\u00e8re de sant\u00e9, qu'il s'agisse de m\u00e9dicaments, de dispositifs m\u00e9dicaux ou de tests diagnostiques. Notre \u00e9quipe interdisciplinaire aide les industriels dans la collecte des donn\u00e9es cliniques et \u00e9conomiques n\u00e9cessaires pour garantir une tarification et un remboursement \u00e9quitables de leurs innovations sur les principaux march\u00e9s europ\u00e9ens.<br><br>Nous soutenons \u00e9galement les fabricants dans la communication de la valeur des nouveaux produits aupr\u00e8s de plusieurs parties prenantes, en offrant une vue d'ensemble de l'efficacit\u00e9 clinique, des donn\u00e9es du monde r\u00e9el, des co\u00fbts d'opportunit\u00e9 des diff\u00e9rents ensembles d'interventions, de l'impact budg\u00e9taire et des mod\u00e8les de rentabilit\u00e9.<\/p>\t\t\t\t<\/div>\n\t\t\t\t<\/div>\n\t\t\t\t<div class=\"elementor-element elementor-element-c4720ef elementor-widget__width-inherit elementor-widget elementor-widget-heading\" data-id=\"c4720ef\" data-element_type=\"widget\" data-widget_type=\"heading.default\">\n\t\t\t\t<div class=\"elementor-widget-container\">\n\t\t\t\t\t<p class=\"elementor-heading-title elementor-size-default\"><div style=\"margin-top: 1.2em;padding: 1em;background-color: #f0f8ff;border-left: 4px solid #0077c8;line-height: 1.4\">\n  <b>Optimisez votre strat\u00e9gie d'acc\u00e8s au march\u00e9 et de remboursement<\/b><br>\n  <a href=\"https:\/\/www.clinsearch.net\/fr\/contact\/\" style=\"color:#0077c8;font-weight:bold\">Contactez nous,<\/a> pour discuter de la mani\u00e8re dont nous pouvons r\u00e9pondre \u00e0 vos besoins en mati\u00e8re de tarification, d'HEOR et d'engagement des parties prenantes.\n<\/div>\n<\/p>\t\t\t\t<\/div>\n\t\t\t\t<\/div>\n\t\t\t\t<\/div>\n\t\t\t\t<\/div>\n\t\t\t\t<\/div>\n\t\t\t\t<\/div>\n\t\t<div class=\"elementor-element elementor-element-1034a63b e-con-full e-flex e-con e-child\" data-id=\"1034a63b\" data-element_type=\"container\">\n\t\t<div class=\"elementor-element elementor-element-1c3ca32b e-con-full e-flex e-con e-child\" data-id=\"1c3ca32b\" data-element_type=\"container\">\n\t\t<div class=\"elementor-element elementor-element-4919ed2f e-flex e-con-boxed e-con e-child\" data-id=\"4919ed2f\" data-element_type=\"container\">\n\t\t\t\t\t<div class=\"e-con-inner\">\n\t\t<div class=\"elementor-element elementor-element-2fddbc38 e-con-full e-flex e-con e-child\" data-id=\"2fddbc38\" data-element_type=\"container\">\n\t\t\t\t<div class=\"elementor-element elementor-element-59ea6c13 elementor-widget__width-inherit elementor-widget elementor-widget-heading\" data-id=\"59ea6c13\" data-element_type=\"widget\" data-widget_type=\"heading.default\">\n\t\t\t\t<div class=\"elementor-widget-container\">\n\t\t\t\t\t<h4 class=\"elementor-heading-title elementor-size-default\">Nos solutions<\/h4>\t\t\t\t<\/div>\n\t\t\t\t<\/div>\n\t\t\t\t<div class=\"elementor-element elementor-element-61fe3332 elementor-widget__width-inherit elementor-widget elementor-widget-heading\" data-id=\"61fe3332\" data-element_type=\"widget\" data-widget_type=\"heading.default\">\n\t\t\t\t<div class=\"elementor-widget-container\">\n\t\t\t\t\t<p class=\"elementor-heading-title elementor-size-default\">Tarification &amp; remboursement<br>\nSoumissions aux agences d'ETS<br>\nDonn\u00e9es cliniques vs mod\u00e8les \u00e9conomiques<br>\nAnalyse de l'impact budg\u00e9taire<br>\nMod\u00e9lisation analytique &amp; prise de d\u00e9cisions<br>\nAnalyses de micro-co\u00fbts<br>\nGestion des bases de donn\u00e9es nationales<br>\nRevue syst\u00e9matique et m\u00e9ta-analyses<\/p>\t\t\t\t<\/div>\n\t\t\t\t<\/div>\n\t\t\t\t<\/div>\n\t\t<div class=\"elementor-element elementor-element-61819d99 e-con-full e-flex e-con e-child\" data-id=\"61819d99\" data-element_type=\"container\">\n\t\t\t\t<div class=\"elementor-element elementor-element-2f1615d elementor-widget__width-inherit elementor-widget elementor-widget-heading\" data-id=\"2f1615d\" data-element_type=\"widget\" data-widget_type=\"heading.default\">\n\t\t\t\t<div class=\"elementor-widget-container\">\n\t\t\t\t\t<h4 class=\"elementor-heading-title elementor-size-default\">Ressources<\/h4>\t\t\t\t<\/div>\n\t\t\t\t<\/div>\n\t\t\t\t<div class=\"elementor-element elementor-element-5942565a elementor-widget__width-inherit elementor-widget elementor-widget-heading\" data-id=\"5942565a\" data-element_type=\"widget\" data-widget_type=\"heading.default\">\n\t\t\t\t<div class=\"elementor-widget-container\">\n\t\t\t\t\t<p class=\"elementor-heading-title elementor-size-default\">Directeur scientifique senior<br>\u00c9conomiste de la sant\u00e9<br>Biostatisticiens<br>\u00c9pid\u00e9miologistes<\/p>\t\t\t\t<\/div>\n\t\t\t\t<\/div>\n\t\t\t\t<\/div>\n\t\t<div class=\"elementor-element elementor-element-15c4ea99 e-con-full e-flex e-con e-child\" data-id=\"15c4ea99\" data-element_type=\"container\">\n\t\t\t\t<div class=\"elementor-element elementor-element-a19c42e elementor-widget__width-inherit elementor-widget elementor-widget-heading\" data-id=\"a19c42e\" data-element_type=\"widget\" data-widget_type=\"heading.default\">\n\t\t\t\t<div class=\"elementor-widget-container\">\n\t\t\t\t\t<h4 class=\"elementor-heading-title elementor-size-default\">Activit\u00e9s<\/h4>\t\t\t\t<\/div>\n\t\t\t\t<\/div>\n\t\t\t\t<div class=\"elementor-element elementor-element-264d4ff6 elementor-widget__width-inherit elementor-widget elementor-widget-heading\" data-id=\"264d4ff6\" data-element_type=\"widget\" data-widget_type=\"heading.default\">\n\t\t\t\t<div class=\"elementor-widget-container\">\n\t\t\t\t\t<p class=\"elementor-heading-title elementor-size-default\">Dossiers de tarification et de remboursement<br>Soumissions aux agences d'ETS<br>Mod\u00e9lisation (Markov, Microsimulation, DES, etc.)<br>Analyse d\u00e9cisionnelle multicrit\u00e8re, analyse de l'arbre d\u00e9cisionnel, etc.<br>Gestion de bases de donn\u00e9es (PMSI, NHS, etc.)<br>M\u00e9ta-analyse en r\u00e9seau<\/p>\t\t\t\t<\/div>\n\t\t\t\t<\/div>\n\t\t\t\t<\/div>\n\t\t<div class=\"elementor-element elementor-element-4956aa12 e-con-full e-flex e-con e-child\" data-id=\"4956aa12\" data-element_type=\"container\">\n\t\t\t\t<div class=\"elementor-element elementor-element-7fd36b07 elementor-widget__width-inherit elementor-widget elementor-widget-heading\" data-id=\"7fd36b07\" data-element_type=\"widget\" data-widget_type=\"heading.default\">\n\t\t\t\t<div class=\"elementor-widget-container\">\n\t\t\t\t\t<h4 class=\"elementor-heading-title elementor-size-default\">Standards<\/h4>\t\t\t\t<\/div>\n\t\t\t\t<\/div>\n\t\t\t\t<div class=\"elementor-element elementor-element-693e74ec elementor-widget__width-inherit elementor-widget elementor-widget-heading\" data-id=\"693e74ec\" data-element_type=\"widget\" data-widget_type=\"heading.default\">\n\t\t\t\t<div class=\"elementor-widget-container\">\n\t\t\t\t\t<p class=\"elementor-heading-title elementor-size-default translation-block\"><a class=\"hvr-sweep-to-bottom blue\" href=\"https:\/\/www.ispor.org\/heor-resources\/good-practices-for-outcomes-research\" target=\"_blank\" rel=\"noopener\">ISPOR GP \u2013 \u00c9tude des r\u00e9sultats<\/a><br><a class=\"hvr-sweep-to-bottom blue\" href=\"https:\/\/www.ispor.org\/heor-resources\/good-practices-for-outcomes-research\/article\/principles-of-good-practice-for-budget-impact-analysis-ii\/\" target=\"_blank\" rel=\"noopener\">ISPOR GP \u2013 BIA<\/a><br><a class=\"hvr-sweep-to-bottom blue\" href=\"https:\/\/www.ncbi.nlm.nih.gov\/pubmed\/19744291\" target=\"_self\">ISPOR GP \u2013 QICER<\/a><\/p>\t\t\t\t<\/div>\n\t\t\t\t<\/div>\n\t\t\t\t<\/div>\n\t\t\t\t\t<\/div>\n\t\t\t\t<\/div>\n\t\t\t\t<\/div>\n\t\t\t\t<\/div>\n\t\t\t\t<\/div>\n\t\t\t\t<\/div>\n\t\t\t\t<\/div>","protected":false},"excerpt":{"rendered":"<p>Our brands &amp;\u00a0services Early Access Programs CRO Services Data Collection Independent Committees Market Access &#038; HEOR Medicine Acceptability Quality Assurance Safety Reporting Medical Writing &amp; Data Valorization MedTech Certification Support Early Access Programs CRO Services Data Collection Independent Committees Market Access &#038; HEOR Medicine Acceptability Quality Assurance Safety Reporting Medical Writing &amp; Data Valorization MedTech [&hellip;]<\/p>","protected":false},"author":3,"featured_media":0,"parent":0,"menu_order":0,"comment_status":"closed","ping_status":"closed","template":"full-width.php","meta":{"_acf_changed":false,"footnotes":""},"class_list":["post-2481","page","type-page","status-publish","hentry"],"acf":[],"yoast_head":"<!-- This site is optimized with the Yoast SEO plugin v26.2 - https:\/\/yoast.com\/wordpress\/plugins\/seo\/ -->\n<title>Market Access Services | HEOR Experts at ClinSearch CRO<\/title>\n<meta name=\"description\" content=\"Explore ClinSearch\u2019s market access services and HEOR expertise. We support pricing, reimbursement, and health economic modeling.\" \/>\n<meta name=\"robots\" content=\"index, follow, max-snippet:-1, max-image-preview:large, max-video-preview:-1\" \/>\n<link rel=\"canonical\" href=\"https:\/\/www.clinsearch.net\/fr\/market-access-services\/\" \/>\n<meta property=\"og:locale\" content=\"fr_FR\" \/>\n<meta property=\"og:type\" content=\"article\" \/>\n<meta property=\"og:title\" content=\"Market Access Services | HEOR Experts at ClinSearch CRO\" \/>\n<meta property=\"og:description\" content=\"Explore ClinSearch\u2019s market access services and HEOR expertise. We support pricing, reimbursement, and health economic modeling.\" \/>\n<meta property=\"og:url\" content=\"https:\/\/www.clinsearch.net\/fr\/market-access-services\/\" \/>\n<meta property=\"og:site_name\" content=\"ClinSearch\" \/>\n<meta property=\"article:modified_time\" content=\"2025-12-09T13:05:27+00:00\" \/>\n<meta name=\"twitter:card\" content=\"summary_large_image\" \/>\n<meta name=\"twitter:label1\" content=\"Dur\u00e9e de lecture estim\u00e9e\" \/>\n\t<meta name=\"twitter:data1\" content=\"2 minutes\" \/>\n<script type=\"application\/ld+json\" class=\"yoast-schema-graph\">{\"@context\":\"https:\/\/schema.org\",\"@graph\":[{\"@type\":\"WebPage\",\"@id\":\"https:\/\/www.clinsearch.net\/market-access-services\/\",\"url\":\"https:\/\/www.clinsearch.net\/market-access-services\/\",\"name\":\"Market Access Services | HEOR Experts at ClinSearch CRO\",\"isPartOf\":{\"@id\":\"https:\/\/dev-www.clinsearch.eu\/#website\"},\"datePublished\":\"2024-06-28T08:57:26+00:00\",\"dateModified\":\"2025-12-09T13:05:27+00:00\",\"description\":\"Explore ClinSearch\u2019s market access services and HEOR expertise. We support pricing, reimbursement, and health economic modeling.\",\"breadcrumb\":{\"@id\":\"https:\/\/www.clinsearch.net\/market-access-services\/#breadcrumb\"},\"inLanguage\":\"fr-FR\",\"potentialAction\":[{\"@type\":\"ReadAction\",\"target\":[\"https:\/\/www.clinsearch.net\/market-access-services\/\"]}]},{\"@type\":\"BreadcrumbList\",\"@id\":\"https:\/\/www.clinsearch.net\/market-access-services\/#breadcrumb\",\"itemListElement\":[{\"@type\":\"ListItem\",\"position\":1,\"name\":\"Home\",\"item\":\"https:\/\/www.clinsearch.net\/\"},{\"@type\":\"ListItem\",\"position\":2,\"name\":\"Market Access &amp; Heor\"}]},{\"@type\":\"WebSite\",\"@id\":\"https:\/\/dev-www.clinsearch.eu\/#website\",\"url\":\"https:\/\/dev-www.clinsearch.eu\/\",\"name\":\"ClinSearch\",\"description\":\"\",\"potentialAction\":[{\"@type\":\"SearchAction\",\"target\":{\"@type\":\"EntryPoint\",\"urlTemplate\":\"https:\/\/dev-www.clinsearch.eu\/?s={search_term_string}\"},\"query-input\":{\"@type\":\"PropertyValueSpecification\",\"valueRequired\":true,\"valueName\":\"search_term_string\"}}],\"inLanguage\":\"fr-FR\"}]}<\/script>\n<!-- \/ Yoast SEO plugin. -->","yoast_head_json":{"title":"Market Access Services | HEOR Experts at ClinSearch CRO","description":"Explore ClinSearch\u2019s market access services and HEOR expertise. We support pricing, reimbursement, and health economic modeling.","robots":{"index":"index","follow":"follow","max-snippet":"max-snippet:-1","max-image-preview":"max-image-preview:large","max-video-preview":"max-video-preview:-1"},"canonical":"https:\/\/www.clinsearch.net\/fr\/market-access-services\/","og_locale":"fr_FR","og_type":"article","og_title":"Market Access Services | HEOR Experts at ClinSearch CRO","og_description":"Explore ClinSearch\u2019s market access services and HEOR expertise. We support pricing, reimbursement, and health economic modeling.","og_url":"https:\/\/www.clinsearch.net\/fr\/market-access-services\/","og_site_name":"ClinSearch","article_modified_time":"2025-12-09T13:05:27+00:00","twitter_card":"summary_large_image","twitter_misc":{"Dur\u00e9e de lecture estim\u00e9e":"2 minutes"},"schema":{"@context":"https:\/\/schema.org","@graph":[{"@type":"WebPage","@id":"https:\/\/www.clinsearch.net\/market-access-services\/","url":"https:\/\/www.clinsearch.net\/market-access-services\/","name":"Market Access Services | HEOR Experts at ClinSearch CRO","isPartOf":{"@id":"https:\/\/dev-www.clinsearch.eu\/#website"},"datePublished":"2024-06-28T08:57:26+00:00","dateModified":"2025-12-09T13:05:27+00:00","description":"Explore ClinSearch\u2019s market access services and HEOR expertise. We support pricing, reimbursement, and health economic modeling.","breadcrumb":{"@id":"https:\/\/www.clinsearch.net\/market-access-services\/#breadcrumb"},"inLanguage":"fr-FR","potentialAction":[{"@type":"ReadAction","target":["https:\/\/www.clinsearch.net\/market-access-services\/"]}]},{"@type":"BreadcrumbList","@id":"https:\/\/www.clinsearch.net\/market-access-services\/#breadcrumb","itemListElement":[{"@type":"ListItem","position":1,"name":"Home","item":"https:\/\/www.clinsearch.net\/"},{"@type":"ListItem","position":2,"name":"Market Access &amp; Heor"}]},{"@type":"WebSite","@id":"https:\/\/dev-www.clinsearch.eu\/#website","url":"https:\/\/dev-www.clinsearch.eu\/","name":"ClinSearch","description":"","potentialAction":[{"@type":"SearchAction","target":{"@type":"EntryPoint","urlTemplate":"https:\/\/dev-www.clinsearch.eu\/?s={search_term_string}"},"query-input":{"@type":"PropertyValueSpecification","valueRequired":true,"valueName":"search_term_string"}}],"inLanguage":"fr-FR"}]}},"_links":{"self":[{"href":"https:\/\/www.clinsearch.net\/fr\/wp-json\/wp\/v2\/pages\/2481","targetHints":{"allow":["GET"]}}],"collection":[{"href":"https:\/\/www.clinsearch.net\/fr\/wp-json\/wp\/v2\/pages"}],"about":[{"href":"https:\/\/www.clinsearch.net\/fr\/wp-json\/wp\/v2\/types\/page"}],"author":[{"embeddable":true,"href":"https:\/\/www.clinsearch.net\/fr\/wp-json\/wp\/v2\/users\/3"}],"replies":[{"embeddable":true,"href":"https:\/\/www.clinsearch.net\/fr\/wp-json\/wp\/v2\/comments?post=2481"}],"version-history":[{"count":191,"href":"https:\/\/www.clinsearch.net\/fr\/wp-json\/wp\/v2\/pages\/2481\/revisions"}],"predecessor-version":[{"id":15797,"href":"https:\/\/www.clinsearch.net\/fr\/wp-json\/wp\/v2\/pages\/2481\/revisions\/15797"}],"wp:attachment":[{"href":"https:\/\/www.clinsearch.net\/fr\/wp-json\/wp\/v2\/media?parent=2481"}],"curies":[{"name":"wp","href":"https:\/\/api.w.org\/{rel}","templated":true}]}}