{"id":2483,"date":"2024-06-28T10:58:09","date_gmt":"2024-06-28T08:58:09","guid":{"rendered":"http:\/\/localhost\/wordpress\/?page_id=2483"},"modified":"2025-12-12T15:08:00","modified_gmt":"2025-12-12T14:08:00","slug":"medicine-acceptability","status":"publish","type":"page","link":"https:\/\/www.clinsearch.net\/fr\/medicine-acceptability\/","title":{"rendered":"Acceptabilit\u00e9 des m\u00e9dicaments"},"content":{"rendered":"<div data-elementor-type=\"wp-page\" data-elementor-id=\"2483\" class=\"elementor elementor-2483\">\n\t\t\t\t<div class=\"elementor-element elementor-element-7cab7853 e-con-full e-flex e-con e-parent\" data-id=\"7cab7853\" data-element_type=\"container\">\n\t\t<div class=\"elementor-element elementor-element-5738b0ad e-con-full e-flex e-con e-child\" data-id=\"5738b0ad\" data-element_type=\"container\">\n\t\t<div class=\"elementor-element elementor-element-44693645 e-con-full e-flex e-con e-child\" data-id=\"44693645\" data-element_type=\"container\">\n\t\t<div class=\"elementor-element elementor-element-f8aeb1b e-con-full e-flex e-con e-child\" data-id=\"f8aeb1b\" data-element_type=\"container\">\n\t\t\t\t<div class=\"elementor-element elementor-element-3440f1e elementor-widget elementor-widget-text-editor\" data-id=\"3440f1e\" data-element_type=\"widget\" data-widget_type=\"text-editor.default\">\n\t\t\t\t<div class=\"elementor-widget-container\">\n\t\t\t\t\t\t\t\t\t<p class=\"translation-block\"><span><span style=\"text-align: var(--text-align);letter-spacing: var( --e-global-typography-primary-letter-spacing )\"><span style=\"font-family: 'garamond';font-style: italic;font-size: 120%\">Nos <\/span>solutions &amp;\u00a0services<\/span><\/span><\/p>\t\t\t\t\t\t\t\t<\/div>\n\t\t\t\t<\/div>\n\t\t\t\t<div class=\"elementor-element elementor-element-d0561c8 raven-nav-menu-align-center raven-nav-menu-stretch raven-mobile-nav-menu-align-left elementor-widget elementor-widget-raven-nav-menu\" data-id=\"d0561c8\" data-element_type=\"widget\" data-settings=\"{&quot;submenu_icon&quot;:&quot;&lt;svg 0=\\&quot;fas fa-chevron-down\\&quot; class=\\&quot;e-font-icon-svg e-fas-chevron-down\\&quot;&gt;\\n\\t\\t\\t\\t\\t&lt;use xlink:href=\\&quot;#fas-chevron-down\\&quot;&gt;\\n\\t\\t\\t\\t\\t\\t&lt;symbol id=\\&quot;fas-chevron-down\\&quot; viewBox=\\&quot;0 0 448 512\\&quot;&gt;\\n\\t\\t\\t\\t\\t\\t\\t&lt;path d=\\&quot;M207.029 381.476L12.686 187.132c-9.373-9.373-9.373-24.569 0-33.941l22.667-22.667c9.357-9.357 24.522-9.375 33.901-.04L224 284.505l154.745-154.021c9.379-9.335 24.544-9.317 33.901.04l22.667 22.667c9.373 9.373 9.373 24.569 0 33.941L240.971 381.476c-9.373 9.372-24.569 9.372-33.942 0z\\&quot;&gt;&lt;\\\/path&gt;\\n\\t\\t\\t\\t\\t\\t&lt;\\\/symbol&gt;\\n\\t\\t\\t\\t\\t&lt;\\\/use&gt;\\n\\t\\t\\t\\t&lt;\\\/svg&gt;&quot;,&quot;full_width&quot;:&quot;stretch&quot;,&quot;mobile_layout&quot;:&quot;dropdown&quot;,&quot;submenu_space_between&quot;:{&quot;unit&quot;:&quot;px&quot;,&quot;size&quot;:&quot;&quot;,&quot;sizes&quot;:[]},&quot;submenu_opening_position&quot;:&quot;bottom&quot;}\" data-widget_type=\"raven-nav-menu.default\">\n\t\t\t\t<div class=\"elementor-widget-container\">\n\t\t\t\t\t\t\t<nav class=\"raven-nav-menu-main raven-nav-menu-horizontal raven-nav-menu-tablet- raven-nav-menu-mobile- raven-nav-icons-hidden-tablet raven-nav-icons-hidden-mobile\">\n\t\t\t<ul id=\"menu-d0561c8\" class=\"raven-nav-menu\"><li class=\"menu-item menu-item-type-post_type menu-item-object-page menu-item-13819\"><a href=\"https:\/\/www.clinsearch.net\/fr\/early-access-programs-france\/\" class=\"raven-menu-item raven-link-item\">Programmes d'acc\u00e8s d\u00e9rogatoire<\/a><\/li>\n<li class=\"menu-item menu-item-type-post_type menu-item-object-page menu-item-13821\"><a href=\"https:\/\/www.clinsearch.net\/fr\/cro-services\/\" class=\"raven-menu-item raven-link-item\">Services CRO<\/a><\/li>\n<li class=\"menu-item menu-item-type-post_type menu-item-object-page menu-item-13820\"><a href=\"https:\/\/www.clinsearch.net\/fr\/electronic-data-capture-clinical-trials\/\" class=\"raven-menu-item raven-link-item\">Collecte de donn\u00e9es<\/a><\/li>\n<li class=\"menu-item menu-item-type-post_type menu-item-object-page menu-item-13818\"><a href=\"https:\/\/www.clinsearch.net\/fr\/independent-committees-clinical-trials\/\" class=\"raven-menu-item raven-link-item\">Comit\u00e9s ind\u00e9pendants<\/a><\/li>\n<li class=\"menu-item menu-item-type-post_type menu-item-object-page menu-item-13817\"><a href=\"https:\/\/www.clinsearch.net\/fr\/market-access-services\/\" class=\"raven-menu-item raven-link-item\">Acc\u00e8s au march\u00e9 &amp; HEOR<\/a><\/li>\n<li class=\"menu-item menu-item-type-post_type menu-item-object-page menu-item-13816\"><a href=\"https:\/\/www.clinsearch.net\/fr\/medicine-acceptability\/\" class=\"raven-menu-item raven-link-item\">Acceptabilit\u00e9 des m\u00e9dicaments<\/a><\/li>\n<li class=\"menu-item menu-item-type-post_type menu-item-object-page menu-item-13815\"><a href=\"https:\/\/www.clinsearch.net\/fr\/clinical-trial-quality-assurance\/\" class=\"raven-menu-item raven-link-item\">Assurance qualit\u00e9<\/a><\/li>\n<li class=\"menu-item menu-item-type-post_type menu-item-object-page menu-item-13814\"><a href=\"https:\/\/www.clinsearch.net\/fr\/clinical-trial-safety-reporting\/\" class=\"raven-menu-item raven-link-item\">Vigilance<\/a><\/li>\n<li class=\"menu-item menu-item-type-post_type menu-item-object-page menu-item-13822\"><a href=\"https:\/\/www.clinsearch.net\/fr\/clinical-trial-statistics-medical-writing\/\" class=\"raven-menu-item raven-link-item\">R\u00e9daction m\u00e9dicale &amp; valorisation des donn\u00e9es<\/a><\/li>\n<li class=\"menu-item menu-item-type-post_type menu-item-object-page menu-item-14359\"><a href=\"https:\/\/www.clinsearch.net\/fr\/medtech-certification-support\/\" class=\"raven-menu-item raven-link-item\">MedTech certification support<\/a><\/li>\n<\/ul>\t\t<\/nav>\n\n\t\t<div class=\"raven-nav-menu-toggle\">\n\n\t\t\t\t\t\t<div class=\"raven-nav-menu-toggle-button\">\n\t\t\t\t\t\t\t\t<span class=\"fa fa-bars\"><\/span>\n\t\t\t\t\t\t\t\t<\/div>\n\n\t\t<\/div>\n\t\t<nav class=\"raven-nav-icons-hidden-tablet raven-nav-icons-hidden-mobile raven-nav-menu-mobile raven-nav-menu-dropdown\">\n\t\t\t\t\t\t\t\t\t<div class=\"raven-container\">\n\t\t\t\t<ul id=\"menu-mobile-d0561c8\" class=\"raven-nav-menu\"><li class=\"menu-item menu-item-type-post_type menu-item-object-page menu-item-13819\"><a href=\"https:\/\/www.clinsearch.net\/fr\/early-access-programs-france\/\" class=\"raven-menu-item raven-link-item\">Programmes d'acc\u00e8s d\u00e9rogatoire<\/a><\/li>\n<li class=\"menu-item menu-item-type-post_type menu-item-object-page menu-item-13821\"><a href=\"https:\/\/www.clinsearch.net\/fr\/cro-services\/\" class=\"raven-menu-item raven-link-item\">Services CRO<\/a><\/li>\n<li class=\"menu-item menu-item-type-post_type menu-item-object-page menu-item-13820\"><a href=\"https:\/\/www.clinsearch.net\/fr\/electronic-data-capture-clinical-trials\/\" class=\"raven-menu-item raven-link-item\">Collecte de donn\u00e9es<\/a><\/li>\n<li class=\"menu-item menu-item-type-post_type menu-item-object-page menu-item-13818\"><a href=\"https:\/\/www.clinsearch.net\/fr\/independent-committees-clinical-trials\/\" class=\"raven-menu-item raven-link-item\">Comit\u00e9s ind\u00e9pendants<\/a><\/li>\n<li class=\"menu-item menu-item-type-post_type menu-item-object-page menu-item-13817\"><a href=\"https:\/\/www.clinsearch.net\/fr\/market-access-services\/\" class=\"raven-menu-item raven-link-item\">Acc\u00e8s au march\u00e9 &amp; HEOR<\/a><\/li>\n<li class=\"menu-item menu-item-type-post_type menu-item-object-page menu-item-13816\"><a href=\"https:\/\/www.clinsearch.net\/fr\/medicine-acceptability\/\" class=\"raven-menu-item raven-link-item\">Acceptabilit\u00e9 des m\u00e9dicaments<\/a><\/li>\n<li class=\"menu-item menu-item-type-post_type menu-item-object-page menu-item-13815\"><a href=\"https:\/\/www.clinsearch.net\/fr\/clinical-trial-quality-assurance\/\" class=\"raven-menu-item raven-link-item\">Assurance qualit\u00e9<\/a><\/li>\n<li class=\"menu-item menu-item-type-post_type menu-item-object-page menu-item-13814\"><a href=\"https:\/\/www.clinsearch.net\/fr\/clinical-trial-safety-reporting\/\" class=\"raven-menu-item raven-link-item\">Vigilance<\/a><\/li>\n<li class=\"menu-item menu-item-type-post_type menu-item-object-page menu-item-13822\"><a href=\"https:\/\/www.clinsearch.net\/fr\/clinical-trial-statistics-medical-writing\/\" class=\"raven-menu-item raven-link-item\">R\u00e9daction m\u00e9dicale &amp; valorisation des donn\u00e9es<\/a><\/li>\n<li class=\"menu-item menu-item-type-post_type menu-item-object-page menu-item-14359\"><a href=\"https:\/\/www.clinsearch.net\/fr\/medtech-certification-support\/\" class=\"raven-menu-item raven-link-item\">MedTech certification support<\/a><\/li>\n<\/ul>\t\t\t<\/div>\n\t\t<\/nav>\n\t\t\t\t\t\t<\/div>\n\t\t\t\t<\/div>\n\t\t<div class=\"elementor-element elementor-element-7f079cc0 e-con-full e-flex e-con e-child\" data-id=\"7f079cc0\" data-element_type=\"container\">\n\t\t\t\t<div class=\"elementor-element elementor-element-6f7a8801 elementor-widget__width-initial elementor-widget elementor-widget-heading\" data-id=\"6f7a8801\" data-element_type=\"widget\" data-widget_type=\"heading.default\">\n\t\t\t\t<div class=\"elementor-widget-container\">\n\t\t\t\t\t<h1 class=\"elementor-heading-title elementor-size-default\">Acceptabilit\u00e9 des m\u00e9dicaments<\/h1>\t\t\t\t<\/div>\n\t\t\t\t<\/div>\n\t\t<div class=\"elementor-element elementor-element-c9da798 e-con-full e-flex e-con e-child\" data-id=\"c9da798\" data-element_type=\"container\">\n\t\t\t\t<div class=\"elementor-element elementor-element-448e2d1b elementor-widget__width-inherit elementor-widget elementor-widget-heading\" data-id=\"448e2d1b\" data-element_type=\"widget\" data-widget_type=\"heading.default\">\n\t\t\t\t<div class=\"elementor-widget-container\">\n\t\t\t\t\t<p class=\"elementor-heading-title elementor-size-default\">Au cours des derni\u00e8res ann\u00e9es, ClinSearch a acquis une connaissance pr\u00e9cieuse des facteurs pr\u00e9dictifs d'acceptabilit\u00e9, d\u00e9couverts et extraits d'une grande base de donn\u00e9es d'\u00e9valuations cliniques. En utilisant des informations valides, utiles et compr\u00e9hensibles, nos services de conseil peuvent vous accompagner dans la conception de m\u00e9dicaments hautement acceptables.<br><br>Nous sommes \u00e9galement en mesure de vous fournir une \u00e9valuation pertinente de l'acceptabilit\u00e9 de votre m\u00e9dicament \u00e0 l'aide de notre test d'acceptabilit\u00e9 \u00ab ClinSearch Acceptability Score Test\u00ae \u00bb (CAST).<br><br>Le 3 mai 2023, le <span style=\"font-weight: 700\"><a href=\"https:\/\/www.ema.europa.eu\/en\/homepage \"><b>European Medicines Agency (EMA)<\/b><\/a><\/span> a publi\u00e9 une <span style=\"font-weight: 700\"><a href=\"https:\/\/www.ema.europa.eu\/en\/documents\/other\/letter-support-acceptability-score-test-relative-acceptability-testing-oral-medicines-children-under_en.pdf\"><b>lettre de soutien<\/b><\/a><\/span> pour ce test d'acceptabilit\u00e9 dans le cadre des tests d'acceptabilit\u00e9 relative pour les m\u00e9dicaments oraux chez les enfants de moins de 12 ans. L'EMA a particuli\u00e8rement appr\u00e9ci\u00e9 l'initiative de concr\u00e9tiser et de quantifier le concept global d'acceptabilit\u00e9. D'autres exp\u00e9riences d'utilisation du score CAST dans les plans de d\u00e9veloppement clinique seront les bienvenues.<br><br>Notre mod\u00e8le innovant d'exploration des donn\u00e9es utilise des mesures objectives r\u00e9elles pour positionner votre m\u00e9dicament sur la carte de l'acceptabilit\u00e9 et le caract\u00e9riser par un profil d'acceptabilit\u00e9. Ce service vous permet de b\u00e9n\u00e9ficier de comparaisons standardis\u00e9es de grande valeur entre les produits sur le march\u00e9 mondial.<\/p>\t\t\t\t<\/div>\n\t\t\t\t<\/div>\n\t\t\t\t<div class=\"elementor-element elementor-element-fd61882 elementor-widget__width-inherit elementor-widget elementor-widget-heading\" data-id=\"fd61882\" data-element_type=\"widget\" data-widget_type=\"heading.default\">\n\t\t\t\t<div class=\"elementor-widget-container\">\n\t\t\t\t\t<p class=\"elementor-heading-title elementor-size-default\"><div style=\"margin-top: 1.2em;padding: 1em;background-color: #f0f8ff;border-left: 4px solid #0077c8;line-height: 1.4\">\n  <b>Evaluez et optimisez l'acceptabilit\u00e9 de votre traitement<\/b><br>\n  <a href=\"https:\/\/www.clinsearch.net\/fr\/contact\/\" style=\"color:#0077c8;font-weight:bold\">Contactez nous,<\/a> pour \u00e9valuer comment CAST\u00ae et nos services de conseil peuvent vous aider dans le d\u00e9veloppement de vos produits.\n<\/div>\n<\/p>\t\t\t\t<\/div>\n\t\t\t\t<\/div>\n\t\t\t\t<div class=\"elementor-element elementor-element-cdfc671 elementor-widget__width-initial elementor-invisible elementor-widget elementor-widget-video\" data-id=\"cdfc671\" data-element_type=\"widget\" data-settings=\"{&quot;youtube_url&quot;:&quot;https:\\\/\\\/youtu.be\\\/FRrMI7GICZw&quot;,&quot;_animation&quot;:&quot;fadeIn&quot;,&quot;video_type&quot;:&quot;youtube&quot;,&quot;controls&quot;:&quot;yes&quot;}\" data-widget_type=\"video.default\">\n\t\t\t\t<div class=\"elementor-widget-container\">\n\t\t\t\t\t\t\t<div class=\"elementor-wrapper elementor-open-inline\">\n\t\t\t<div class=\"elementor-video\"><\/div>\t\t<\/div>\n\t\t\t\t\t\t<\/div>\n\t\t\t\t<\/div>\n\t\t\t\t<\/div>\n\t\t\t\t<\/div>\n\t\t\t\t<\/div>\n\t\t\t\t<\/div>\n\t\t<div class=\"elementor-element elementor-element-363b1ab0 e-con-full e-flex e-con e-child\" data-id=\"363b1ab0\" data-element_type=\"container\">\n\t\t<div class=\"elementor-element elementor-element-2b419b02 e-con-full e-flex e-con e-child\" data-id=\"2b419b02\" data-element_type=\"container\">\n\t\t<div class=\"elementor-element elementor-element-60124b01 e-flex e-con-boxed e-con e-child\" data-id=\"60124b01\" data-element_type=\"container\">\n\t\t\t\t\t<div class=\"e-con-inner\">\n\t\t<div class=\"elementor-element elementor-element-2e07df26 e-con-full e-flex e-con e-child\" data-id=\"2e07df26\" data-element_type=\"container\">\n\t\t\t\t<div class=\"elementor-element elementor-element-6b483d11 elementor-widget__width-inherit elementor-widget elementor-widget-heading\" data-id=\"6b483d11\" data-element_type=\"widget\" data-widget_type=\"heading.default\">\n\t\t\t\t<div class=\"elementor-widget-container\">\n\t\t\t\t\t<h4 class=\"elementor-heading-title elementor-size-default\">Nos solutions<\/h4>\t\t\t\t<\/div>\n\t\t\t\t<\/div>\n\t\t\t\t<div class=\"elementor-element elementor-element-b2737a3 elementor-widget__width-inherit elementor-widget elementor-widget-heading\" data-id=\"b2737a3\" data-element_type=\"widget\" data-widget_type=\"heading.default\">\n\t\t\t\t<div class=\"elementor-widget-container\">\n\t\t\t\t\t<p class=\"elementor-heading-title elementor-size-default\">Outils d'analyse d'acceptabilit\u00e9<br>\nApproche centr\u00e9e sur le patient<br>\nAcceptabilit\u00e9 p\u00e9diatrique<br>\nAcceptabilit\u00e9 g\u00e9riatrique<\/p>\t\t\t\t<\/div>\n\t\t\t\t<\/div>\n\t\t\t\t<\/div>\n\t\t<div class=\"elementor-element elementor-element-27f90329 e-con-full e-flex e-con e-child\" data-id=\"27f90329\" data-element_type=\"container\">\n\t\t\t\t<div class=\"elementor-element elementor-element-4470afdc elementor-widget__width-inherit elementor-widget elementor-widget-heading\" data-id=\"4470afdc\" data-element_type=\"widget\" data-widget_type=\"heading.default\">\n\t\t\t\t<div class=\"elementor-widget-container\">\n\t\t\t\t\t<h4 class=\"elementor-heading-title elementor-size-default\">Ressources<\/h4>\t\t\t\t<\/div>\n\t\t\t\t<\/div>\n\t\t\t\t<div class=\"elementor-element elementor-element-4ca07c29 elementor-widget__width-inherit elementor-widget elementor-widget-heading\" data-id=\"4ca07c29\" data-element_type=\"widget\" data-widget_type=\"heading.default\">\n\t\t\t\t<div class=\"elementor-widget-container\">\n\t\t\t\t\t<p class=\"elementor-heading-title elementor-size-default\">Chercheur scientifique<br>Ing\u00e9nieurs en SI<br>Biostatisticiens<br>Attach\u00e9s de recherche<\/p>\t\t\t\t<\/div>\n\t\t\t\t<\/div>\n\t\t\t\t<\/div>\n\t\t<div class=\"elementor-element elementor-element-6ab8d5e9 e-con-full e-flex e-con e-child\" data-id=\"6ab8d5e9\" data-element_type=\"container\">\n\t\t\t\t<div class=\"elementor-element elementor-element-4f4e5e10 elementor-widget__width-inherit elementor-widget elementor-widget-heading\" data-id=\"4f4e5e10\" data-element_type=\"widget\" data-widget_type=\"heading.default\">\n\t\t\t\t<div class=\"elementor-widget-container\">\n\t\t\t\t\t<h4 class=\"elementor-heading-title elementor-size-default\">Activit\u00e9s<\/h4>\t\t\t\t<\/div>\n\t\t\t\t<\/div>\n\t\t\t\t<div class=\"elementor-element elementor-element-51c75443 elementor-widget__width-inherit elementor-widget elementor-widget-heading\" data-id=\"51c75443\" data-element_type=\"widget\" data-widget_type=\"heading.default\">\n\t\t\t\t<div class=\"elementor-widget-container\">\n\t\t\t\t\t<p class=\"elementor-heading-title elementor-size-default\">Gestion de projet<br>Acc\u00e8s au traitement<br>Assistance t\u00e9l\u00e9phonique<br>Monitoring \u00e0 distance<br>Rapports<\/p>\t\t\t\t<\/div>\n\t\t\t\t<\/div>\n\t\t\t\t<\/div>\n\t\t<div class=\"elementor-element elementor-element-4bf065be e-con-full e-flex e-con e-child\" data-id=\"4bf065be\" data-element_type=\"container\">\n\t\t\t\t<div class=\"elementor-element elementor-element-66f602a0 elementor-widget__width-inherit elementor-widget elementor-widget-heading\" data-id=\"66f602a0\" data-element_type=\"widget\" data-widget_type=\"heading.default\">\n\t\t\t\t<div class=\"elementor-widget-container\">\n\t\t\t\t\t<h4 class=\"elementor-heading-title elementor-size-default\">Standards<\/h4>\t\t\t\t<\/div>\n\t\t\t\t<\/div>\n\t\t\t\t<div class=\"elementor-element elementor-element-55ba1fa4 elementor-widget__width-inherit elementor-widget elementor-widget-heading\" data-id=\"55ba1fa4\" data-element_type=\"widget\" data-widget_type=\"heading.default\">\n\t\t\t\t<div class=\"elementor-widget-container\">\n\t\t\t\t\t<p class=\"elementor-heading-title elementor-size-default translation-block\"><a class=\"hvr-sweep-to bottom blue\" href=\"https:\/\/www.ema.europa.eu\/en\/documents\/scientific-guideline\/guideline-pharmaceutical-development-medicines-paediatric-use_en.pdf\" target=\"_blank\" rel=\"noopener\">EMA \u2013 D\u00e9veloppement de m\u00e9dicaments \u00e0 usage p\u00e9diatrique<\/a><br><a class=\"hvr-sweep-to-bottom blue\" href=\"https:\/\/www.ema.europa.eu\/en\/documents\/scientific-guideline\/reflection-paper-pharmaceutical-development-medicines-use-older-population-first-version_en.pdf\" target=\"_blank\" rel=\"noopener\">EMA \u2013 D\u00e9veloppement de m\u00e9dicaments destin\u00e9s aux personnes \u00e2g\u00e9es<\/a><\/p>\t\t\t\t<\/div>\n\t\t\t\t<\/div>\n\t\t\t\t<\/div>\n\t\t\t\t\t<\/div>\n\t\t\t\t<\/div>\n\t\t\t\t<\/div>\n\t\t\t\t<\/div>\n\t\t\t\t<\/div>\n\t\t\t\t<\/div>\n\t\t\t\t<\/div>","protected":false},"excerpt":{"rendered":"<p>Our brands &amp;\u00a0services Early Access Programs CRO Services Data Collection Independent Committees Market Access &#038; HEOR Medicine Acceptability Quality Assurance Safety Reporting Medical Writing &amp; Data Valorization MedTech Certification Support Early Access Programs CRO Services Data Collection Independent Committees Market Access &#038; HEOR Medicine Acceptability Quality Assurance Safety Reporting Medical Writing &amp; Data Valorization MedTech [&hellip;]<\/p>","protected":false},"author":3,"featured_media":0,"parent":0,"menu_order":0,"comment_status":"closed","ping_status":"closed","template":"full-width.php","meta":{"_acf_changed":false,"footnotes":""},"class_list":["post-2483","page","type-page","status-publish","hentry"],"acf":[],"yoast_head":"<!-- This site is optimized with the Yoast SEO plugin v26.2 - https:\/\/yoast.com\/wordpress\/plugins\/seo\/ -->\n<title>Medicine Acceptability | ClinSearch CAST Score<\/title>\n<meta name=\"description\" content=\"Discover ClinSearch&#039;s CAST tool for medicine acceptability. EMA-backed score for pediatric and geriatric use. Quantify acceptability today.\" \/>\n<meta name=\"robots\" content=\"index, follow, max-snippet:-1, max-image-preview:large, max-video-preview:-1\" \/>\n<link rel=\"canonical\" href=\"https:\/\/www.clinsearch.net\/fr\/medicine-acceptability\/\" \/>\n<meta property=\"og:locale\" content=\"fr_FR\" \/>\n<meta property=\"og:type\" content=\"article\" \/>\n<meta property=\"og:title\" content=\"Medicine Acceptability | ClinSearch CAST Score\" \/>\n<meta property=\"og:description\" content=\"Discover ClinSearch&#039;s CAST tool for medicine acceptability. EMA-backed score for pediatric and geriatric use. Quantify acceptability today.\" \/>\n<meta property=\"og:url\" content=\"https:\/\/www.clinsearch.net\/fr\/medicine-acceptability\/\" \/>\n<meta property=\"og:site_name\" content=\"ClinSearch\" \/>\n<meta property=\"article:modified_time\" content=\"2025-12-12T14:08:00+00:00\" \/>\n<meta name=\"twitter:card\" content=\"summary_large_image\" \/>\n<meta name=\"twitter:label1\" content=\"Dur\u00e9e de lecture estim\u00e9e\" \/>\n\t<meta name=\"twitter:data1\" content=\"2 minutes\" \/>\n<script type=\"application\/ld+json\" class=\"yoast-schema-graph\">{\"@context\":\"https:\/\/schema.org\",\"@graph\":[{\"@type\":\"WebPage\",\"@id\":\"https:\/\/www.clinsearch.net\/medicine-acceptability\/\",\"url\":\"https:\/\/www.clinsearch.net\/medicine-acceptability\/\",\"name\":\"Medicine Acceptability | ClinSearch CAST Score\",\"isPartOf\":{\"@id\":\"https:\/\/dev-www.clinsearch.eu\/#website\"},\"datePublished\":\"2024-06-28T08:58:09+00:00\",\"dateModified\":\"2025-12-12T14:08:00+00:00\",\"description\":\"Discover ClinSearch's CAST tool for medicine acceptability. EMA-backed score for pediatric and geriatric use. Quantify acceptability today.\",\"breadcrumb\":{\"@id\":\"https:\/\/www.clinsearch.net\/medicine-acceptability\/#breadcrumb\"},\"inLanguage\":\"fr-FR\",\"potentialAction\":[{\"@type\":\"ReadAction\",\"target\":[\"https:\/\/www.clinsearch.net\/medicine-acceptability\/\"]}]},{\"@type\":\"BreadcrumbList\",\"@id\":\"https:\/\/www.clinsearch.net\/medicine-acceptability\/#breadcrumb\",\"itemListElement\":[{\"@type\":\"ListItem\",\"position\":1,\"name\":\"Home\",\"item\":\"https:\/\/www.clinsearch.net\/\"},{\"@type\":\"ListItem\",\"position\":2,\"name\":\"Medicine Acceptability\"}]},{\"@type\":\"WebSite\",\"@id\":\"https:\/\/dev-www.clinsearch.eu\/#website\",\"url\":\"https:\/\/dev-www.clinsearch.eu\/\",\"name\":\"ClinSearch\",\"description\":\"\",\"potentialAction\":[{\"@type\":\"SearchAction\",\"target\":{\"@type\":\"EntryPoint\",\"urlTemplate\":\"https:\/\/dev-www.clinsearch.eu\/?s={search_term_string}\"},\"query-input\":{\"@type\":\"PropertyValueSpecification\",\"valueRequired\":true,\"valueName\":\"search_term_string\"}}],\"inLanguage\":\"fr-FR\"}]}<\/script>\n<!-- \/ Yoast SEO plugin. -->","yoast_head_json":{"title":"Medicine Acceptability | ClinSearch CAST Score","description":"Discover ClinSearch's CAST tool for medicine acceptability. EMA-backed score for pediatric and geriatric use. Quantify acceptability today.","robots":{"index":"index","follow":"follow","max-snippet":"max-snippet:-1","max-image-preview":"max-image-preview:large","max-video-preview":"max-video-preview:-1"},"canonical":"https:\/\/www.clinsearch.net\/fr\/medicine-acceptability\/","og_locale":"fr_FR","og_type":"article","og_title":"Medicine Acceptability | ClinSearch CAST Score","og_description":"Discover ClinSearch's CAST tool for medicine acceptability. EMA-backed score for pediatric and geriatric use. Quantify acceptability today.","og_url":"https:\/\/www.clinsearch.net\/fr\/medicine-acceptability\/","og_site_name":"ClinSearch","article_modified_time":"2025-12-12T14:08:00+00:00","twitter_card":"summary_large_image","twitter_misc":{"Dur\u00e9e de lecture estim\u00e9e":"2 minutes"},"schema":{"@context":"https:\/\/schema.org","@graph":[{"@type":"WebPage","@id":"https:\/\/www.clinsearch.net\/medicine-acceptability\/","url":"https:\/\/www.clinsearch.net\/medicine-acceptability\/","name":"Medicine Acceptability | ClinSearch CAST Score","isPartOf":{"@id":"https:\/\/dev-www.clinsearch.eu\/#website"},"datePublished":"2024-06-28T08:58:09+00:00","dateModified":"2025-12-12T14:08:00+00:00","description":"Discover ClinSearch's CAST tool for medicine acceptability. EMA-backed score for pediatric and geriatric use. Quantify acceptability today.","breadcrumb":{"@id":"https:\/\/www.clinsearch.net\/medicine-acceptability\/#breadcrumb"},"inLanguage":"fr-FR","potentialAction":[{"@type":"ReadAction","target":["https:\/\/www.clinsearch.net\/medicine-acceptability\/"]}]},{"@type":"BreadcrumbList","@id":"https:\/\/www.clinsearch.net\/medicine-acceptability\/#breadcrumb","itemListElement":[{"@type":"ListItem","position":1,"name":"Home","item":"https:\/\/www.clinsearch.net\/"},{"@type":"ListItem","position":2,"name":"Medicine Acceptability"}]},{"@type":"WebSite","@id":"https:\/\/dev-www.clinsearch.eu\/#website","url":"https:\/\/dev-www.clinsearch.eu\/","name":"ClinSearch","description":"","potentialAction":[{"@type":"SearchAction","target":{"@type":"EntryPoint","urlTemplate":"https:\/\/dev-www.clinsearch.eu\/?s={search_term_string}"},"query-input":{"@type":"PropertyValueSpecification","valueRequired":true,"valueName":"search_term_string"}}],"inLanguage":"fr-FR"}]}},"_links":{"self":[{"href":"https:\/\/www.clinsearch.net\/fr\/wp-json\/wp\/v2\/pages\/2483","targetHints":{"allow":["GET"]}}],"collection":[{"href":"https:\/\/www.clinsearch.net\/fr\/wp-json\/wp\/v2\/pages"}],"about":[{"href":"https:\/\/www.clinsearch.net\/fr\/wp-json\/wp\/v2\/types\/page"}],"author":[{"embeddable":true,"href":"https:\/\/www.clinsearch.net\/fr\/wp-json\/wp\/v2\/users\/3"}],"replies":[{"embeddable":true,"href":"https:\/\/www.clinsearch.net\/fr\/wp-json\/wp\/v2\/comments?post=2483"}],"version-history":[{"count":226,"href":"https:\/\/www.clinsearch.net\/fr\/wp-json\/wp\/v2\/pages\/2483\/revisions"}],"predecessor-version":[{"id":15842,"href":"https:\/\/www.clinsearch.net\/fr\/wp-json\/wp\/v2\/pages\/2483\/revisions\/15842"}],"wp:attachment":[{"href":"https:\/\/www.clinsearch.net\/fr\/wp-json\/wp\/v2\/media?parent=2483"}],"curies":[{"name":"wp","href":"https:\/\/api.w.org\/{rel}","templated":true}]}}