{"id":2487,"date":"2024-06-28T10:59:25","date_gmt":"2024-06-28T08:59:25","guid":{"rendered":"http:\/\/localhost\/wordpress\/?page_id=2487"},"modified":"2025-12-09T14:08:55","modified_gmt":"2025-12-09T13:08:55","slug":"clinical-trial-safety-reporting","status":"publish","type":"page","link":"https:\/\/www.clinsearch.net\/fr\/clinical-trial-safety-reporting\/","title":{"rendered":"Vigilance"},"content":{"rendered":"<div data-elementor-type=\"wp-page\" data-elementor-id=\"2487\" class=\"elementor elementor-2487\">\n\t\t\t\t<div class=\"elementor-element elementor-element-3d4f5a15 e-con-full e-flex e-con e-parent\" data-id=\"3d4f5a15\" data-element_type=\"container\">\n\t\t<div class=\"elementor-element elementor-element-3307723d e-con-full e-flex e-con e-child\" data-id=\"3307723d\" data-element_type=\"container\">\n\t\t<div class=\"elementor-element elementor-element-2b11c770 e-con-full e-flex e-con e-child\" data-id=\"2b11c770\" data-element_type=\"container\">\n\t\t<div class=\"elementor-element elementor-element-5a61ebff e-con-full e-flex e-con e-child\" data-id=\"5a61ebff\" data-element_type=\"container\">\n\t\t\t\t<div class=\"elementor-element elementor-element-25f482b3 elementor-widget elementor-widget-text-editor\" data-id=\"25f482b3\" data-element_type=\"widget\" data-widget_type=\"text-editor.default\">\n\t\t\t\t<div class=\"elementor-widget-container translation-block\"><span><span style=\"text-align: var(--text-align);letter-spacing: var( --e-global-typography-primary-letter-spacing )\"><span style=\"font-family: 'garamond';font-style: italic;font-size: 120%\">Nos <\/span>solutions &amp;\u00a0services<\/span><\/span><\/div>\n\t\t\t\t<\/div>\n\t\t\t\t<div class=\"elementor-element elementor-element-9309ac5 raven-nav-menu-align-center raven-nav-menu-stretch raven-mobile-nav-menu-align-left elementor-widget elementor-widget-raven-nav-menu\" data-id=\"9309ac5\" data-element_type=\"widget\" data-settings=\"{&quot;submenu_icon&quot;:&quot;&lt;svg 0=\\&quot;fas fa-chevron-down\\&quot; class=\\&quot;e-font-icon-svg e-fas-chevron-down\\&quot;&gt;\\n\\t\\t\\t\\t\\t&lt;use xlink:href=\\&quot;#fas-chevron-down\\&quot;&gt;\\n\\t\\t\\t\\t\\t\\t&lt;symbol id=\\&quot;fas-chevron-down\\&quot; viewBox=\\&quot;0 0 448 512\\&quot;&gt;\\n\\t\\t\\t\\t\\t\\t\\t&lt;path d=\\&quot;M207.029 381.476L12.686 187.132c-9.373-9.373-9.373-24.569 0-33.941l22.667-22.667c9.357-9.357 24.522-9.375 33.901-.04L224 284.505l154.745-154.021c9.379-9.335 24.544-9.317 33.901.04l22.667 22.667c9.373 9.373 9.373 24.569 0 33.941L240.971 381.476c-9.373 9.372-24.569 9.372-33.942 0z\\&quot;&gt;&lt;\\\/path&gt;\\n\\t\\t\\t\\t\\t\\t&lt;\\\/symbol&gt;\\n\\t\\t\\t\\t\\t&lt;\\\/use&gt;\\n\\t\\t\\t\\t&lt;\\\/svg&gt;&quot;,&quot;full_width&quot;:&quot;stretch&quot;,&quot;mobile_layout&quot;:&quot;dropdown&quot;,&quot;submenu_space_between&quot;:{&quot;unit&quot;:&quot;px&quot;,&quot;size&quot;:&quot;&quot;,&quot;sizes&quot;:[]},&quot;submenu_opening_position&quot;:&quot;bottom&quot;}\" data-widget_type=\"raven-nav-menu.default\">\n\t\t\t\t<div class=\"elementor-widget-container\">\n\t\t\t\t\t\t\t<nav class=\"raven-nav-menu-main raven-nav-menu-horizontal raven-nav-menu-tablet- raven-nav-menu-mobile- raven-nav-icons-hidden-tablet raven-nav-icons-hidden-mobile\">\n\t\t\t<ul id=\"menu-9309ac5\" class=\"raven-nav-menu\"><li class=\"menu-item menu-item-type-post_type menu-item-object-page menu-item-13819\"><a href=\"https:\/\/www.clinsearch.net\/fr\/early-access-programs-france\/\" class=\"raven-menu-item raven-link-item\">Programmes d'acc\u00e8s d\u00e9rogatoire<\/a><\/li>\n<li class=\"menu-item menu-item-type-post_type menu-item-object-page menu-item-13821\"><a href=\"https:\/\/www.clinsearch.net\/fr\/cro-services\/\" class=\"raven-menu-item raven-link-item\">Services CRO<\/a><\/li>\n<li class=\"menu-item menu-item-type-post_type menu-item-object-page menu-item-13820\"><a href=\"https:\/\/www.clinsearch.net\/fr\/electronic-data-capture-clinical-trials\/\" class=\"raven-menu-item raven-link-item\">Collecte de donn\u00e9es<\/a><\/li>\n<li class=\"menu-item menu-item-type-post_type menu-item-object-page menu-item-13818\"><a href=\"https:\/\/www.clinsearch.net\/fr\/independent-committees-clinical-trials\/\" class=\"raven-menu-item raven-link-item\">Comit\u00e9s ind\u00e9pendants<\/a><\/li>\n<li class=\"menu-item menu-item-type-post_type menu-item-object-page menu-item-13817\"><a href=\"https:\/\/www.clinsearch.net\/fr\/market-access-services\/\" class=\"raven-menu-item raven-link-item\">Acc\u00e8s au march\u00e9 &amp; HEOR<\/a><\/li>\n<li class=\"menu-item menu-item-type-post_type menu-item-object-page menu-item-13816\"><a href=\"https:\/\/www.clinsearch.net\/fr\/medicine-acceptability\/\" class=\"raven-menu-item raven-link-item\">Acceptabilit\u00e9 des m\u00e9dicaments<\/a><\/li>\n<li class=\"menu-item menu-item-type-post_type menu-item-object-page menu-item-13815\"><a href=\"https:\/\/www.clinsearch.net\/fr\/clinical-trial-quality-assurance\/\" class=\"raven-menu-item raven-link-item\">Assurance qualit\u00e9<\/a><\/li>\n<li class=\"menu-item menu-item-type-post_type menu-item-object-page menu-item-13814\"><a href=\"https:\/\/www.clinsearch.net\/fr\/clinical-trial-safety-reporting\/\" class=\"raven-menu-item raven-link-item\">Vigilance<\/a><\/li>\n<li class=\"menu-item menu-item-type-post_type menu-item-object-page menu-item-13822\"><a href=\"https:\/\/www.clinsearch.net\/fr\/clinical-trial-statistics-medical-writing\/\" class=\"raven-menu-item raven-link-item\">R\u00e9daction m\u00e9dicale &amp; valorisation des donn\u00e9es<\/a><\/li>\n<li class=\"menu-item menu-item-type-post_type menu-item-object-page menu-item-14359\"><a href=\"https:\/\/www.clinsearch.net\/fr\/medtech-certification-support\/\" class=\"raven-menu-item raven-link-item\">MedTech certification support<\/a><\/li>\n<\/ul>\t\t<\/nav>\n\n\t\t<div class=\"raven-nav-menu-toggle\">\n\n\t\t\t\t\t\t<div class=\"raven-nav-menu-toggle-button\">\n\t\t\t\t\t\t\t\t<span class=\"fa fa-bars\"><\/span>\n\t\t\t\t\t\t\t\t<\/div>\n\n\t\t<\/div>\n\t\t<nav class=\"raven-nav-icons-hidden-tablet raven-nav-icons-hidden-mobile raven-nav-menu-mobile raven-nav-menu-dropdown\">\n\t\t\t\t\t\t\t\t\t<div class=\"raven-container\">\n\t\t\t\t<ul id=\"menu-mobile-9309ac5\" class=\"raven-nav-menu\"><li class=\"menu-item menu-item-type-post_type menu-item-object-page menu-item-13819\"><a href=\"https:\/\/www.clinsearch.net\/fr\/early-access-programs-france\/\" class=\"raven-menu-item raven-link-item\">Programmes d'acc\u00e8s d\u00e9rogatoire<\/a><\/li>\n<li class=\"menu-item menu-item-type-post_type menu-item-object-page menu-item-13821\"><a href=\"https:\/\/www.clinsearch.net\/fr\/cro-services\/\" class=\"raven-menu-item raven-link-item\">Services CRO<\/a><\/li>\n<li class=\"menu-item menu-item-type-post_type menu-item-object-page menu-item-13820\"><a href=\"https:\/\/www.clinsearch.net\/fr\/electronic-data-capture-clinical-trials\/\" class=\"raven-menu-item raven-link-item\">Collecte de donn\u00e9es<\/a><\/li>\n<li class=\"menu-item menu-item-type-post_type menu-item-object-page menu-item-13818\"><a href=\"https:\/\/www.clinsearch.net\/fr\/independent-committees-clinical-trials\/\" class=\"raven-menu-item raven-link-item\">Comit\u00e9s ind\u00e9pendants<\/a><\/li>\n<li class=\"menu-item menu-item-type-post_type menu-item-object-page menu-item-13817\"><a href=\"https:\/\/www.clinsearch.net\/fr\/market-access-services\/\" class=\"raven-menu-item raven-link-item\">Acc\u00e8s au march\u00e9 &amp; HEOR<\/a><\/li>\n<li class=\"menu-item menu-item-type-post_type menu-item-object-page menu-item-13816\"><a href=\"https:\/\/www.clinsearch.net\/fr\/medicine-acceptability\/\" class=\"raven-menu-item raven-link-item\">Acceptabilit\u00e9 des m\u00e9dicaments<\/a><\/li>\n<li class=\"menu-item menu-item-type-post_type menu-item-object-page menu-item-13815\"><a href=\"https:\/\/www.clinsearch.net\/fr\/clinical-trial-quality-assurance\/\" class=\"raven-menu-item raven-link-item\">Assurance qualit\u00e9<\/a><\/li>\n<li class=\"menu-item menu-item-type-post_type menu-item-object-page menu-item-13814\"><a href=\"https:\/\/www.clinsearch.net\/fr\/clinical-trial-safety-reporting\/\" class=\"raven-menu-item raven-link-item\">Vigilance<\/a><\/li>\n<li class=\"menu-item menu-item-type-post_type menu-item-object-page menu-item-13822\"><a href=\"https:\/\/www.clinsearch.net\/fr\/clinical-trial-statistics-medical-writing\/\" class=\"raven-menu-item raven-link-item\">R\u00e9daction m\u00e9dicale &amp; valorisation des donn\u00e9es<\/a><\/li>\n<li class=\"menu-item menu-item-type-post_type menu-item-object-page menu-item-14359\"><a href=\"https:\/\/www.clinsearch.net\/fr\/medtech-certification-support\/\" class=\"raven-menu-item raven-link-item\">MedTech certification support<\/a><\/li>\n<\/ul>\t\t\t<\/div>\n\t\t<\/nav>\n\t\t\t\t\t\t<\/div>\n\t\t\t\t<\/div>\n\t\t<div class=\"elementor-element elementor-element-55198927 e-con-full e-flex e-con e-child\" data-id=\"55198927\" data-element_type=\"container\">\n\t\t\t\t<div class=\"elementor-element elementor-element-4c42d0d3 elementor-widget__width-initial elementor-widget elementor-widget-heading\" data-id=\"4c42d0d3\" data-element_type=\"widget\" data-widget_type=\"heading.default\">\n\t\t\t\t<div class=\"elementor-widget-container\">\n\t\t\t\t\t<h1 class=\"elementor-heading-title elementor-size-default\">Vigilance<\/h1>\t\t\t\t<\/div>\n\t\t\t\t<\/div>\n\t\t<div class=\"elementor-element elementor-element-648197c7 e-con-full e-flex e-con e-child\" data-id=\"648197c7\" data-element_type=\"container\">\n\t\t\t\t<div class=\"elementor-element elementor-element-d718576 elementor-widget__width-inherit elementor-widget elementor-widget-heading\" data-id=\"d718576\" data-element_type=\"widget\" data-widget_type=\"heading.default\">\n\t\t\t\t<div class=\"elementor-widget-container\">\n\t\t\t\t\t<p class=\"elementor-heading-title elementor-size-default\">ClinSearch est votre partenaire de confiance pour garantir la s\u00e9curit\u00e9 des patients. <br><br>L'\u00e9quipe ClinSearch poss\u00e8de une expertise dans la formation des chercheurs et du personnel de soutien, l'examen des donn\u00e9es m\u00e9dicales sur les CRF et la r\u00e9daction de rapports de s\u00e9curit\u00e9. Nos <b>sp\u00e9cialistes en s\u00e9curit\u00e9 certifi\u00e9s MedDra<\/b> (MD, PharmD, PhD, MSc) se concentrent sur la gestion et le rapprochement des effets ind\u00e9sirables des m\u00e9dicaments (ADRs, adverse drug reactions) et des \u00e9v\u00e9nements ind\u00e9sirables graves (SAEs, serious adverse events), la gestion des signaux et des incidents, la gestion des risques et les plans de minimisation.<br><br>Nous sommes \u00e9galement en mesure de recruter des leaders d'opinion cl\u00e9s pour les comit\u00e9s d'\u00e9v\u00e9nements cliniques (CEC) et les comit\u00e9s de surveillance de la s\u00e9curit\u00e9 des m\u00e9dicaments (DSMB, Drug Safety Monitoring Boards). Le personnel de ClinSearch peut r\u00e9diger les manuels, g\u00e9rer les r\u00e9unions et assurer l'\u00e9valuation des crit\u00e8res d'\u00e9valuation. Il est possible de recueillir les r\u00e9sultats de l'\u00e9valuation en ligne depuis n'importe o\u00f9 dans le monde gr\u00e2ce \u00e0 une extension <a href=\"http:\/\/edclin.com\/\" style=\"color:#0077c8\"><b>EDClin<sup>TM<\/sup><\/b><\/a>.<br><br>Le minist\u00e8re peut \u00e9laborer des SOP et des outils personnalis\u00e9s pour la production de rapports sur la s\u00e9curit\u00e9 et la gestion.<\/p>\t\t\t\t<\/div>\n\t\t\t\t<\/div>\n\t\t\t\t<div class=\"elementor-element elementor-element-bf94cdc elementor-widget__width-inherit elementor-widget elementor-widget-heading\" data-id=\"bf94cdc\" data-element_type=\"widget\" data-widget_type=\"heading.default\">\n\t\t\t\t<div class=\"elementor-widget-container\">\n\t\t\t\t\t<p class=\"elementor-heading-title elementor-size-default\"><div style=\"margin-top: 1.2em;padding: 1em;background-color: #f0f8ff;border-left: 4px solid #0077c8;line-height: 1.4\">\n  <b>Optimisez vos rapports de s\u00e9curit\u00e9 et votre gestion des risques<\/b><br>\n  <a href=\"https:\/\/www.clinsearch.net\/fr\/contact\/\" style=\"color:#0077c8;font-weight:bold\">Contactez nous,<\/a> nous sommes l\u00e0 pour vous aider dans vos rapports de s\u00e9curit\u00e9, l'\u00e9laboration de proc\u00e9dures op\u00e9rationnelles standardis\u00e9es et la gestion des comit\u00e9s.\n<\/div>\n<\/p>\t\t\t\t<\/div>\n\t\t\t\t<\/div>\n\t\t\t\t<\/div>\n\t\t\t\t<\/div>\n\t\t\t\t<\/div>\n\t\t\t\t<\/div>\n\t\t<div class=\"elementor-element elementor-element-558d30fc e-con-full e-flex e-con e-child\" data-id=\"558d30fc\" data-element_type=\"container\">\n\t\t<div class=\"elementor-element elementor-element-12f30c37 e-con-full e-flex e-con e-child\" data-id=\"12f30c37\" data-element_type=\"container\">\n\t\t<div class=\"elementor-element elementor-element-2de8efc4 e-flex e-con-boxed e-con e-child\" data-id=\"2de8efc4\" data-element_type=\"container\">\n\t\t\t\t\t<div class=\"e-con-inner\">\n\t\t<div class=\"elementor-element elementor-element-4645ff36 e-con-full e-flex e-con e-child\" data-id=\"4645ff36\" data-element_type=\"container\">\n\t\t\t\t<div class=\"elementor-element elementor-element-2ab8d1da elementor-widget__width-inherit elementor-widget elementor-widget-heading\" data-id=\"2ab8d1da\" data-element_type=\"widget\" data-widget_type=\"heading.default\">\n\t\t\t\t<div class=\"elementor-widget-container\">\n\t\t\t\t\t<h4 class=\"elementor-heading-title elementor-size-default\">Nos solutions<\/h4>\t\t\t\t<\/div>\n\t\t\t\t<\/div>\n\t\t\t\t<div class=\"elementor-element elementor-element-12e9e9b6 elementor-widget__width-inherit elementor-widget elementor-widget-heading\" data-id=\"12e9e9b6\" data-element_type=\"widget\" data-widget_type=\"heading.default\">\n\t\t\t\t<div class=\"elementor-widget-container\">\n\t\t\t\t\t<p class=\"elementor-heading-title elementor-size-default\">Plan de gestion des risques<br>\nPlan de gestion des risques<br>\nPrise en charge des effets ind\u00e9sirables des m\u00e9dicaments<br>\nGestion des \u00e9v\u00e9nements ind\u00e9sirables graves<br>\nRapports aux AC et EC<br>\nGestion du CEC et du DSMB<br>\nRevue m\u00e9dicale<br>\nCodage MedDRA<br>\nRapports de cas &amp; rapports p\u00e9riodiques de s\u00e9curit\u00e9<br>\nContr\u00f4le de qualit\u00e9<\/p>\t\t\t\t<\/div>\n\t\t\t\t<\/div>\n\t\t\t\t<\/div>\n\t\t<div class=\"elementor-element elementor-element-305a3f8d e-con-full e-flex e-con e-child\" data-id=\"305a3f8d\" data-element_type=\"container\">\n\t\t\t\t<div class=\"elementor-element elementor-element-12a8de79 elementor-widget__width-inherit elementor-widget elementor-widget-heading\" data-id=\"12a8de79\" data-element_type=\"widget\" data-widget_type=\"heading.default\">\n\t\t\t\t<div class=\"elementor-widget-container\">\n\t\t\t\t\t<h4 class=\"elementor-heading-title elementor-size-default\">Ressources<\/h4>\t\t\t\t<\/div>\n\t\t\t\t<\/div>\n\t\t\t\t<div class=\"elementor-element elementor-element-2a32847b elementor-widget__width-inherit elementor-widget elementor-widget-heading\" data-id=\"2a32847b\" data-element_type=\"widget\" data-widget_type=\"heading.default\">\n\t\t\t\t<div class=\"elementor-widget-container\">\n\t\t\t\t\t<p class=\"elementor-heading-title elementor-size-default\">Directrice senior des op\u00e9rations cliniques<br>M\u00e9decin sp\u00e9cialiste de la vigilance<br>Sp\u00e9cialiste de la pharmacovigilance (Docteur en pharmacie)<br>Responsable QARA<br>Codeurs MedDRA<\/p>\t\t\t\t<\/div>\n\t\t\t\t<\/div>\n\t\t\t\t<\/div>\n\t\t<div class=\"elementor-element elementor-element-1c9b6802 e-con-full e-flex e-con e-child\" data-id=\"1c9b6802\" data-element_type=\"container\">\n\t\t\t\t<div class=\"elementor-element elementor-element-1c8631ab elementor-widget__width-inherit elementor-widget elementor-widget-heading\" data-id=\"1c8631ab\" data-element_type=\"widget\" data-widget_type=\"heading.default\">\n\t\t\t\t<div class=\"elementor-widget-container\">\n\t\t\t\t\t<h4 class=\"elementor-heading-title elementor-size-default\">Activit\u00e9s<\/h4>\t\t\t\t<\/div>\n\t\t\t\t<\/div>\n\t\t\t\t<div class=\"elementor-element elementor-element-4c891569 elementor-widget__width-inherit elementor-widget elementor-widget-heading\" data-id=\"4c891569\" data-element_type=\"widget\" data-widget_type=\"heading.default\">\n\t\t\t\t<div class=\"elementor-widget-container\">\n\t\t\t\t\t<p class=\"elementor-heading-title elementor-size-default translation-block\">Rapports AE et EPE<br>Codage MedDRA<br>Rapports de s\u00e9curit\u00e9<\/p>\t\t\t\t<\/div>\n\t\t\t\t<\/div>\n\t\t\t\t<\/div>\n\t\t<div class=\"elementor-element elementor-element-1003b24b e-con-full e-flex e-con e-child\" data-id=\"1003b24b\" data-element_type=\"container\">\n\t\t\t\t<div class=\"elementor-element elementor-element-36f40c58 elementor-widget__width-inherit elementor-widget elementor-widget-heading\" data-id=\"36f40c58\" data-element_type=\"widget\" data-widget_type=\"heading.default\">\n\t\t\t\t<div class=\"elementor-widget-container\">\n\t\t\t\t\t<h4 class=\"elementor-heading-title elementor-size-default\">Standards<\/h4>\t\t\t\t<\/div>\n\t\t\t\t<\/div>\n\t\t\t\t<div class=\"elementor-element elementor-element-59c7f2d7 elementor-widget__width-inherit elementor-widget elementor-widget-heading\" data-id=\"59c7f2d7\" data-element_type=\"widget\" data-widget_type=\"heading.default\">\n\t\t\t\t<div class=\"elementor-widget-container\">\n\t\t\t\t\t<p class=\"elementor-heading-title elementor-size-default\"><a href=\"https:\/\/www.ema.europa.eu\/en\/human-regulatory-overview\/research-development\/pharmacovigilance-research-development\/eudravigilance\">Eudravigilance<\/a><br><a href=\"http:\/\/ec.europa.eu\/growth\/sectors\/medical-devices\/guidance_en\">MEDDEV<\/a><br><a href=\"https:\/\/www.meddra.org\/\">MedDRA<\/a><\/p>\t\t\t\t<\/div>\n\t\t\t\t<\/div>\n\t\t\t\t<\/div>\n\t\t\t\t\t<\/div>\n\t\t\t\t<\/div>\n\t\t<div class=\"elementor-element elementor-element-f13a19b e-con-full e-flex e-con e-child\" data-id=\"f13a19b\" data-element_type=\"container\">\n\t\t\t\t<\/div>\n\t\t\t\t<\/div>\n\t\t\t\t<\/div>\n\t\t\t\t<\/div>\n\t\t\t\t<\/div>\n\t\t\t\t<\/div>","protected":false},"excerpt":{"rendered":"<p>Our brands &#038;\u00a0services Early Access Programs CRO Services Data Collection Independent Committees Market Access &#038; HEOR Medicine Acceptability Quality Assurance Safety Reporting Medical Writing &amp; Data Valorization MedTech Certification Support Early Access Programs CRO Services Data Collection Independent Committees Market Access &#038; HEOR Medicine Acceptability Quality Assurance Safety Reporting Medical Writing &amp; Data Valorization MedTech [&hellip;]<\/p>","protected":false},"author":3,"featured_media":0,"parent":0,"menu_order":0,"comment_status":"closed","ping_status":"closed","template":"full-width.php","meta":{"_acf_changed":false,"footnotes":""},"class_list":["post-2487","page","type-page","status-publish","hentry"],"acf":[],"yoast_head":"<!-- This site is optimized with the Yoast SEO plugin v26.2 - https:\/\/yoast.com\/wordpress\/plugins\/seo\/ -->\n<title>Clinical Trial Safety Reporting | ClinSearch<\/title>\n<meta name=\"description\" content=\"ClinSearch offers clinical trial safety reporting, including SAE handling, MedDRA coding, risk management plans, and expert-led adjudication.\" \/>\n<meta name=\"robots\" content=\"index, follow, max-snippet:-1, max-image-preview:large, max-video-preview:-1\" \/>\n<link rel=\"canonical\" href=\"https:\/\/www.clinsearch.net\/fr\/clinical-trial-safety-reporting\/\" \/>\n<meta property=\"og:locale\" content=\"fr_FR\" \/>\n<meta property=\"og:type\" content=\"article\" \/>\n<meta property=\"og:title\" content=\"Clinical Trial Safety Reporting | ClinSearch\" \/>\n<meta property=\"og:description\" content=\"ClinSearch offers clinical trial safety reporting, including SAE handling, MedDRA coding, risk management plans, and expert-led adjudication.\" \/>\n<meta property=\"og:url\" content=\"https:\/\/www.clinsearch.net\/fr\/clinical-trial-safety-reporting\/\" \/>\n<meta property=\"og:site_name\" content=\"ClinSearch\" \/>\n<meta property=\"article:modified_time\" content=\"2025-12-09T13:08:55+00:00\" \/>\n<meta name=\"twitter:card\" content=\"summary_large_image\" \/>\n<meta name=\"twitter:label1\" content=\"Dur\u00e9e de lecture estim\u00e9e\" \/>\n\t<meta name=\"twitter:data1\" content=\"2 minutes\" \/>\n<script type=\"application\/ld+json\" class=\"yoast-schema-graph\">{\"@context\":\"https:\/\/schema.org\",\"@graph\":[{\"@type\":\"WebPage\",\"@id\":\"https:\/\/www.clinsearch.net\/clinical-trial-safety-reporting\/\",\"url\":\"https:\/\/www.clinsearch.net\/clinical-trial-safety-reporting\/\",\"name\":\"Clinical Trial Safety Reporting | ClinSearch\",\"isPartOf\":{\"@id\":\"https:\/\/dev-www.clinsearch.eu\/#website\"},\"datePublished\":\"2024-06-28T08:59:25+00:00\",\"dateModified\":\"2025-12-09T13:08:55+00:00\",\"description\":\"ClinSearch offers clinical trial safety reporting, including SAE handling, MedDRA coding, risk management plans, and expert-led adjudication.\",\"breadcrumb\":{\"@id\":\"https:\/\/www.clinsearch.net\/clinical-trial-safety-reporting\/#breadcrumb\"},\"inLanguage\":\"fr-FR\",\"potentialAction\":[{\"@type\":\"ReadAction\",\"target\":[\"https:\/\/www.clinsearch.net\/clinical-trial-safety-reporting\/\"]}]},{\"@type\":\"BreadcrumbList\",\"@id\":\"https:\/\/www.clinsearch.net\/clinical-trial-safety-reporting\/#breadcrumb\",\"itemListElement\":[{\"@type\":\"ListItem\",\"position\":1,\"name\":\"Home\",\"item\":\"https:\/\/www.clinsearch.net\/\"},{\"@type\":\"ListItem\",\"position\":2,\"name\":\"Safety Reporting\"}]},{\"@type\":\"WebSite\",\"@id\":\"https:\/\/dev-www.clinsearch.eu\/#website\",\"url\":\"https:\/\/dev-www.clinsearch.eu\/\",\"name\":\"ClinSearch\",\"description\":\"\",\"potentialAction\":[{\"@type\":\"SearchAction\",\"target\":{\"@type\":\"EntryPoint\",\"urlTemplate\":\"https:\/\/dev-www.clinsearch.eu\/?s={search_term_string}\"},\"query-input\":{\"@type\":\"PropertyValueSpecification\",\"valueRequired\":true,\"valueName\":\"search_term_string\"}}],\"inLanguage\":\"fr-FR\"}]}<\/script>\n<!-- \/ Yoast SEO plugin. -->","yoast_head_json":{"title":"Clinical Trial Safety Reporting | ClinSearch","description":"ClinSearch offers clinical trial safety reporting, including SAE handling, MedDRA coding, risk management plans, and expert-led adjudication.","robots":{"index":"index","follow":"follow","max-snippet":"max-snippet:-1","max-image-preview":"max-image-preview:large","max-video-preview":"max-video-preview:-1"},"canonical":"https:\/\/www.clinsearch.net\/fr\/clinical-trial-safety-reporting\/","og_locale":"fr_FR","og_type":"article","og_title":"Clinical Trial Safety Reporting | ClinSearch","og_description":"ClinSearch offers clinical trial safety reporting, including SAE handling, MedDRA coding, risk management plans, and expert-led adjudication.","og_url":"https:\/\/www.clinsearch.net\/fr\/clinical-trial-safety-reporting\/","og_site_name":"ClinSearch","article_modified_time":"2025-12-09T13:08:55+00:00","twitter_card":"summary_large_image","twitter_misc":{"Dur\u00e9e de lecture estim\u00e9e":"2 minutes"},"schema":{"@context":"https:\/\/schema.org","@graph":[{"@type":"WebPage","@id":"https:\/\/www.clinsearch.net\/clinical-trial-safety-reporting\/","url":"https:\/\/www.clinsearch.net\/clinical-trial-safety-reporting\/","name":"Clinical Trial Safety Reporting | ClinSearch","isPartOf":{"@id":"https:\/\/dev-www.clinsearch.eu\/#website"},"datePublished":"2024-06-28T08:59:25+00:00","dateModified":"2025-12-09T13:08:55+00:00","description":"ClinSearch offers clinical trial safety reporting, including SAE handling, MedDRA coding, risk management plans, and expert-led adjudication.","breadcrumb":{"@id":"https:\/\/www.clinsearch.net\/clinical-trial-safety-reporting\/#breadcrumb"},"inLanguage":"fr-FR","potentialAction":[{"@type":"ReadAction","target":["https:\/\/www.clinsearch.net\/clinical-trial-safety-reporting\/"]}]},{"@type":"BreadcrumbList","@id":"https:\/\/www.clinsearch.net\/clinical-trial-safety-reporting\/#breadcrumb","itemListElement":[{"@type":"ListItem","position":1,"name":"Home","item":"https:\/\/www.clinsearch.net\/"},{"@type":"ListItem","position":2,"name":"Safety Reporting"}]},{"@type":"WebSite","@id":"https:\/\/dev-www.clinsearch.eu\/#website","url":"https:\/\/dev-www.clinsearch.eu\/","name":"ClinSearch","description":"","potentialAction":[{"@type":"SearchAction","target":{"@type":"EntryPoint","urlTemplate":"https:\/\/dev-www.clinsearch.eu\/?s={search_term_string}"},"query-input":{"@type":"PropertyValueSpecification","valueRequired":true,"valueName":"search_term_string"}}],"inLanguage":"fr-FR"}]}},"_links":{"self":[{"href":"https:\/\/www.clinsearch.net\/fr\/wp-json\/wp\/v2\/pages\/2487","targetHints":{"allow":["GET"]}}],"collection":[{"href":"https:\/\/www.clinsearch.net\/fr\/wp-json\/wp\/v2\/pages"}],"about":[{"href":"https:\/\/www.clinsearch.net\/fr\/wp-json\/wp\/v2\/types\/page"}],"author":[{"embeddable":true,"href":"https:\/\/www.clinsearch.net\/fr\/wp-json\/wp\/v2\/users\/3"}],"replies":[{"embeddable":true,"href":"https:\/\/www.clinsearch.net\/fr\/wp-json\/wp\/v2\/comments?post=2487"}],"version-history":[{"count":238,"href":"https:\/\/www.clinsearch.net\/fr\/wp-json\/wp\/v2\/pages\/2487\/revisions"}],"predecessor-version":[{"id":15806,"href":"https:\/\/www.clinsearch.net\/fr\/wp-json\/wp\/v2\/pages\/2487\/revisions\/15806"}],"wp:attachment":[{"href":"https:\/\/www.clinsearch.net\/fr\/wp-json\/wp\/v2\/media?parent=2487"}],"curies":[{"name":"wp","href":"https:\/\/api.w.org\/{rel}","templated":true}]}}