{"id":3133,"date":"2024-07-03T15:27:10","date_gmt":"2024-07-03T13:27:10","guid":{"rendered":"http:\/\/localhost\/wordpress\/?page_id=3133"},"modified":"2026-01-08T12:19:54","modified_gmt":"2026-01-08T11:19:54","slug":"carriere-recherche-clinique-clinsearch","status":"publish","type":"page","link":"https:\/\/www.clinsearch.net\/fr\/carriere-recherche-clinique-clinsearch\/","title":{"rendered":"Carri\u00e8res"},"content":{"rendered":"<div data-elementor-type=\"wp-page\" data-elementor-id=\"3133\" class=\"elementor elementor-3133\">\n\t\t\t\t<div class=\"elementor-element elementor-element-43ec263 e-con-full e-flex e-con e-parent\" data-id=\"43ec263\" data-element_type=\"container\">\n\t\t<div class=\"elementor-element elementor-element-3dbbb25 e-con-full e-flex e-con e-child\" data-id=\"3dbbb25\" data-element_type=\"container\">\n\t\t<div class=\"elementor-element elementor-element-1af877f e-con-full e-flex e-con e-child\" data-id=\"1af877f\" data-element_type=\"container\">\n\t\t<div class=\"elementor-element elementor-element-6d42ca9 e-con-full e-flex e-con e-child\" data-id=\"6d42ca9\" data-element_type=\"container\">\n\t\t\t\t<div class=\"elementor-element elementor-element-8b1e31f elementor-widget elementor-widget-text-editor\" data-id=\"8b1e31f\" data-element_type=\"widget\" data-widget_type=\"text-editor.default\">\n\t\t\t\t<div class=\"elementor-widget-container\">\n\t\t\t\t\t\t\t\t\t<p><span style=\"background: linear-gradient(#d9d9d9, #d9d9d9) 0 90% \/ 100% 8px no-repeat;\"><span style=\"text-align: var(--text-align); letter-spacing: var( --e-global-typography-primary-letter-spacing );\">Carri\u00e8res<\/span><\/span><\/p>\t\t\t\t\t\t\t\t<\/div>\n\t\t\t\t<\/div>\n\t\t<div class=\"elementor-element elementor-element-1471bde e-con-full e-flex e-con e-child\" data-id=\"1471bde\" data-element_type=\"container\">\n\t\t\t\t<div class=\"elementor-element elementor-element-02b15d3 elementor-widget__width-inherit elementor-widget elementor-widget-heading\" data-id=\"02b15d3\" data-element_type=\"widget\" data-widget_type=\"heading.default\">\n\t\t\t\t<div class=\"elementor-widget-container\">\n\t\t\t\t\t<h1 class=\"elementor-heading-title elementor-size-default\">Rejoignez notre \u00e9quipe<\/h1>\t\t\t\t<\/div>\n\t\t\t\t<\/div>\n\t\t<div class=\"elementor-element elementor-element-75df04c e-con-full e-flex e-con e-child\" data-id=\"75df04c\" data-element_type=\"container\">\n\t\t\t\t<div class=\"elementor-element elementor-element-5aa7aa2 elementor-widget elementor-widget-heading\" data-id=\"5aa7aa2\" data-element_type=\"widget\" data-widget_type=\"heading.default\">\n\t\t\t\t<div class=\"elementor-widget-container\">\n\t\t\t\t\t<p class=\"elementor-heading-title elementor-size-default\">Chez ClinSearch, nous sommes constamment \u00e0 la recherche de professionnels passionn\u00e9s pr\u00eats \u00e0 fa\u00e7onner l'avenir\nde la recherche clinique.<br><br>\n\nClinSearch est une CRO <a href=\"https:\/\/www.clinsearch.net\/fr\/clinsearch-clinical-research-company\/\" style=\"color:#0077c8\"><b>\u00e0 taille humaine<\/b><\/a> o\u00f9 chaque voix compte et o\u00f9 chaque id\u00e9e a le potentiel de stimuler l'innovation. Nous favorisons un environnement collaboratif qui soutient le d\u00e9veloppement professionnel, valorise l'initiative et encourage l'apprentissage continu.\nPr\u00eat \u00e0 \u00e9voluer au sein d'une CRO avec de fortes valeurs ? <br><br>\n\nExplore current oportunities below and on ClinSearch's <a href=\"https:\/\/www.linkedin.com\/company\/clinsearch\" style=\"color:#0077c8\"><b>Profil Linkedin<\/b><\/a> et rejoignez une entreprise qui valorise l'int\u00e9grit\u00e9, l'innovation et la collaboration.<\/p>\t\t\t\t<\/div>\n\t\t\t\t<\/div>\n\t\t\t\t<div class=\"elementor-element elementor-element-0c84db3 elementor-widget elementor-widget-raven-posts\" data-id=\"0c84db3\" data-element_type=\"widget\" data-settings=\"{&quot;query_posts_per_page&quot;:10,&quot;_skin&quot;:&quot;cover&quot;,&quot;cover_columns&quot;:&quot;1&quot;,&quot;cover_layout&quot;:&quot;grid&quot;,&quot;cover_columns_tablet&quot;:&quot;2&quot;,&quot;cover_columns_mobile&quot;:&quot;1&quot;,&quot;query_offset&quot;:0}\" data-widget_type=\"raven-posts.cover\">\n\t\t\t\t<div class=\"elementor-widget-container\">\n\t\t\t\t\t\t\t<div class=\"raven-posts raven-grid raven-grid-1 raven-grid-mobile-1 raven-grid-mobile_extra- raven-grid-tablet-2 raven-grid-laptop- raven-grid-widescreen-\" data-post-id=\"3133\" data-archive-query=\"\" data-lang=\"\">\n\t\t\t\t<div class=\"raven-grid-item raven-post-item post-15926 post type-post status-publish format-standard hentry category-job\">\n\t\t\t<div class=\"raven-post raven-post-inside\">\n\t\t\t\t\t\t\t\t\t<div class=\"raven-post-content\">\n\t\t\t\t\t\t<h4 class=\"raven-post-title\"><a class=\"raven-post-title-link\" href=\"https:\/\/www.clinsearch.net\/fr\/2026\/04\/10\/clinical-research-associate-cra-german-french-speaking\/\">Clinical Research Associate (CRA) \u2013 German &amp; French Speaking<\/a><\/h4>\t\t<div class=\"raven-post-meta\"><a class=\"raven-post-meta-item raven-post-date\" href=\"https:\/\/www.clinsearch.net\/fr\/2026\/04\/\" rel=\"bookmark\">10\/04\/2026<\/a><\/div>\n\t\t\t\t<div class=\"raven-post-read-more\">\n\t\t\t<a class=\"raven-post-button\" href=\"https:\/\/www.clinsearch.net\/fr\/2026\/04\/10\/clinical-research-associate-cra-german-french-speaking\/\"><span class=\"raven-post-button-text\">Read More<\/span><\/a>\n\t\t<\/div>\n\t\t\t\t\t\t\t<\/div>\n\t\t\t\t\t\t\t\t<\/div>\n\t\t<\/div>\n\t\t\t\t<div class=\"raven-grid-item raven-post-item post-15881 post type-post status-publish format-standard hentry category-job\">\n\t\t\t<div class=\"raven-post raven-post-inside\">\n\t\t\t\t\t\t\t\t\t<div class=\"raven-post-content\">\n\t\t\t\t\t\t<h4 class=\"raven-post-title\"><a class=\"raven-post-title-link\" href=\"https:\/\/www.clinsearch.net\/fr\/2026\/01\/08\/sr-business-development-marketing-manager\/\">Sr Business Development and Marketing Manager \u2013 Clinical Research<\/a><\/h4>\t\t<div class=\"raven-post-meta\"><a class=\"raven-post-meta-item raven-post-date\" href=\"https:\/\/www.clinsearch.net\/fr\/2026\/01\/\" rel=\"bookmark\">08\/01\/2026<\/a><\/div>\n\t\t\t\t<div class=\"raven-post-read-more\">\n\t\t\t<a class=\"raven-post-button\" href=\"https:\/\/www.clinsearch.net\/fr\/2026\/01\/08\/sr-business-development-marketing-manager\/\"><span class=\"raven-post-button-text\">Read More<\/span><\/a>\n\t\t<\/div>\n\t\t\t\t\t\t\t<\/div>\n\t\t\t\t\t\t\t\t<\/div>\n\t\t<\/div>\n\t\t\t\t<\/div>\n\t\t\t\t\t\t<\/div>\n\t\t\t\t<\/div>\n\t\t\t\t<div class=\"elementor-element elementor-element-f064dcd elementor-widget elementor-widget-image\" data-id=\"f064dcd\" data-element_type=\"widget\" data-widget_type=\"image.default\">\n\t\t\t\t<div class=\"elementor-widget-container\">\n\t\t\t\t\t\t\t\t\t\t\t\t\t\t\t<img fetchpriority=\"high\" decoding=\"async\" width=\"1024\" height=\"678\" src=\"https:\/\/www.clinsearch.net\/wp-content\/uploads\/2025\/09\/ClinSearch-Office-1024x678.webp\" class=\"attachment-large size-large wp-image-15542\" alt=\"Exterior view of ClinSearch offices in Malakoff, welcoming and professional workplace for applicants\" srcset=\"https:\/\/www.clinsearch.net\/wp-content\/uploads\/2025\/09\/ClinSearch-Office-1024x678.webp 1024w, https:\/\/www.clinsearch.net\/wp-content\/uploads\/2025\/09\/ClinSearch-Office-300x199.webp 300w, https:\/\/www.clinsearch.net\/wp-content\/uploads\/2025\/09\/ClinSearch-Office-768x509.webp 768w, https:\/\/www.clinsearch.net\/wp-content\/uploads\/2025\/09\/ClinSearch-Office-18x12.webp 18w, https:\/\/www.clinsearch.net\/wp-content\/uploads\/2025\/09\/ClinSearch-Office-24x16.webp 24w, https:\/\/www.clinsearch.net\/wp-content\/uploads\/2025\/09\/ClinSearch-Office-36x24.webp 36w, https:\/\/www.clinsearch.net\/wp-content\/uploads\/2025\/09\/ClinSearch-Office-48x32.webp 48w, https:\/\/www.clinsearch.net\/wp-content\/uploads\/2025\/09\/ClinSearch-Office.webp 1360w\" sizes=\"(max-width: 1024px) 100vw, 1024px\" \/>\t\t\t\t\t\t\t\t\t\t\t\t\t\t\t<\/div>\n\t\t\t\t<\/div>\n\t\t\t\t<\/div>\n\t\t\t\t<\/div>\n\t\t\t\t<\/div>\n\t\t\t\t<\/div>\n\t\t\t\t<\/div>\n\t\t\t\t<\/div>\n\t\t\t\t<\/div>","protected":false},"excerpt":{"rendered":"<p>Careers Join our team Looking for Clinical Research Career Opportunities at ClinSearch? You\u2019ve come to the right place. At ClinSearch, we\u2019re always looking for passionate professionals ready to shape the future of clinical research. ClinSearch is a human-sized CRO where every voice counts and every idea has the potential to drive innovation. We foster a [&hellip;]<\/p>","protected":false},"author":3,"featured_media":0,"parent":0,"menu_order":0,"comment_status":"closed","ping_status":"closed","template":"full-width.php","meta":{"_acf_changed":false,"footnotes":""},"class_list":["post-3133","page","type-page","status-publish","hentry"],"acf":[],"yoast_head":"<!-- This site is optimized with the Yoast SEO plugin v26.2 - https:\/\/yoast.com\/wordpress\/plugins\/seo\/ -->\n<title>Clinical Research Career Opportunities at ClinSearch<\/title>\n<meta name=\"description\" content=\"Explore clinical research career opportunities at ClinSearch\u2014a values-driven CRO hiring passionate professionals in clinical trials.\" \/>\n<meta name=\"robots\" content=\"index, follow, max-snippet:-1, max-image-preview:large, max-video-preview:-1\" \/>\n<link rel=\"canonical\" href=\"https:\/\/www.clinsearch.net\/fr\/carriere-recherche-clinique-clinsearch\/\" \/>\n<meta property=\"og:locale\" content=\"fr_FR\" \/>\n<meta property=\"og:type\" content=\"article\" \/>\n<meta property=\"og:title\" content=\"Clinical Research Career Opportunities at ClinSearch\" \/>\n<meta property=\"og:description\" content=\"Explore clinical research career opportunities at ClinSearch\u2014a values-driven CRO hiring passionate professionals in clinical trials.\" \/>\n<meta property=\"og:url\" content=\"https:\/\/www.clinsearch.net\/fr\/carriere-recherche-clinique-clinsearch\/\" \/>\n<meta property=\"og:site_name\" content=\"ClinSearch\" \/>\n<meta property=\"article:modified_time\" content=\"2026-01-08T11:19:54+00:00\" \/>\n<meta property=\"og:image\" content=\"https:\/\/www.clinsearch.net\/wp-content\/uploads\/2025\/09\/ClinSearch-Office.webp\" \/>\n\t<meta property=\"og:image:width\" content=\"1360\" \/>\n\t<meta property=\"og:image:height\" content=\"901\" \/>\n\t<meta property=\"og:image:type\" content=\"image\/webp\" \/>\n<meta name=\"twitter:card\" content=\"summary_large_image\" \/>\n<meta name=\"twitter:label1\" content=\"Dur\u00e9e de lecture estim\u00e9e\" \/>\n\t<meta name=\"twitter:data1\" content=\"1 minute\" \/>\n<script type=\"application\/ld+json\" class=\"yoast-schema-graph\">{\"@context\":\"https:\/\/schema.org\",\"@graph\":[{\"@type\":\"WebPage\",\"@id\":\"https:\/\/www.clinsearch.net\/clinical-research-career-opportunities-clinsearch\/\",\"url\":\"https:\/\/www.clinsearch.net\/clinical-research-career-opportunities-clinsearch\/\",\"name\":\"Clinical Research Career Opportunities at ClinSearch\",\"isPartOf\":{\"@id\":\"https:\/\/dev-www.clinsearch.eu\/#website\"},\"primaryImageOfPage\":{\"@id\":\"https:\/\/www.clinsearch.net\/clinical-research-career-opportunities-clinsearch\/#primaryimage\"},\"image\":{\"@id\":\"https:\/\/www.clinsearch.net\/clinical-research-career-opportunities-clinsearch\/#primaryimage\"},\"thumbnailUrl\":\"https:\/\/www.clinsearch.net\/wp-content\/uploads\/2025\/09\/ClinSearch-Office-1024x678.webp\",\"datePublished\":\"2024-07-03T13:27:10+00:00\",\"dateModified\":\"2026-01-08T11:19:54+00:00\",\"description\":\"Explore clinical research career opportunities at ClinSearch\u2014a values-driven CRO hiring passionate professionals in clinical trials.\",\"breadcrumb\":{\"@id\":\"https:\/\/www.clinsearch.net\/clinical-research-career-opportunities-clinsearch\/#breadcrumb\"},\"inLanguage\":\"fr-FR\",\"potentialAction\":[{\"@type\":\"ReadAction\",\"target\":[\"https:\/\/www.clinsearch.net\/clinical-research-career-opportunities-clinsearch\/\"]}]},{\"@type\":\"ImageObject\",\"inLanguage\":\"fr-FR\",\"@id\":\"https:\/\/www.clinsearch.net\/clinical-research-career-opportunities-clinsearch\/#primaryimage\",\"url\":\"https:\/\/www.clinsearch.net\/wp-content\/uploads\/2025\/09\/ClinSearch-Office-1024x678.webp\",\"contentUrl\":\"https:\/\/www.clinsearch.net\/wp-content\/uploads\/2025\/09\/ClinSearch-Office-1024x678.webp\"},{\"@type\":\"BreadcrumbList\",\"@id\":\"https:\/\/www.clinsearch.net\/clinical-research-career-opportunities-clinsearch\/#breadcrumb\",\"itemListElement\":[{\"@type\":\"ListItem\",\"position\":1,\"name\":\"Home\",\"item\":\"https:\/\/www.clinsearch.net\/\"},{\"@type\":\"ListItem\",\"position\":2,\"name\":\"Careers\"}]},{\"@type\":\"WebSite\",\"@id\":\"https:\/\/dev-www.clinsearch.eu\/#website\",\"url\":\"https:\/\/dev-www.clinsearch.eu\/\",\"name\":\"ClinSearch\",\"description\":\"\",\"potentialAction\":[{\"@type\":\"SearchAction\",\"target\":{\"@type\":\"EntryPoint\",\"urlTemplate\":\"https:\/\/dev-www.clinsearch.eu\/?s={search_term_string}\"},\"query-input\":{\"@type\":\"PropertyValueSpecification\",\"valueRequired\":true,\"valueName\":\"search_term_string\"}}],\"inLanguage\":\"fr-FR\"}]}<\/script>\n<!-- \/ Yoast SEO plugin. -->","yoast_head_json":{"title":"Opportunit\u00e9s de carri\u00e8re en recherche clinique chez ClinSearch","description":"D\u00e9couvrez les opportunit\u00e9s de carri\u00e8re en recherche clinique chez ClinSearch \u2014 une CRO engag\u00e9e qui recrute des professionnels passionn\u00e9s par les essais cliniques.","robots":{"index":"index","follow":"follow","max-snippet":"max-snippet:-1","max-image-preview":"max-image-preview:large","max-video-preview":"max-video-preview:-1"},"canonical":"https:\/\/www.clinsearch.net\/fr\/carriere-recherche-clinique-clinsearch\/","og_locale":"fr_FR","og_type":"article","og_title":"Clinical Research Career Opportunities at ClinSearch","og_description":"Explore clinical research career opportunities at ClinSearch\u2014a values-driven CRO hiring passionate professionals in clinical trials.","og_url":"https:\/\/www.clinsearch.net\/fr\/carriere-recherche-clinique-clinsearch\/","og_site_name":"ClinSearch","article_modified_time":"2026-01-08T11:19:54+00:00","og_image":[{"width":1360,"height":901,"url":"https:\/\/www.clinsearch.net\/wp-content\/uploads\/2025\/09\/ClinSearch-Office.webp","type":"image\/webp"}],"twitter_card":"summary_large_image","twitter_misc":{"Dur\u00e9e de lecture estim\u00e9e":"1 minute"},"schema":{"@context":"https:\/\/schema.org","@graph":[{"@type":"WebPage","@id":"https:\/\/www.clinsearch.net\/clinical-research-career-opportunities-clinsearch\/","url":"https:\/\/www.clinsearch.net\/clinical-research-career-opportunities-clinsearch\/","name":"Opportunit\u00e9s de carri\u00e8re en recherche clinique chez ClinSearch","isPartOf":{"@id":"https:\/\/dev-www.clinsearch.eu\/#website"},"primaryImageOfPage":{"@id":"https:\/\/www.clinsearch.net\/clinical-research-career-opportunities-clinsearch\/#primaryimage"},"image":{"@id":"https:\/\/www.clinsearch.net\/clinical-research-career-opportunities-clinsearch\/#primaryimage"},"thumbnailUrl":"https:\/\/www.clinsearch.net\/wp-content\/uploads\/2025\/09\/ClinSearch-Office-1024x678.webp","datePublished":"2024-07-03T13:27:10+00:00","dateModified":"2026-01-08T11:19:54+00:00","description":"D\u00e9couvrez les opportunit\u00e9s de carri\u00e8re en recherche clinique chez ClinSearch \u2014 une CRO engag\u00e9e qui recrute des professionnels passionn\u00e9s par les essais cliniques.","breadcrumb":{"@id":"https:\/\/www.clinsearch.net\/clinical-research-career-opportunities-clinsearch\/#breadcrumb"},"inLanguage":"fr-FR","potentialAction":[{"@type":"ReadAction","target":["https:\/\/www.clinsearch.net\/clinical-research-career-opportunities-clinsearch\/"]}]},{"@type":"ImageObject","inLanguage":"fr-FR","@id":"https:\/\/www.clinsearch.net\/clinical-research-career-opportunities-clinsearch\/#primaryimage","url":"https:\/\/www.clinsearch.net\/wp-content\/uploads\/2025\/09\/ClinSearch-Office-1024x678.webp","contentUrl":"https:\/\/www.clinsearch.net\/wp-content\/uploads\/2025\/09\/ClinSearch-Office-1024x678.webp"},{"@type":"BreadcrumbList","@id":"https:\/\/www.clinsearch.net\/clinical-research-career-opportunities-clinsearch\/#breadcrumb","itemListElement":[{"@type":"ListItem","position":1,"name":"Home","item":"https:\/\/www.clinsearch.net\/"},{"@type":"ListItem","position":2,"name":"Careers"}]},{"@type":"WebSite","@id":"https:\/\/dev-www.clinsearch.eu\/#website","url":"https:\/\/dev-www.clinsearch.eu\/","name":"ClinSearch","description":"","potentialAction":[{"@type":"SearchAction","target":{"@type":"EntryPoint","urlTemplate":"https:\/\/dev-www.clinsearch.eu\/?s={search_term_string}"},"query-input":{"@type":"PropertyValueSpecification","valueRequired":true,"valueName":"search_term_string"}}],"inLanguage":"fr-FR"}]}},"_links":{"self":[{"href":"https:\/\/www.clinsearch.net\/fr\/wp-json\/wp\/v2\/pages\/3133","targetHints":{"allow":["GET"]}}],"collection":[{"href":"https:\/\/www.clinsearch.net\/fr\/wp-json\/wp\/v2\/pages"}],"about":[{"href":"https:\/\/www.clinsearch.net\/fr\/wp-json\/wp\/v2\/types\/page"}],"author":[{"embeddable":true,"href":"https:\/\/www.clinsearch.net\/fr\/wp-json\/wp\/v2\/users\/3"}],"replies":[{"embeddable":true,"href":"https:\/\/www.clinsearch.net\/fr\/wp-json\/wp\/v2\/comments?post=3133"}],"version-history":[{"count":414,"href":"https:\/\/www.clinsearch.net\/fr\/wp-json\/wp\/v2\/pages\/3133\/revisions"}],"predecessor-version":[{"id":15889,"href":"https:\/\/www.clinsearch.net\/fr\/wp-json\/wp\/v2\/pages\/3133\/revisions\/15889"}],"wp:attachment":[{"href":"https:\/\/www.clinsearch.net\/fr\/wp-json\/wp\/v2\/media?parent=3133"}],"curies":[{"name":"wp","href":"https:\/\/api.w.org\/{rel}","templated":true}]}}